{"id":16103,"date":"2021-01-31T13:48:42","date_gmt":"2021-01-31T13:48:42","guid":{"rendered":"https:\/\/yilkomer.com\/?post_type=product&#038;p=16103"},"modified":"2021-01-31T13:50:08","modified_gmt":"2021-01-31T13:50:08","slug":"esnek-flexible-baglanti-iletkenleri","status":"publish","type":"product","link":"https:\/\/yilkomer.com\/ru\/urun\/esnek-flexible-baglanti-iletkenleri\/","title":{"rendered":"Esnek (Flexible) Ba\u011flant\u0131 \u0130letkenleri"},"content":{"rendered":"","protected":false},"excerpt":{"rendered":"<p style=\"font-weight: 400;\">Yuvarlak \u0130letken Kesitleri : 6mm\u00b2 ,10mm\u00b2,16mm\u00b2,25mm\u00b2,35mm\u00b2,50mm\u00b2,95mm\u00b2<\/p>\n<p style=\"font-weight: 400;\">Yass\u0131 \u0130letken Kesitleri : 20x3mm, 25x3mm, 30x3mm, 25x5mm, 30x5mm<\/p>\n<p style=\"font-weight: 400;\">Kalay kapl\u0131 veya \u00e7\u0131plak bak\u0131r olarak \u00fcretimi ger\u00e7ekle\u015ftirilebilir. Yuvarlak veya yass\u0131 olarak iki alternatifi bulunmaktad\u0131r. \u00a0Yukar\u0131da yer alan kal\u0131nl\u0131k \u00f6l\u00e7\u00fclerinde, istenilen uzunluklarda haz\u0131rlanabilir.<br \/>\nDaha kolay ve k\u0131sa yoldan topraklama hatt\u0131na ba\u011flant\u0131 \u00e7ekilmesi i\u00e7in kullan\u0131lmaktad\u0131r. Olduk\u00e7a kullan\u0131\u015fl\u0131d\u0131r ve iki ucunda yer alan pabu\u00e7lar ile kolayl\u0131kla montaj edilebilir.<\/p>\n<p><strong>\u00dcR\u00dcN TALEP FORMU<\/strong><\/p>\n\n<div class=\"wpcf7 no-js\" id=\"wpcf7-f13461-o1\" lang=\"tr-TR\" dir=\"ltr\" data-wpcf7-id=\"13461\">\n<div class=\"screen-reader-response\"><p role=\"status\" aria-live=\"polite\" aria-atomic=\"true\"><\/p> <ul><\/ul><\/div>\n<form action=\"\/ru\/wp-json\/wp\/v2\/product\/16103#wpcf7-f13461-o1\" method=\"post\" class=\"wpcf7-form init\" aria-label=\"\u0130leti\u015fim Formu\" novalidate=\"novalidate\" data-status=\"init\">\n<fieldset class=\"hidden-fields-container\"><input type=\"hidden\" name=\"_wpcf7\" value=\"13461\" \/><input type=\"hidden\" name=\"_wpcf7_version\" value=\"6.1.5\" \/><input type=\"hidden\" name=\"_wpcf7_locale\" value=\"tr_TR\" \/><input type=\"hidden\" name=\"_wpcf7_unit_tag\" value=\"wpcf7-f13461-o1\" \/><input type=\"hidden\" name=\"_wpcf7_container_post\" value=\"0\" \/><input type=\"hidden\" name=\"_wpcf7_posted_data_hash\" value=\"\" \/><input type=\"hidden\" name=\"_wpcf7_recaptcha_response\" value=\"\" \/>\n<\/fieldset>\n<div class=\"column one-second\">\n\t<p><span class=\"wpcf7-form-control-wrap\" data-name=\"your-name\"><input size=\"40\" maxlength=\"400\" class=\"wpcf7-form-control wpcf7-text wpcf7-validates-as-required\" aria-required=\"true\" aria-invalid=\"false\" placeholder=\"Ad Soyad\" value=\"\" type=\"text\" name=\"your-name\" \/><\/span>\n\t<\/p>\n<\/div>\n<div class=\"column one-second\">\n\t<p><span class=\"wpcf7-form-control-wrap\" data-name=\"your-email\"><input size=\"40\" maxlength=\"400\" class=\"wpcf7-form-control wpcf7-email wpcf7-validates-as-required wpcf7-text wpcf7-validates-as-email\" aria-required=\"true\" aria-invalid=\"false\" placeholder=\"e-posta\" value=\"\" type=\"email\" name=\"your-email\" \/><\/span>\n\t<\/p>\n<\/div>\n<div class=\"column one\">\n\t<p><span class=\"wpcf7-form-control-wrap\" data-name=\"tel-196\"><input size=\"40\" maxlength=\"400\" class=\"wpcf7-form-control wpcf7-tel wpcf7-validates-as-required wpcf7-text wpcf7-validates-as-tel\" aria-required=\"true\" aria-invalid=\"false\" placeholder=\"Telefon\" value=\"\" type=\"tel\" name=\"tel-196\" \/><\/span>\n\t<\/p>\n<\/div>\n<div class=\"column one\">\n\t<p><span class=\"wpcf7-form-control-wrap\" data-name=\"text-637\"><input size=\"40\" maxlength=\"400\" class=\"wpcf7-form-control wpcf7-text wpcf7-validates-as-required\" aria-required=\"true\" aria-invalid=\"false\" placeholder=\"\u00dcr\u00fcn Ad\u0131\" value=\"\" type=\"text\" name=\"text-637\" \/><\/span>\n\t<\/p>\n<\/div>\n<div class=\"column one\">\n\t<p><span class=\"wpcf7-form-control-wrap\" data-name=\"your-message\"><textarea cols=\"40\" rows=\"5\" maxlength=\"2000\" class=\"wpcf7-form-control wpcf7-textarea\" aria-invalid=\"false\" placeholder=\"Mesaj\" name=\"your-message\"><\/textarea><\/span>\n\t<\/p>\n<\/div>\n<div class=\"column one\">\n\t<p><input class=\"wpcf7-form-control wpcf7-submit has-spinner button_full_width\" type=\"submit\" value=\"Teklif Al\" \/>\n\t<\/p>\n<\/div><div class=\"wpcf7-response-output\" aria-hidden=\"true\"><\/div>\n<\/form>\n<\/div>\n\n","protected":false},"featured_media":16105,"comment_status":"open","ping_status":"closed","template":"","meta":{"_joinchat":[]},"product_brand":[],"product_cat":[92],"product_tag":[],"class_list":{"0":"post-16103","1":"product","2":"type-product","3":"status-publish","4":"has-post-thumbnail","6":"product_cat-topraklama-merkezi","8":"first","9":"instock","10":"shipping-taxable","11":"product-type-simple"},"yoast_head":"<!-- This site is optimized with the Yoast SEO Premium plugin v19.2.1 (Yoast SEO v27.5) - https:\/\/yoast.com\/product\/yoast-seo-premium-wordpress\/ -->\n<title>Esnek (Flexible) Ba\u011flant\u0131 \u0130letkenleri | Y\u0131lkomer<\/title>\n<meta name=\"description\" content=\"Ta\u015f\u0131nabilir Mobil Paratoner Sistemi\" \/>\n<meta name=\"robots\" content=\"index, follow, max-snippet:-1, max-image-preview:large, max-video-preview:-1\" \/>\n<link rel=\"canonical\" href=\"https:\/\/yilkomer.com\/ru\/urun\/esnek-flexible-baglanti-iletkenleri\/\" \/>\n<meta property=\"og:locale\" content=\"ru_RU\" \/>\n<meta property=\"og:type\" content=\"article\" \/>\n<meta property=\"og:title\" content=\"Esnek (Flexible) Ba\u011flant\u0131 \u0130letkenleri\" \/>\n<meta property=\"og:description\" content=\"Yuvarlak \u0130letken Kesitleri : 6mm\u00b2 ,10mm\u00b2,16mm\u00b2,25mm\u00b2,35mm\u00b2,50mm\u00b2,95mm\u00b2 Yass\u0131 \u0130letken Kesitleri : 20x3mm, 25x3mm, 30x3mm, 25x5mm, 30x5mm Kalay kapl\u0131 veya \u00e7\u0131plak bak\u0131r olarak \u00fcretimi ger\u00e7ekle\u015ftirilebilir. Yuvarlak veya yass\u0131 olarak iki alternatifi bulunmaktad\u0131r. \u00a0Yukar\u0131da yer alan kal\u0131nl\u0131k \u00f6l\u00e7\u00fclerinde, istenilen uzunluklarda haz\u0131rlanabilir. Daha kolay ve k\u0131sa yoldan topraklama hatt\u0131na ba\u011flant\u0131 \u00e7ekilmesi i\u00e7in kullan\u0131lmaktad\u0131r. Olduk\u00e7a kullan\u0131\u015fl\u0131d\u0131r ve iki ucunda yer alan pabu\u00e7lar ile kolayl\u0131kla montaj edilebilir. \u00dcR\u00dcN TALEP FORMU\" \/>\n<meta property=\"og:url\" content=\"https:\/\/yilkomer.com\/ru\/urun\/esnek-flexible-baglanti-iletkenleri\/\" \/>\n<meta property=\"og:site_name\" content=\"Y\u0131lkomer\" \/>\n<meta property=\"article:modified_time\" content=\"2021-01-31T13:50:08+00:00\" \/>\n<meta property=\"og:image\" content=\"https:\/\/yilkomer.com\/wp-content\/uploads\/2021\/01\/Esnek-Flexible-Baglanti-Iletkenleri-2.jpg\" \/>\n\t<meta property=\"og:image:width\" content=\"290\" \/>\n\t<meta property=\"og:image:height\" content=\"246\" \/>\n\t<meta property=\"og:image:type\" content=\"image\/jpeg\" \/>\n<script type=\"application\/ld+json\" class=\"yoast-schema-graph\">{\"@context\":\"https:\\\/\\\/schema.org\",\"@graph\":[{\"@type\":\"WebPage\",\"@id\":\"https:\\\/\\\/yilkomer.com\\\/ru\\\/urun\\\/esnek-flexible-baglanti-iletkenleri\\\/\",\"url\":\"https:\\\/\\\/yilkomer.com\\\/ru\\\/urun\\\/esnek-flexible-baglanti-iletkenleri\\\/\",\"name\":\"Esnek (Flexible) Ba\u011flant\u0131 \u0130letkenleri | Y\u0131lkomer\",\"isPartOf\":{\"@id\":\"https:\\\/\\\/yilkomer.com\\\/ru\\\/#website\"},\"primaryImageOfPage\":{\"@id\":\"https:\\\/\\\/yilkomer.com\\\/ru\\\/urun\\\/esnek-flexible-baglanti-iletkenleri\\\/#primaryimage\"},\"image\":{\"@id\":\"https:\\\/\\\/yilkomer.com\\\/ru\\\/urun\\\/esnek-flexible-baglanti-iletkenleri\\\/#primaryimage\"},\"thumbnailUrl\":\"https:\\\/\\\/yilkomer.com\\\/wp-content\\\/uploads\\\/2021\\\/01\\\/Esnek-Flexible-Baglanti-Iletkenleri-2.jpg\",\"datePublished\":\"2021-01-31T13:48:42+00:00\",\"dateModified\":\"2021-01-31T13:50:08+00:00\",\"description\":\"Ta\u015f\u0131nabilir Mobil Paratoner Sistemi\",\"breadcrumb\":{\"@id\":\"https:\\\/\\\/yilkomer.com\\\/ru\\\/urun\\\/esnek-flexible-baglanti-iletkenleri\\\/#breadcrumb\"},\"inLanguage\":\"ru-RU\",\"potentialAction\":[{\"@type\":\"ReadAction\",\"target\":[\"https:\\\/\\\/yilkomer.com\\\/ru\\\/urun\\\/esnek-flexible-baglanti-iletkenleri\\\/\"]}]},{\"@type\":\"ImageObject\",\"inLanguage\":\"ru-RU\",\"@id\":\"https:\\\/\\\/yilkomer.com\\\/ru\\\/urun\\\/esnek-flexible-baglanti-iletkenleri\\\/#primaryimage\",\"url\":\"https:\\\/\\\/yilkomer.com\\\/wp-content\\\/uploads\\\/2021\\\/01\\\/Esnek-Flexible-Baglanti-Iletkenleri-2.jpg\",\"contentUrl\":\"https:\\\/\\\/yilkomer.com\\\/wp-content\\\/uploads\\\/2021\\\/01\\\/Esnek-Flexible-Baglanti-Iletkenleri-2.jpg\",\"width\":290,\"height\":246,\"caption\":\"Esnek Ba\u011flant\u0131 \u0130letkeni\"},{\"@type\":\"BreadcrumbList\",\"@id\":\"https:\\\/\\\/yilkomer.com\\\/ru\\\/urun\\\/esnek-flexible-baglanti-iletkenleri\\\/#breadcrumb\",\"itemListElement\":[{\"@type\":\"ListItem\",\"position\":1,\"name\":\"Ana Sayfa\",\"item\":\"https:\\\/\\\/yilkomer.com\\\/ru\\\/\"},{\"@type\":\"ListItem\",\"position\":2,\"name\":\"Ma\u011faza\",\"item\":\"https:\\\/\\\/yilkomer.com\\\/magaza\\\/\"},{\"@type\":\"ListItem\",\"position\":3,\"name\":\"Esnek (Flexible) Ba\u011flant\u0131 \u0130letkenleri\"}]},{\"@type\":\"WebSite\",\"@id\":\"https:\\\/\\\/yilkomer.com\\\/ru\\\/#website\",\"url\":\"https:\\\/\\\/yilkomer.com\\\/ru\\\/\",\"name\":\"Y\u0131lkomer\",\"description\":\"\",\"publisher\":{\"@id\":\"https:\\\/\\\/yilkomer.com\\\/ru\\\/#organization\"},\"alternateName\":\"Y\u0131lkomer\",\"potentialAction\":[{\"@type\":\"SearchAction\",\"target\":{\"@type\":\"EntryPoint\",\"urlTemplate\":\"https:\\\/\\\/yilkomer.com\\\/ru\\\/?s={search_term_string}\"},\"query-input\":{\"@type\":\"PropertyValueSpecification\",\"valueRequired\":true,\"valueName\":\"search_term_string\"}}],\"inLanguage\":\"ru-RU\"},{\"@type\":\"Organization\",\"@id\":\"https:\\\/\\\/yilkomer.com\\\/ru\\\/#organization\",\"name\":\"Yilkomer\",\"url\":\"https:\\\/\\\/yilkomer.com\\\/ru\\\/\",\"logo\":{\"@type\":\"ImageObject\",\"inLanguage\":\"ru-RU\",\"@id\":\"https:\\\/\\\/yilkomer.com\\\/ru\\\/#\\\/schema\\\/logo\\\/image\\\/\",\"url\":\"https:\\\/\\\/yilkomer.com\\\/wp-content\\\/uploads\\\/2015\\\/01\\\/logo.png\",\"contentUrl\":\"https:\\\/\\\/yilkomer.com\\\/wp-content\\\/uploads\\\/2015\\\/01\\\/logo.png\",\"width\":1000,\"height\":189,\"caption\":\"Yilkomer\"},\"image\":{\"@id\":\"https:\\\/\\\/yilkomer.com\\\/ru\\\/#\\\/schema\\\/logo\\\/image\\\/\"}}]}<\/script>\n<!-- \/ Yoast SEO Premium plugin. -->","yoast_head_json":{"title":"Esnek (Flexible) Ba\u011flant\u0131 \u0130letkenleri | Y\u0131lkomer","description":"Ta\u015f\u0131nabilir Mobil Paratoner Sistemi","robots":{"index":"index","follow":"follow","max-snippet":"max-snippet:-1","max-image-preview":"max-image-preview:large","max-video-preview":"max-video-preview:-1"},"canonical":"https:\/\/yilkomer.com\/ru\/urun\/esnek-flexible-baglanti-iletkenleri\/","og_locale":"ru_RU","og_type":"article","og_title":"Esnek (Flexible) Ba\u011flant\u0131 \u0130letkenleri","og_description":"Yuvarlak \u0130letken Kesitleri : 6mm\u00b2 ,10mm\u00b2,16mm\u00b2,25mm\u00b2,35mm\u00b2,50mm\u00b2,95mm\u00b2 Yass\u0131 \u0130letken Kesitleri : 20x3mm, 25x3mm, 30x3mm, 25x5mm, 30x5mm Kalay kapl\u0131 veya \u00e7\u0131plak bak\u0131r olarak \u00fcretimi ger\u00e7ekle\u015ftirilebilir. Yuvarlak veya yass\u0131 olarak iki alternatifi bulunmaktad\u0131r. \u00a0Yukar\u0131da yer alan kal\u0131nl\u0131k \u00f6l\u00e7\u00fclerinde, istenilen uzunluklarda haz\u0131rlanabilir. Daha kolay ve k\u0131sa yoldan topraklama hatt\u0131na ba\u011flant\u0131 \u00e7ekilmesi i\u00e7in kullan\u0131lmaktad\u0131r. Olduk\u00e7a kullan\u0131\u015fl\u0131d\u0131r ve iki ucunda yer alan pabu\u00e7lar ile kolayl\u0131kla montaj edilebilir. \u00dcR\u00dcN TALEP FORMU","og_url":"https:\/\/yilkomer.com\/ru\/urun\/esnek-flexible-baglanti-iletkenleri\/","og_site_name":"Y\u0131lkomer","article_modified_time":"2021-01-31T13:50:08+00:00","og_image":[{"width":290,"height":246,"url":"https:\/\/yilkomer.com\/wp-content\/uploads\/2021\/01\/Esnek-Flexible-Baglanti-Iletkenleri-2.jpg","type":"image\/jpeg"}],"schema":{"@context":"https:\/\/schema.org","@graph":[{"@type":"WebPage","@id":"https:\/\/yilkomer.com\/ru\/urun\/esnek-flexible-baglanti-iletkenleri\/","url":"https:\/\/yilkomer.com\/ru\/urun\/esnek-flexible-baglanti-iletkenleri\/","name":"Esnek (Flexible) Ba\u011flant\u0131 \u0130letkenleri | Y\u0131lkomer","isPartOf":{"@id":"https:\/\/yilkomer.com\/ru\/#website"},"primaryImageOfPage":{"@id":"https:\/\/yilkomer.com\/ru\/urun\/esnek-flexible-baglanti-iletkenleri\/#primaryimage"},"image":{"@id":"https:\/\/yilkomer.com\/ru\/urun\/esnek-flexible-baglanti-iletkenleri\/#primaryimage"},"thumbnailUrl":"https:\/\/yilkomer.com\/wp-content\/uploads\/2021\/01\/Esnek-Flexible-Baglanti-Iletkenleri-2.jpg","datePublished":"2021-01-31T13:48:42+00:00","dateModified":"2021-01-31T13:50:08+00:00","description":"Ta\u015f\u0131nabilir Mobil Paratoner Sistemi","breadcrumb":{"@id":"https:\/\/yilkomer.com\/ru\/urun\/esnek-flexible-baglanti-iletkenleri\/#breadcrumb"},"inLanguage":"ru-RU","potentialAction":[{"@type":"ReadAction","target":["https:\/\/yilkomer.com\/ru\/urun\/esnek-flexible-baglanti-iletkenleri\/"]}]},{"@type":"ImageObject","inLanguage":"ru-RU","@id":"https:\/\/yilkomer.com\/ru\/urun\/esnek-flexible-baglanti-iletkenleri\/#primaryimage","url":"https:\/\/yilkomer.com\/wp-content\/uploads\/2021\/01\/Esnek-Flexible-Baglanti-Iletkenleri-2.jpg","contentUrl":"https:\/\/yilkomer.com\/wp-content\/uploads\/2021\/01\/Esnek-Flexible-Baglanti-Iletkenleri-2.jpg","width":290,"height":246,"caption":"Esnek Ba\u011flant\u0131 \u0130letkeni"},{"@type":"BreadcrumbList","@id":"https:\/\/yilkomer.com\/ru\/urun\/esnek-flexible-baglanti-iletkenleri\/#breadcrumb","itemListElement":[{"@type":"ListItem","position":1,"name":"Ana Sayfa","item":"https:\/\/yilkomer.com\/ru\/"},{"@type":"ListItem","position":2,"name":"Ma\u011faza","item":"https:\/\/yilkomer.com\/magaza\/"},{"@type":"ListItem","position":3,"name":"Esnek (Flexible) Ba\u011flant\u0131 \u0130letkenleri"}]},{"@type":"WebSite","@id":"https:\/\/yilkomer.com\/ru\/#website","url":"https:\/\/yilkomer.com\/ru\/","name":"Y\u0131lkomer","description":"","publisher":{"@id":"https:\/\/yilkomer.com\/ru\/#organization"},"alternateName":"Y\u0131lkomer","potentialAction":[{"@type":"SearchAction","target":{"@type":"EntryPoint","urlTemplate":"https:\/\/yilkomer.com\/ru\/?s={search_term_string}"},"query-input":{"@type":"PropertyValueSpecification","valueRequired":true,"valueName":"search_term_string"}}],"inLanguage":"ru-RU"},{"@type":"Organization","@id":"https:\/\/yilkomer.com\/ru\/#organization","name":"Yilkomer","url":"https:\/\/yilkomer.com\/ru\/","logo":{"@type":"ImageObject","inLanguage":"ru-RU","@id":"https:\/\/yilkomer.com\/ru\/#\/schema\/logo\/image\/","url":"https:\/\/yilkomer.com\/wp-content\/uploads\/2015\/01\/logo.png","contentUrl":"https:\/\/yilkomer.com\/wp-content\/uploads\/2015\/01\/logo.png","width":1000,"height":189,"caption":"Yilkomer"},"image":{"@id":"https:\/\/yilkomer.com\/ru\/#\/schema\/logo\/image\/"}}]}},"_links":{"self":[{"href":"https:\/\/yilkomer.com\/ru\/wp-json\/wp\/v2\/product\/16103","targetHints":{"allow":["GET"]}}],"collection":[{"href":"https:\/\/yilkomer.com\/ru\/wp-json\/wp\/v2\/product"}],"about":[{"href":"https:\/\/yilkomer.com\/ru\/wp-json\/wp\/v2\/types\/product"}],"replies":[{"embeddable":true,"href":"https:\/\/yilkomer.com\/ru\/wp-json\/wp\/v2\/comments?post=16103"}],"wp:featuredmedia":[{"embeddable":true,"href":"https:\/\/yilkomer.com\/ru\/wp-json\/wp\/v2\/media\/16105"}],"wp:attachment":[{"href":"https:\/\/yilkomer.com\/ru\/wp-json\/wp\/v2\/media?parent=16103"}],"wp:term":[{"taxonomy":"product_brand","embeddable":true,"href":"https:\/\/yilkomer.com\/ru\/wp-json\/wp\/v2\/product_brand?post=16103"},{"taxonomy":"product_cat","embeddable":true,"href":"https:\/\/yilkomer.com\/ru\/wp-json\/wp\/v2\/product_cat?post=16103"},{"taxonomy":"product_tag","embeddable":true,"href":"https:\/\/yilkomer.com\/ru\/wp-json\/wp\/v2\/product_tag?post=16103"}],"curies":[{"name":"wp","href":"https:\/\/api.w.org\/{rel}","templated":true}]}}