{"id":14803,"date":"2020-12-10T20:24:44","date_gmt":"2020-12-10T20:24:44","guid":{"rendered":"https:\/\/yilkomer.com\/?post_type=product&#038;p=14803"},"modified":"2020-12-10T20:32:40","modified_gmt":"2020-12-10T20:32:40","slug":"izole-hali","status":"publish","type":"product","link":"https:\/\/yilkomer.com\/ru\/urun\/izole-hali\/","title":{"rendered":"\u0130zole Hal\u0131"},"content":{"rendered":"","protected":false},"excerpt":{"rendered":"<p>\u0130zole hal\u0131 Orta gerilim ve Al\u00e7ak gerilim kapal\u0131 \u015faltlarda, h\u00fccrelerde ve panolar\u0131n bulundu\u011fu yerlerde yap\u0131lacak \u00e7al\u0131\u015fmalarda toprakla yal\u0131tarak \u00e7al\u0131\u015fan\u0131n g\u00fcvenli\u011fini sa\u011flayan g\u00fcvenlik malzemesidir. \u0130nsan hayat\u0131n\u0131n korunmas\u0131 kapsam\u0131nda i\u015f g\u00fcvenli\u011fi y\u00f6netmeli\u011fi uyar\u0131nca kullan\u0131m\u0131 zorunludur. \u0130zole hal\u0131 \u00fczerinde \u00e7al\u0131\u015fmak olas\u0131 ka\u00e7aklarda \u00e7arp\u0131lmam\u0131z\u0131 engelleyen en \u00f6nemli etkendir. \u00d6zellikle k\u00f6\u015fk, trafo gibi dar alanlarda yap\u0131lan \u00e7al\u0131\u015fmalarda izole hal\u0131 kullan\u0131m\u0131 zorunludur. \u0130zole hal\u0131 bulunmayan alanlarda elektriksel \u00e7al\u0131\u015fma kesinlikle yap\u0131lmamal\u0131d\u0131r.<\/p>\n<p><strong>\u0130zole hal\u0131lar genellikle;<\/strong><\/p>\n<ul>\n<li>\u0130zole Hal\u0131lar 80\u00d7150 cm ebad\u0131nda kullan\u0131lmaktad\u0131r.<\/li>\n<li>\u0130zole Hal\u0131lar\u0131n \u00fcst y\u00fczeyi kaymay\u0131 \u00f6nleyecek \u015fekilde baklava dilimi veya t\u0131rt\u0131ll\u0131 olmal\u0131, ayr\u0131ca elastromer ve izole malzemeden \u00fcretilmelidir.<\/li>\n<li>\u0130zole Hal\u0131lar 40 kV\u2019 luk test gerilimine dayan\u0131kl\u0131 olmal\u0131d\u0131r.<\/li>\n<li>\u0130zole Hal\u0131lar\u2019da \u00fcretim hatas\u0131 olarak, hava kabarc\u0131\u011f\u0131, y\u0131rt\u0131k, \u00e7atlak, iplik dokuma v.b. yal\u0131tkanl\u0131\u011f\u0131 azalt\u0131c\u0131 etkenler olmamal\u0131d\u0131r.<\/li>\n<li>\u0130zole Hal\u0131lar \u0131s\u0131ya, neme ve aside kar\u015f\u0131 dayan\u0131kl\u0131 olmal\u0131d\u0131r.<\/li>\n<li>\u0130zole Hal\u0131lar\u2019da Malzemelerde Ulusal veya Avrupa Birli\u011fi normlar\u0131na uygunluk belgesi bulunmal\u0131d\u0131r.<\/li>\n<li>\u0130zole Hal\u0131 \u00fczerinde;\n<ul>\n<li>Yap\u0131mc\u0131 firma ad\u0131 ve sembol\u00fc,<\/li>\n<li>\u0130mal y\u0131l\u0131,<\/li>\n<li>Varsa raf \u00f6mr\u00fc,<\/li>\n<li>Kullan\u0131m gerilimi,<\/li>\n<\/ul>\n<\/li>\n<\/ul>\n<p>silinmeyecek \u015fekilde bulunmal\u0131d\u0131r.<\/p>\n<ul>\n<li>\u0130zole hal\u0131lar kau\u00e7uk esasl\u0131 olarak yap\u0131lmaktad\u0131r.<\/li>\n<li>\u0130zole Hal\u0131lar % 100 koruma sa\u011flamal\u0131d\u0131r. T\u00fcm testleri yap\u0131lm\u0131\u015f olmal\u0131d\u0131r. Bu nedenle merdiven alt\u0131 \u00fcrerimler kullan\u0131lmamal\u0131d\u0131r.<\/li>\n<li>\u0130zole Hal\u0131lar \u00c7e\u015fitli kal\u0131nl\u0131klarda 50.000 volta kadar koruyucu izole hal\u0131lar bulunmaktad\u0131r.<\/li>\n<li>\u0130zole Hal\u0131lar Esnektir, dayan\u0131kl\u0131d\u0131r.<\/li>\n<li>\u0130zole Hal\u0131lar Kaymamazl\u0131k sa\u011flayacak yap\u0131dad\u0131r.<\/li>\n<li>\u0130zole Hal\u0131lar Yal\u0131tkan olup, \u0131s\u0131 ve neme dayan\u0131kl\u0131d\u0131r..<\/li>\n<\/ul>\n<p>Y\u0131lkomer taraf\u0131ndan sat\u0131lan \u0130zole Hal\u0131lar TS EN 61111 ,EN 60243-1 Standartlar\u0131 kapsam\u0131nda \u00fcretilmektedir<\/p>\n<p>Y\u0131ld\u0131r\u0131mdan korunma merkezi olarak izole hal\u0131 \u00fcr\u00fcnleri stoklar\u0131m\u0131zda bulunmaktad\u0131r. Bu konuda t\u00fcm ihtiya\u00e7lar\u0131n\u0131z i\u00e7in <strong>info@yilkomer.com<\/strong> adresinden bizlere ula\u015fabilirsiniz.<\/p>\n<p><strong>\u00dcR\u00dcN TALEP FORMU<\/strong><\/p>\n\n<div class=\"wpcf7 no-js\" id=\"wpcf7-f13461-o1\" lang=\"tr-TR\" dir=\"ltr\" data-wpcf7-id=\"13461\">\n<div class=\"screen-reader-response\"><p role=\"status\" aria-live=\"polite\" aria-atomic=\"true\"><\/p> <ul><\/ul><\/div>\n<form action=\"\/ru\/wp-json\/wp\/v2\/product\/14803#wpcf7-f13461-o1\" method=\"post\" class=\"wpcf7-form init\" aria-label=\"\u0130leti\u015fim Formu\" novalidate=\"novalidate\" data-status=\"init\">\n<fieldset class=\"hidden-fields-container\"><input type=\"hidden\" name=\"_wpcf7\" value=\"13461\" \/><input type=\"hidden\" name=\"_wpcf7_version\" value=\"6.1.5\" \/><input type=\"hidden\" name=\"_wpcf7_locale\" value=\"tr_TR\" \/><input type=\"hidden\" name=\"_wpcf7_unit_tag\" value=\"wpcf7-f13461-o1\" \/><input type=\"hidden\" name=\"_wpcf7_container_post\" value=\"0\" \/><input type=\"hidden\" name=\"_wpcf7_posted_data_hash\" value=\"\" \/><input type=\"hidden\" name=\"_wpcf7_recaptcha_response\" value=\"\" \/>\n<\/fieldset>\n<div class=\"column one-second\">\n\t<p><span class=\"wpcf7-form-control-wrap\" data-name=\"your-name\"><input size=\"40\" maxlength=\"400\" class=\"wpcf7-form-control wpcf7-text wpcf7-validates-as-required\" aria-required=\"true\" aria-invalid=\"false\" placeholder=\"Ad Soyad\" value=\"\" type=\"text\" name=\"your-name\" \/><\/span>\n\t<\/p>\n<\/div>\n<div class=\"column one-second\">\n\t<p><span class=\"wpcf7-form-control-wrap\" data-name=\"your-email\"><input size=\"40\" maxlength=\"400\" class=\"wpcf7-form-control wpcf7-email wpcf7-validates-as-required wpcf7-text wpcf7-validates-as-email\" aria-required=\"true\" aria-invalid=\"false\" placeholder=\"e-posta\" value=\"\" type=\"email\" name=\"your-email\" \/><\/span>\n\t<\/p>\n<\/div>\n<div class=\"column one\">\n\t<p><span class=\"wpcf7-form-control-wrap\" data-name=\"tel-196\"><input size=\"40\" maxlength=\"400\" class=\"wpcf7-form-control wpcf7-tel wpcf7-validates-as-required wpcf7-text wpcf7-validates-as-tel\" aria-required=\"true\" aria-invalid=\"false\" placeholder=\"Telefon\" value=\"\" type=\"tel\" name=\"tel-196\" \/><\/span>\n\t<\/p>\n<\/div>\n<div class=\"column one\">\n\t<p><span class=\"wpcf7-form-control-wrap\" data-name=\"text-637\"><input size=\"40\" maxlength=\"400\" class=\"wpcf7-form-control wpcf7-text wpcf7-validates-as-required\" aria-required=\"true\" aria-invalid=\"false\" placeholder=\"\u00dcr\u00fcn Ad\u0131\" value=\"\" type=\"text\" name=\"text-637\" \/><\/span>\n\t<\/p>\n<\/div>\n<div class=\"column one\">\n\t<p><span class=\"wpcf7-form-control-wrap\" data-name=\"your-message\"><textarea cols=\"40\" rows=\"5\" maxlength=\"2000\" class=\"wpcf7-form-control wpcf7-textarea\" aria-invalid=\"false\" placeholder=\"Mesaj\" name=\"your-message\"><\/textarea><\/span>\n\t<\/p>\n<\/div>\n<div class=\"column one\">\n\t<p><input class=\"wpcf7-form-control wpcf7-submit has-spinner button_full_width\" type=\"submit\" value=\"Teklif Al\" \/>\n\t<\/p>\n<\/div><div class=\"wpcf7-response-output\" aria-hidden=\"true\"><\/div>\n<\/form>\n<\/div>\n\n","protected":false},"featured_media":14805,"comment_status":"open","ping_status":"closed","template":"","meta":{"_joinchat":[]},"product_brand":[],"product_cat":[92],"product_tag":[],"class_list":{"0":"post-14803","1":"product","2":"type-product","3":"status-publish","4":"has-post-thumbnail","6":"product_cat-topraklama-merkezi","8":"first","9":"instock","10":"shipping-taxable","11":"product-type-simple"},"yoast_head":"<!-- This site is optimized with the Yoast SEO Premium plugin v19.2.1 (Yoast SEO v27.5) - https:\/\/yoast.com\/product\/yoast-seo-premium-wordpress\/ -->\n<title>\u0130zole Hal\u0131 | Y\u0131lkomer<\/title>\n<meta name=\"description\" content=\"\u0130zole hal\u0131 Orta gerilim ve Al\u00e7ak gerilim kapal\u0131 \u015faltlarda, h\u00fccrelerde ve panolar\u0131n bulundu\u011fu yerlerde yap\u0131lacak \u00e7al\u0131\u015fmalarda toprakla...\" \/>\n<meta name=\"robots\" content=\"index, follow, max-snippet:-1, max-image-preview:large, max-video-preview:-1\" \/>\n<link rel=\"canonical\" href=\"https:\/\/yilkomer.com\/ru\/urun\/izole-hali\/\" \/>\n<meta property=\"og:locale\" content=\"ru_RU\" \/>\n<meta property=\"og:type\" content=\"article\" \/>\n<meta property=\"og:title\" content=\"\u0130zole Hal\u0131\" \/>\n<meta property=\"og:description\" content=\"\u0130zole hal\u0131 Orta gerilim ve Al\u00e7ak gerilim kapal\u0131 \u015faltlarda, h\u00fccrelerde ve panolar\u0131n bulundu\u011fu yerlerde yap\u0131lacak \u00e7al\u0131\u015fmalarda toprakla yal\u0131tarak \u00e7al\u0131\u015fan\u0131n g\u00fcvenli\u011fini sa\u011flayan g\u00fcvenlik malzemesidir. \u0130nsan hayat\u0131n\u0131n korunmas\u0131 kapsam\u0131nda i\u015f g\u00fcvenli\u011fi y\u00f6netmeli\u011fi uyar\u0131nca kullan\u0131m\u0131 zorunludur. \u0130zole hal\u0131 \u00fczerinde \u00e7al\u0131\u015fmak olas\u0131 ka\u00e7aklarda \u00e7arp\u0131lmam\u0131z\u0131 engelleyen en \u00f6nemli etkendir. \u00d6zellikle k\u00f6\u015fk, trafo gibi dar alanlarda yap\u0131lan \u00e7al\u0131\u015fmalarda izole hal\u0131 kullan\u0131m\u0131 zorunludur. \u0130zole hal\u0131 bulunmayan alanlarda elektriksel \u00e7al\u0131\u015fma kesinlikle yap\u0131lmamal\u0131d\u0131r.  \u0130zole hal\u0131lar genellikle;   \u0130zole Hal\u0131lar 80\u00d7150 cm ebad\u0131nda kullan\u0131lmaktad\u0131r.  \u0130zole Hal\u0131lar\u0131n \u00fcst y\u00fczeyi kaymay\u0131 \u00f6nleyecek \u015fekilde baklava dilimi veya t\u0131rt\u0131ll\u0131 olmal\u0131, ayr\u0131ca elastromer ve izole malzemeden \u00fcretilmelidir.  \u0130zole Hal\u0131lar 40 kV\u2019 luk test gerilimine dayan\u0131kl\u0131 olmal\u0131d\u0131r.  \u0130zole Hal\u0131lar\u2019da \u00fcretim hatas\u0131 olarak, hava kabarc\u0131\u011f\u0131, y\u0131rt\u0131k, \u00e7atlak, iplik dokuma v.b. yal\u0131tkanl\u0131\u011f\u0131 azalt\u0131c\u0131 etkenler olmamal\u0131d\u0131r.  \u0130zole Hal\u0131lar \u0131s\u0131ya, neme ve aside kar\u015f\u0131 dayan\u0131kl\u0131 olmal\u0131d\u0131r.  \u0130zole Hal\u0131lar\u2019da Malzemelerde Ulusal veya Avrupa Birli\u011fi normlar\u0131na uygunluk belgesi bulunmal\u0131d\u0131r.  \u0130zole Hal\u0131 \u00fczerinde;   Yap\u0131mc\u0131 firma ad\u0131 ve sembol\u00fc,  \u0130mal y\u0131l\u0131,  Varsa raf \u00f6mr\u00fc,  Kullan\u0131m gerilimi,    silinmeyecek \u015fekilde bulunmal\u0131d\u0131r.   \u0130zole hal\u0131lar kau\u00e7uk esasl\u0131 olarak yap\u0131lmaktad\u0131r.  \u0130zole Hal\u0131lar % 100 koruma sa\u011flamal\u0131d\u0131r. T\u00fcm testleri yap\u0131lm\u0131\u015f olmal\u0131d\u0131r. Bu nedenle merdiven alt\u0131 \u00fcrerimler kullan\u0131lmamal\u0131d\u0131r.  \u0130zole Hal\u0131lar \u00c7e\u015fitli kal\u0131nl\u0131klarda 50.000 volta kadar koruyucu izole hal\u0131lar bulunmaktad\u0131r.  \u0130zole Hal\u0131lar Esnektir, dayan\u0131kl\u0131d\u0131r.  \u0130zole Hal\u0131lar Kaymamazl\u0131k sa\u011flayacak yap\u0131dad\u0131r.  \u0130zole Hal\u0131lar Yal\u0131tkan olup, \u0131s\u0131 ve neme dayan\u0131kl\u0131d\u0131r..  Y\u0131lkomer taraf\u0131ndan sat\u0131lan \u0130zole Hal\u0131lar TS EN 61111 ,EN 60243-1 Standartlar\u0131 kapsam\u0131nda \u00fcretilmektedir  Y\u0131ld\u0131r\u0131mdan korunma merkezi olarak izole hal\u0131 \u00fcr\u00fcnleri stoklar\u0131m\u0131zda bulunmaktad\u0131r. Bu konuda t\u00fcm ihtiya\u00e7lar\u0131n\u0131z i\u00e7in info@yilkomer.com adresinden bizlere ula\u015fabilirsiniz.  \u00dcR\u00dcN TALEP FORMU\" \/>\n<meta property=\"og:url\" content=\"https:\/\/yilkomer.com\/ru\/urun\/izole-hali\/\" \/>\n<meta property=\"og:site_name\" content=\"Y\u0131lkomer\" \/>\n<meta property=\"article:modified_time\" content=\"2020-12-10T20:32:40+00:00\" \/>\n<meta property=\"og:image\" content=\"https:\/\/yilkomer.com\/wp-content\/uploads\/2020\/12\/izole-hali-urunu.jpg\" \/>\n\t<meta property=\"og:image:width\" content=\"419\" \/>\n\t<meta property=\"og:image:height\" content=\"520\" \/>\n\t<meta property=\"og:image:type\" content=\"image\/jpeg\" \/>\n<script type=\"application\/ld+json\" class=\"yoast-schema-graph\">{\"@context\":\"https:\\\/\\\/schema.org\",\"@graph\":[{\"@type\":\"WebPage\",\"@id\":\"https:\\\/\\\/yilkomer.com\\\/ru\\\/urun\\\/izole-hali\\\/\",\"url\":\"https:\\\/\\\/yilkomer.com\\\/ru\\\/urun\\\/izole-hali\\\/\",\"name\":\"\u0130zole Hal\u0131 | Y\u0131lkomer\",\"isPartOf\":{\"@id\":\"https:\\\/\\\/yilkomer.com\\\/ru\\\/#website\"},\"primaryImageOfPage\":{\"@id\":\"https:\\\/\\\/yilkomer.com\\\/ru\\\/urun\\\/izole-hali\\\/#primaryimage\"},\"image\":{\"@id\":\"https:\\\/\\\/yilkomer.com\\\/ru\\\/urun\\\/izole-hali\\\/#primaryimage\"},\"thumbnailUrl\":\"https:\\\/\\\/yilkomer.com\\\/wp-content\\\/uploads\\\/2020\\\/12\\\/izole-hali-urunu.jpg\",\"datePublished\":\"2020-12-10T20:24:44+00:00\",\"dateModified\":\"2020-12-10T20:32:40+00:00\",\"description\":\"\u0130zole hal\u0131 Orta gerilim ve Al\u00e7ak gerilim kapal\u0131 \u015faltlarda, h\u00fccrelerde ve panolar\u0131n bulundu\u011fu yerlerde yap\u0131lacak \u00e7al\u0131\u015fmalarda toprakla...\",\"breadcrumb\":{\"@id\":\"https:\\\/\\\/yilkomer.com\\\/ru\\\/urun\\\/izole-hali\\\/#breadcrumb\"},\"inLanguage\":\"ru-RU\",\"potentialAction\":[{\"@type\":\"ReadAction\",\"target\":[\"https:\\\/\\\/yilkomer.com\\\/ru\\\/urun\\\/izole-hali\\\/\"]}]},{\"@type\":\"ImageObject\",\"inLanguage\":\"ru-RU\",\"@id\":\"https:\\\/\\\/yilkomer.com\\\/ru\\\/urun\\\/izole-hali\\\/#primaryimage\",\"url\":\"https:\\\/\\\/yilkomer.com\\\/wp-content\\\/uploads\\\/2020\\\/12\\\/izole-hali-urunu.jpg\",\"contentUrl\":\"https:\\\/\\\/yilkomer.com\\\/wp-content\\\/uploads\\\/2020\\\/12\\\/izole-hali-urunu.jpg\",\"width\":419,\"height\":520,\"caption\":\"Topraklama \u00dcr\u00fcn\u00fc \u0130zoleli Hal\u0131\"},{\"@type\":\"BreadcrumbList\",\"@id\":\"https:\\\/\\\/yilkomer.com\\\/ru\\\/urun\\\/izole-hali\\\/#breadcrumb\",\"itemListElement\":[{\"@type\":\"ListItem\",\"position\":1,\"name\":\"Ana Sayfa\",\"item\":\"https:\\\/\\\/yilkomer.com\\\/ru\\\/\"},{\"@type\":\"ListItem\",\"position\":2,\"name\":\"Ma\u011faza\",\"item\":\"https:\\\/\\\/yilkomer.com\\\/magaza\\\/\"},{\"@type\":\"ListItem\",\"position\":3,\"name\":\"\u0130zole Hal\u0131\"}]},{\"@type\":\"WebSite\",\"@id\":\"https:\\\/\\\/yilkomer.com\\\/ru\\\/#website\",\"url\":\"https:\\\/\\\/yilkomer.com\\\/ru\\\/\",\"name\":\"Y\u0131lkomer\",\"description\":\"\",\"publisher\":{\"@id\":\"https:\\\/\\\/yilkomer.com\\\/ru\\\/#organization\"},\"alternateName\":\"Y\u0131lkomer\",\"potentialAction\":[{\"@type\":\"SearchAction\",\"target\":{\"@type\":\"EntryPoint\",\"urlTemplate\":\"https:\\\/\\\/yilkomer.com\\\/ru\\\/?s={search_term_string}\"},\"query-input\":{\"@type\":\"PropertyValueSpecification\",\"valueRequired\":true,\"valueName\":\"search_term_string\"}}],\"inLanguage\":\"ru-RU\"},{\"@type\":\"Organization\",\"@id\":\"https:\\\/\\\/yilkomer.com\\\/ru\\\/#organization\",\"name\":\"Yilkomer\",\"url\":\"https:\\\/\\\/yilkomer.com\\\/ru\\\/\",\"logo\":{\"@type\":\"ImageObject\",\"inLanguage\":\"ru-RU\",\"@id\":\"https:\\\/\\\/yilkomer.com\\\/ru\\\/#\\\/schema\\\/logo\\\/image\\\/\",\"url\":\"https:\\\/\\\/yilkomer.com\\\/wp-content\\\/uploads\\\/2015\\\/01\\\/logo.png\",\"contentUrl\":\"https:\\\/\\\/yilkomer.com\\\/wp-content\\\/uploads\\\/2015\\\/01\\\/logo.png\",\"width\":1000,\"height\":189,\"caption\":\"Yilkomer\"},\"image\":{\"@id\":\"https:\\\/\\\/yilkomer.com\\\/ru\\\/#\\\/schema\\\/logo\\\/image\\\/\"}}]}<\/script>\n<!-- \/ Yoast SEO Premium plugin. -->","yoast_head_json":{"title":"\u0130zole Hal\u0131 | Y\u0131lkomer","description":"\u0130zole hal\u0131 Orta gerilim ve Al\u00e7ak gerilim kapal\u0131 \u015faltlarda, h\u00fccrelerde ve panolar\u0131n bulundu\u011fu yerlerde yap\u0131lacak \u00e7al\u0131\u015fmalarda toprakla...","robots":{"index":"index","follow":"follow","max-snippet":"max-snippet:-1","max-image-preview":"max-image-preview:large","max-video-preview":"max-video-preview:-1"},"canonical":"https:\/\/yilkomer.com\/ru\/urun\/izole-hali\/","og_locale":"ru_RU","og_type":"article","og_title":"\u0130zole Hal\u0131","og_description":"\u0130zole hal\u0131 Orta gerilim ve Al\u00e7ak gerilim kapal\u0131 \u015faltlarda, h\u00fccrelerde ve panolar\u0131n bulundu\u011fu yerlerde yap\u0131lacak \u00e7al\u0131\u015fmalarda toprakla yal\u0131tarak \u00e7al\u0131\u015fan\u0131n g\u00fcvenli\u011fini sa\u011flayan g\u00fcvenlik malzemesidir. \u0130nsan hayat\u0131n\u0131n korunmas\u0131 kapsam\u0131nda i\u015f g\u00fcvenli\u011fi y\u00f6netmeli\u011fi uyar\u0131nca kullan\u0131m\u0131 zorunludur. \u0130zole hal\u0131 \u00fczerinde \u00e7al\u0131\u015fmak olas\u0131 ka\u00e7aklarda \u00e7arp\u0131lmam\u0131z\u0131 engelleyen en \u00f6nemli etkendir. \u00d6zellikle k\u00f6\u015fk, trafo gibi dar alanlarda yap\u0131lan \u00e7al\u0131\u015fmalarda izole hal\u0131 kullan\u0131m\u0131 zorunludur. \u0130zole hal\u0131 bulunmayan alanlarda elektriksel \u00e7al\u0131\u015fma kesinlikle yap\u0131lmamal\u0131d\u0131r.  \u0130zole hal\u0131lar genellikle;   \u0130zole Hal\u0131lar 80\u00d7150 cm ebad\u0131nda kullan\u0131lmaktad\u0131r.  \u0130zole Hal\u0131lar\u0131n \u00fcst y\u00fczeyi kaymay\u0131 \u00f6nleyecek \u015fekilde baklava dilimi veya t\u0131rt\u0131ll\u0131 olmal\u0131, ayr\u0131ca elastromer ve izole malzemeden \u00fcretilmelidir.  \u0130zole Hal\u0131lar 40 kV\u2019 luk test gerilimine dayan\u0131kl\u0131 olmal\u0131d\u0131r.  \u0130zole Hal\u0131lar\u2019da \u00fcretim hatas\u0131 olarak, hava kabarc\u0131\u011f\u0131, y\u0131rt\u0131k, \u00e7atlak, iplik dokuma v.b. yal\u0131tkanl\u0131\u011f\u0131 azalt\u0131c\u0131 etkenler olmamal\u0131d\u0131r.  \u0130zole Hal\u0131lar \u0131s\u0131ya, neme ve aside kar\u015f\u0131 dayan\u0131kl\u0131 olmal\u0131d\u0131r.  \u0130zole Hal\u0131lar\u2019da Malzemelerde Ulusal veya Avrupa Birli\u011fi normlar\u0131na uygunluk belgesi bulunmal\u0131d\u0131r.  \u0130zole Hal\u0131 \u00fczerinde;   Yap\u0131mc\u0131 firma ad\u0131 ve sembol\u00fc,  \u0130mal y\u0131l\u0131,  Varsa raf \u00f6mr\u00fc,  Kullan\u0131m gerilimi,    silinmeyecek \u015fekilde bulunmal\u0131d\u0131r.   \u0130zole hal\u0131lar kau\u00e7uk esasl\u0131 olarak yap\u0131lmaktad\u0131r.  \u0130zole Hal\u0131lar % 100 koruma sa\u011flamal\u0131d\u0131r. T\u00fcm testleri yap\u0131lm\u0131\u015f olmal\u0131d\u0131r. Bu nedenle merdiven alt\u0131 \u00fcrerimler kullan\u0131lmamal\u0131d\u0131r.  \u0130zole Hal\u0131lar \u00c7e\u015fitli kal\u0131nl\u0131klarda 50.000 volta kadar koruyucu izole hal\u0131lar bulunmaktad\u0131r.  \u0130zole Hal\u0131lar Esnektir, dayan\u0131kl\u0131d\u0131r.  \u0130zole Hal\u0131lar Kaymamazl\u0131k sa\u011flayacak yap\u0131dad\u0131r.  \u0130zole Hal\u0131lar Yal\u0131tkan olup, \u0131s\u0131 ve neme dayan\u0131kl\u0131d\u0131r..  Y\u0131lkomer taraf\u0131ndan sat\u0131lan \u0130zole Hal\u0131lar TS EN 61111 ,EN 60243-1 Standartlar\u0131 kapsam\u0131nda \u00fcretilmektedir  Y\u0131ld\u0131r\u0131mdan korunma merkezi olarak izole hal\u0131 \u00fcr\u00fcnleri stoklar\u0131m\u0131zda bulunmaktad\u0131r. Bu konuda t\u00fcm ihtiya\u00e7lar\u0131n\u0131z i\u00e7in info@yilkomer.com adresinden bizlere ula\u015fabilirsiniz.  \u00dcR\u00dcN TALEP FORMU","og_url":"https:\/\/yilkomer.com\/ru\/urun\/izole-hali\/","og_site_name":"Y\u0131lkomer","article_modified_time":"2020-12-10T20:32:40+00:00","og_image":[{"width":419,"height":520,"url":"https:\/\/yilkomer.com\/wp-content\/uploads\/2020\/12\/izole-hali-urunu.jpg","type":"image\/jpeg"}],"schema":{"@context":"https:\/\/schema.org","@graph":[{"@type":"WebPage","@id":"https:\/\/yilkomer.com\/ru\/urun\/izole-hali\/","url":"https:\/\/yilkomer.com\/ru\/urun\/izole-hali\/","name":"\u0130zole Hal\u0131 | Y\u0131lkomer","isPartOf":{"@id":"https:\/\/yilkomer.com\/ru\/#website"},"primaryImageOfPage":{"@id":"https:\/\/yilkomer.com\/ru\/urun\/izole-hali\/#primaryimage"},"image":{"@id":"https:\/\/yilkomer.com\/ru\/urun\/izole-hali\/#primaryimage"},"thumbnailUrl":"https:\/\/yilkomer.com\/wp-content\/uploads\/2020\/12\/izole-hali-urunu.jpg","datePublished":"2020-12-10T20:24:44+00:00","dateModified":"2020-12-10T20:32:40+00:00","description":"\u0130zole hal\u0131 Orta gerilim ve Al\u00e7ak gerilim kapal\u0131 \u015faltlarda, h\u00fccrelerde ve panolar\u0131n bulundu\u011fu yerlerde yap\u0131lacak \u00e7al\u0131\u015fmalarda toprakla...","breadcrumb":{"@id":"https:\/\/yilkomer.com\/ru\/urun\/izole-hali\/#breadcrumb"},"inLanguage":"ru-RU","potentialAction":[{"@type":"ReadAction","target":["https:\/\/yilkomer.com\/ru\/urun\/izole-hali\/"]}]},{"@type":"ImageObject","inLanguage":"ru-RU","@id":"https:\/\/yilkomer.com\/ru\/urun\/izole-hali\/#primaryimage","url":"https:\/\/yilkomer.com\/wp-content\/uploads\/2020\/12\/izole-hali-urunu.jpg","contentUrl":"https:\/\/yilkomer.com\/wp-content\/uploads\/2020\/12\/izole-hali-urunu.jpg","width":419,"height":520,"caption":"Topraklama \u00dcr\u00fcn\u00fc \u0130zoleli Hal\u0131"},{"@type":"BreadcrumbList","@id":"https:\/\/yilkomer.com\/ru\/urun\/izole-hali\/#breadcrumb","itemListElement":[{"@type":"ListItem","position":1,"name":"Ana Sayfa","item":"https:\/\/yilkomer.com\/ru\/"},{"@type":"ListItem","position":2,"name":"Ma\u011faza","item":"https:\/\/yilkomer.com\/magaza\/"},{"@type":"ListItem","position":3,"name":"\u0130zole Hal\u0131"}]},{"@type":"WebSite","@id":"https:\/\/yilkomer.com\/ru\/#website","url":"https:\/\/yilkomer.com\/ru\/","name":"Y\u0131lkomer","description":"","publisher":{"@id":"https:\/\/yilkomer.com\/ru\/#organization"},"alternateName":"Y\u0131lkomer","potentialAction":[{"@type":"SearchAction","target":{"@type":"EntryPoint","urlTemplate":"https:\/\/yilkomer.com\/ru\/?s={search_term_string}"},"query-input":{"@type":"PropertyValueSpecification","valueRequired":true,"valueName":"search_term_string"}}],"inLanguage":"ru-RU"},{"@type":"Organization","@id":"https:\/\/yilkomer.com\/ru\/#organization","name":"Yilkomer","url":"https:\/\/yilkomer.com\/ru\/","logo":{"@type":"ImageObject","inLanguage":"ru-RU","@id":"https:\/\/yilkomer.com\/ru\/#\/schema\/logo\/image\/","url":"https:\/\/yilkomer.com\/wp-content\/uploads\/2015\/01\/logo.png","contentUrl":"https:\/\/yilkomer.com\/wp-content\/uploads\/2015\/01\/logo.png","width":1000,"height":189,"caption":"Yilkomer"},"image":{"@id":"https:\/\/yilkomer.com\/ru\/#\/schema\/logo\/image\/"}}]}},"_links":{"self":[{"href":"https:\/\/yilkomer.com\/ru\/wp-json\/wp\/v2\/product\/14803","targetHints":{"allow":["GET"]}}],"collection":[{"href":"https:\/\/yilkomer.com\/ru\/wp-json\/wp\/v2\/product"}],"about":[{"href":"https:\/\/yilkomer.com\/ru\/wp-json\/wp\/v2\/types\/product"}],"replies":[{"embeddable":true,"href":"https:\/\/yilkomer.com\/ru\/wp-json\/wp\/v2\/comments?post=14803"}],"wp:featuredmedia":[{"embeddable":true,"href":"https:\/\/yilkomer.com\/ru\/wp-json\/wp\/v2\/media\/14805"}],"wp:attachment":[{"href":"https:\/\/yilkomer.com\/ru\/wp-json\/wp\/v2\/media?parent=14803"}],"wp:term":[{"taxonomy":"product_brand","embeddable":true,"href":"https:\/\/yilkomer.com\/ru\/wp-json\/wp\/v2\/product_brand?post=14803"},{"taxonomy":"product_cat","embeddable":true,"href":"https:\/\/yilkomer.com\/ru\/wp-json\/wp\/v2\/product_cat?post=14803"},{"taxonomy":"product_tag","embeddable":true,"href":"https:\/\/yilkomer.com\/ru\/wp-json\/wp\/v2\/product_tag?post=14803"}],"curies":[{"name":"wp","href":"https:\/\/api.w.org\/{rel}","templated":true}]}}