{"id":14271,"date":"2020-11-08T19:47:25","date_gmt":"2020-11-08T19:47:25","guid":{"rendered":"https:\/\/yilkomer.com\/?post_type=product&#038;p=14271"},"modified":"2020-12-10T08:41:37","modified_gmt":"2020-12-10T08:41:37","slug":"termokaynak-potasi","status":"publish","type":"product","link":"https:\/\/yilkomer.com\/ru\/urun\/termokaynak-potasi\/","title":{"rendered":"Termokaynak Potas\u0131"},"content":{"rendered":"","protected":false},"excerpt":{"rendered":"<p>Termokaynak uygulamalar\u0131nda iletken ve elektrot tipine g\u00f6re \u00fcretilen ve se\u00e7ilen termokaynak potas\u0131 sistemin en \u00f6nemli eleman\u0131d\u0131r.<\/p>\n<p>Termokaynak potas\u0131 yap\u0131lacak termokaynak i\u015flemine se\u00e7ilmelidir; L tipi, T tipi gibi elektrot ve iletken konumlar\u0131na g\u00f6re termokaynak potas\u0131 dizayn edilmelidir. \u0130letken kesiti ve elektrot kesiti termokaynak potas\u0131n\u0131n se\u00e7imi i\u00e7in olduk\u00e7a \u00f6nemlidir. 50mm2, 120mm2, 150mm2, \u00f6rg\u00fcl\u00fc yada \u00f6rg\u00fcs\u00fcz \u015fekilde iletken t\u00fcr\u00fc do\u011fru tasvir edilmelidir. 50mm2 \u00f6rg\u00fcl\u00fc iletken ile 50mm2 \u00f6rg\u00fcs\u00fcz iletken i\u00e7in termokaynak potas\u0131 farkl\u0131d\u0131r. Termokaynak sistemi bir sistemdir; termokaynak potas\u0131 i\u00e7erisinde konulan toz o sistemde iletken kesitine g\u00f6re gramaj\u0131 belirlenen bir elemanken; tozu akmamas\u0131n\u0131 sa\u011flayan ve potay\u0131 s\u0131ms\u0131k\u0131 saran termokaynak pensesi pota ile uyumlu olmal\u0131d\u0131r. T\u00fcm sistem bir koordinasyona sahip olmal\u0131d\u0131r. Termokaynak potalar\u0131 olu\u015fan ergime s\u0131ras\u0131nda \u0131s\u0131y\u0131 muhafaza edebilmeli; iletkenlerin en y\u00fcksek \u0131s\u0131da kayna\u015fmas\u0131na imkan sa\u011flamal\u0131d\u0131r. Termokaynak potas\u0131 kesinlikle termokaynak i\u015flemi s\u0131ras\u0131nda erimeye u\u011framamal\u0131d\u0131r.<\/p>\n<p>Termokaynak i\u015flemleri sadece bak\u0131r-bak\u0131r aras\u0131nda olmamaktad\u0131r. Bak\u0131rdan \u00e7eli\u011fe ve bak\u0131rdan demire kaynak yapman\u0131z m\u00fcmk\u00fcnd\u00fcr. Termokaynak uygulamalar\u0131 y\u0131ld\u0131r\u0131mdan korunma, topraklama, katodik koruma ve metro sistemleri gibi kritik altyap\u0131 sistemleri i\u00e7in g\u00fcvenilir bir ba\u011flant\u0131 \u015feklidir.<\/p>\n<p>Y\u0131ld\u0131r\u0131mdan Korunma Merkezi \u00fcr\u00fcn gam\u0131nda\u00a0 Termokaynak potas\u0131 \u00fcr\u00fcnlerinin t\u00fcm modellerine ula\u015fabilirsiniz.<\/p>\n<p>Teklif almak ve detay bilgi edinmek i\u00e7in info@yilkomer.com adresinden bizlere ula\u015fabilirsiniz.<\/p>\n<p><strong>\u00dcR\u00dcN TALEP FORMU<\/strong><\/p>\n\n<div class=\"wpcf7 no-js\" id=\"wpcf7-f13461-o1\" lang=\"tr-TR\" dir=\"ltr\" data-wpcf7-id=\"13461\">\n<div class=\"screen-reader-response\"><p role=\"status\" aria-live=\"polite\" aria-atomic=\"true\"><\/p> <ul><\/ul><\/div>\n<form action=\"\/ru\/wp-json\/wp\/v2\/product\/14271#wpcf7-f13461-o1\" method=\"post\" class=\"wpcf7-form init\" aria-label=\"\u0130leti\u015fim Formu\" novalidate=\"novalidate\" data-status=\"init\">\n<fieldset class=\"hidden-fields-container\"><input type=\"hidden\" name=\"_wpcf7\" value=\"13461\" \/><input type=\"hidden\" name=\"_wpcf7_version\" value=\"6.1.5\" \/><input type=\"hidden\" name=\"_wpcf7_locale\" value=\"tr_TR\" \/><input type=\"hidden\" name=\"_wpcf7_unit_tag\" value=\"wpcf7-f13461-o1\" \/><input type=\"hidden\" name=\"_wpcf7_container_post\" value=\"0\" \/><input type=\"hidden\" name=\"_wpcf7_posted_data_hash\" value=\"\" \/><input type=\"hidden\" name=\"_wpcf7_recaptcha_response\" value=\"\" \/>\n<\/fieldset>\n<div class=\"column one-second\">\n\t<p><span class=\"wpcf7-form-control-wrap\" data-name=\"your-name\"><input size=\"40\" maxlength=\"400\" class=\"wpcf7-form-control wpcf7-text wpcf7-validates-as-required\" aria-required=\"true\" aria-invalid=\"false\" placeholder=\"Ad Soyad\" value=\"\" type=\"text\" name=\"your-name\" \/><\/span>\n\t<\/p>\n<\/div>\n<div class=\"column one-second\">\n\t<p><span class=\"wpcf7-form-control-wrap\" data-name=\"your-email\"><input size=\"40\" maxlength=\"400\" class=\"wpcf7-form-control wpcf7-email wpcf7-validates-as-required wpcf7-text wpcf7-validates-as-email\" aria-required=\"true\" aria-invalid=\"false\" placeholder=\"e-posta\" value=\"\" type=\"email\" name=\"your-email\" \/><\/span>\n\t<\/p>\n<\/div>\n<div class=\"column one\">\n\t<p><span class=\"wpcf7-form-control-wrap\" data-name=\"tel-196\"><input size=\"40\" maxlength=\"400\" class=\"wpcf7-form-control wpcf7-tel wpcf7-validates-as-required wpcf7-text wpcf7-validates-as-tel\" aria-required=\"true\" aria-invalid=\"false\" placeholder=\"Telefon\" value=\"\" type=\"tel\" name=\"tel-196\" \/><\/span>\n\t<\/p>\n<\/div>\n<div class=\"column one\">\n\t<p><span class=\"wpcf7-form-control-wrap\" data-name=\"text-637\"><input size=\"40\" maxlength=\"400\" class=\"wpcf7-form-control wpcf7-text wpcf7-validates-as-required\" aria-required=\"true\" aria-invalid=\"false\" placeholder=\"\u00dcr\u00fcn Ad\u0131\" value=\"\" type=\"text\" name=\"text-637\" \/><\/span>\n\t<\/p>\n<\/div>\n<div class=\"column one\">\n\t<p><span class=\"wpcf7-form-control-wrap\" data-name=\"your-message\"><textarea cols=\"40\" rows=\"5\" maxlength=\"2000\" class=\"wpcf7-form-control wpcf7-textarea\" aria-invalid=\"false\" placeholder=\"Mesaj\" name=\"your-message\"><\/textarea><\/span>\n\t<\/p>\n<\/div>\n<div class=\"column one\">\n\t<p><input class=\"wpcf7-form-control wpcf7-submit has-spinner button_full_width\" type=\"submit\" value=\"Teklif Al\" \/>\n\t<\/p>\n<\/div><div class=\"wpcf7-response-output\" aria-hidden=\"true\"><\/div>\n<\/form>\n<\/div>\n\n","protected":false},"featured_media":14780,"comment_status":"open","ping_status":"closed","template":"","meta":{"_joinchat":[]},"product_brand":[],"product_cat":[92],"product_tag":[],"class_list":{"0":"post-14271","1":"product","2":"type-product","3":"status-publish","4":"has-post-thumbnail","6":"product_cat-topraklama-merkezi","8":"first","9":"instock","10":"shipping-taxable","11":"product-type-simple"},"yoast_head":"<!-- This site is optimized with the Yoast SEO Premium plugin v19.2.1 (Yoast SEO v27.5) - https:\/\/yoast.com\/product\/yoast-seo-premium-wordpress\/ -->\n<title>Termokaynak Potas\u0131 | Y\u0131lkomer<\/title>\n<meta name=\"description\" content=\"Termokaynak uygulamalar\u0131nda iletken ve elektrot tipine g\u00f6re \u00fcretilen ve se\u00e7ilen termokaynak potas\u0131 sistemin en \u00f6nemli eleman\u0131d\u0131r. hemen incele\" \/>\n<meta name=\"robots\" content=\"index, follow, max-snippet:-1, max-image-preview:large, max-video-preview:-1\" \/>\n<link rel=\"canonical\" href=\"https:\/\/yilkomer.com\/ru\/urun\/termokaynak-potasi\/\" \/>\n<meta property=\"og:locale\" content=\"ru_RU\" \/>\n<meta property=\"og:type\" content=\"article\" \/>\n<meta property=\"og:title\" content=\"Termokaynak Potas\u0131\" \/>\n<meta property=\"og:description\" content=\"Termokaynak uygulamalar\u0131nda iletken ve elektrot tipine g\u00f6re \u00fcretilen ve se\u00e7ilen termokaynak potas\u0131 sistemin en \u00f6nemli eleman\u0131d\u0131r.  Termokaynak potas\u0131 yap\u0131lacak termokaynak i\u015flemine se\u00e7ilmelidir; L tipi, T tipi gibi elektrot ve iletken konumlar\u0131na g\u00f6re termokaynak potas\u0131 dizayn edilmelidir. \u0130letken kesiti ve elektrot kesiti termokaynak potas\u0131n\u0131n se\u00e7imi i\u00e7in olduk\u00e7a \u00f6nemlidir. 50mm2, 120mm2, 150mm2, \u00f6rg\u00fcl\u00fc yada \u00f6rg\u00fcs\u00fcz \u015fekilde iletken t\u00fcr\u00fc do\u011fru tasvir edilmelidir. 50mm2 \u00f6rg\u00fcl\u00fc iletken ile 50mm2 \u00f6rg\u00fcs\u00fcz iletken i\u00e7in termokaynak potas\u0131 farkl\u0131d\u0131r. Termokaynak sistemi bir sistemdir; termokaynak potas\u0131 i\u00e7erisinde konulan toz o sistemde iletken kesitine g\u00f6re gramaj\u0131 belirlenen bir elemanken; tozu akmamas\u0131n\u0131 sa\u011flayan ve potay\u0131 s\u0131ms\u0131k\u0131 saran termokaynak pensesi pota ile uyumlu olmal\u0131d\u0131r. T\u00fcm sistem bir koordinasyona sahip olmal\u0131d\u0131r. Termokaynak potalar\u0131 olu\u015fan ergime s\u0131ras\u0131nda \u0131s\u0131y\u0131 muhafaza edebilmeli; iletkenlerin en y\u00fcksek \u0131s\u0131da kayna\u015fmas\u0131na imkan sa\u011flamal\u0131d\u0131r. Termokaynak potas\u0131 kesinlikle termokaynak i\u015flemi s\u0131ras\u0131nda erimeye u\u011framamal\u0131d\u0131r.  Termokaynak i\u015flemleri sadece bak\u0131r-bak\u0131r aras\u0131nda olmamaktad\u0131r. Bak\u0131rdan \u00e7eli\u011fe ve bak\u0131rdan demire kaynak yapman\u0131z m\u00fcmk\u00fcnd\u00fcr. Termokaynak uygulamalar\u0131 y\u0131ld\u0131r\u0131mdan korunma, topraklama, katodik koruma ve metro sistemleri gibi kritik altyap\u0131 sistemleri i\u00e7in g\u00fcvenilir bir ba\u011flant\u0131 \u015feklidir.  Y\u0131ld\u0131r\u0131mdan Korunma Merkezi \u00fcr\u00fcn gam\u0131nda\u00a0 Termokaynak potas\u0131 \u00fcr\u00fcnlerinin t\u00fcm modellerine ula\u015fabilirsiniz.  Teklif almak ve detay bilgi edinmek i\u00e7in info@yilkomer.com adresinden bizlere ula\u015fabilirsiniz.  \u00dcR\u00dcN TALEP FORMU\" \/>\n<meta property=\"og:url\" content=\"https:\/\/yilkomer.com\/ru\/urun\/termokaynak-potasi\/\" \/>\n<meta property=\"og:site_name\" content=\"Y\u0131lkomer\" \/>\n<meta property=\"article:modified_time\" content=\"2020-12-10T08:41:37+00:00\" \/>\n<meta property=\"og:image\" content=\"https:\/\/yilkomer.com\/wp-content\/uploads\/2020\/11\/Termokaynak-potasi-yilkomer.png\" \/>\n\t<meta property=\"og:image:width\" content=\"1024\" \/>\n\t<meta property=\"og:image:height\" content=\"615\" \/>\n\t<meta property=\"og:image:type\" content=\"image\/png\" \/>\n<script type=\"application\/ld+json\" class=\"yoast-schema-graph\">{\"@context\":\"https:\\\/\\\/schema.org\",\"@graph\":[{\"@type\":\"WebPage\",\"@id\":\"https:\\\/\\\/yilkomer.com\\\/ru\\\/urun\\\/termokaynak-potasi\\\/\",\"url\":\"https:\\\/\\\/yilkomer.com\\\/ru\\\/urun\\\/termokaynak-potasi\\\/\",\"name\":\"Termokaynak Potas\u0131 | Y\u0131lkomer\",\"isPartOf\":{\"@id\":\"https:\\\/\\\/yilkomer.com\\\/ru\\\/#website\"},\"primaryImageOfPage\":{\"@id\":\"https:\\\/\\\/yilkomer.com\\\/ru\\\/urun\\\/termokaynak-potasi\\\/#primaryimage\"},\"image\":{\"@id\":\"https:\\\/\\\/yilkomer.com\\\/ru\\\/urun\\\/termokaynak-potasi\\\/#primaryimage\"},\"thumbnailUrl\":\"https:\\\/\\\/yilkomer.com\\\/wp-content\\\/uploads\\\/2020\\\/11\\\/Termokaynak-potasi-yilkomer.jpg\",\"datePublished\":\"2020-11-08T19:47:25+00:00\",\"dateModified\":\"2020-12-10T08:41:37+00:00\",\"description\":\"Termokaynak uygulamalar\u0131nda iletken ve elektrot tipine g\u00f6re \u00fcretilen ve se\u00e7ilen termokaynak potas\u0131 sistemin en \u00f6nemli eleman\u0131d\u0131r. hemen incele\",\"breadcrumb\":{\"@id\":\"https:\\\/\\\/yilkomer.com\\\/ru\\\/urun\\\/termokaynak-potasi\\\/#breadcrumb\"},\"inLanguage\":\"ru-RU\",\"potentialAction\":[{\"@type\":\"ReadAction\",\"target\":[\"https:\\\/\\\/yilkomer.com\\\/ru\\\/urun\\\/termokaynak-potasi\\\/\"]}]},{\"@type\":\"ImageObject\",\"inLanguage\":\"ru-RU\",\"@id\":\"https:\\\/\\\/yilkomer.com\\\/ru\\\/urun\\\/termokaynak-potasi\\\/#primaryimage\",\"url\":\"https:\\\/\\\/yilkomer.com\\\/wp-content\\\/uploads\\\/2020\\\/11\\\/Termokaynak-potasi-yilkomer.jpg\",\"contentUrl\":\"https:\\\/\\\/yilkomer.com\\\/wp-content\\\/uploads\\\/2020\\\/11\\\/Termokaynak-potasi-yilkomer.jpg\",\"width\":1024,\"height\":615,\"caption\":\"Topraklama \u00dcr\u00fcnleri Termokaynak Potas\u0131\"},{\"@type\":\"BreadcrumbList\",\"@id\":\"https:\\\/\\\/yilkomer.com\\\/ru\\\/urun\\\/termokaynak-potasi\\\/#breadcrumb\",\"itemListElement\":[{\"@type\":\"ListItem\",\"position\":1,\"name\":\"Ana Sayfa\",\"item\":\"https:\\\/\\\/yilkomer.com\\\/ru\\\/\"},{\"@type\":\"ListItem\",\"position\":2,\"name\":\"Ma\u011faza\",\"item\":\"https:\\\/\\\/yilkomer.com\\\/magaza\\\/\"},{\"@type\":\"ListItem\",\"position\":3,\"name\":\"Termokaynak Potas\u0131\"}]},{\"@type\":\"WebSite\",\"@id\":\"https:\\\/\\\/yilkomer.com\\\/ru\\\/#website\",\"url\":\"https:\\\/\\\/yilkomer.com\\\/ru\\\/\",\"name\":\"Y\u0131lkomer\",\"description\":\"\",\"publisher\":{\"@id\":\"https:\\\/\\\/yilkomer.com\\\/ru\\\/#organization\"},\"alternateName\":\"Y\u0131lkomer\",\"potentialAction\":[{\"@type\":\"SearchAction\",\"target\":{\"@type\":\"EntryPoint\",\"urlTemplate\":\"https:\\\/\\\/yilkomer.com\\\/ru\\\/?s={search_term_string}\"},\"query-input\":{\"@type\":\"PropertyValueSpecification\",\"valueRequired\":true,\"valueName\":\"search_term_string\"}}],\"inLanguage\":\"ru-RU\"},{\"@type\":\"Organization\",\"@id\":\"https:\\\/\\\/yilkomer.com\\\/ru\\\/#organization\",\"name\":\"Yilkomer\",\"url\":\"https:\\\/\\\/yilkomer.com\\\/ru\\\/\",\"logo\":{\"@type\":\"ImageObject\",\"inLanguage\":\"ru-RU\",\"@id\":\"https:\\\/\\\/yilkomer.com\\\/ru\\\/#\\\/schema\\\/logo\\\/image\\\/\",\"url\":\"https:\\\/\\\/yilkomer.com\\\/wp-content\\\/uploads\\\/2015\\\/01\\\/logo.png\",\"contentUrl\":\"https:\\\/\\\/yilkomer.com\\\/wp-content\\\/uploads\\\/2015\\\/01\\\/logo.png\",\"width\":1000,\"height\":189,\"caption\":\"Yilkomer\"},\"image\":{\"@id\":\"https:\\\/\\\/yilkomer.com\\\/ru\\\/#\\\/schema\\\/logo\\\/image\\\/\"}}]}<\/script>\n<!-- \/ Yoast SEO Premium plugin. -->","yoast_head_json":{"title":"Termokaynak Potas\u0131 | Y\u0131lkomer","description":"Termokaynak uygulamalar\u0131nda iletken ve elektrot tipine g\u00f6re \u00fcretilen ve se\u00e7ilen termokaynak potas\u0131 sistemin en \u00f6nemli eleman\u0131d\u0131r. hemen incele","robots":{"index":"index","follow":"follow","max-snippet":"max-snippet:-1","max-image-preview":"max-image-preview:large","max-video-preview":"max-video-preview:-1"},"canonical":"https:\/\/yilkomer.com\/ru\/urun\/termokaynak-potasi\/","og_locale":"ru_RU","og_type":"article","og_title":"Termokaynak Potas\u0131","og_description":"Termokaynak uygulamalar\u0131nda iletken ve elektrot tipine g\u00f6re \u00fcretilen ve se\u00e7ilen termokaynak potas\u0131 sistemin en \u00f6nemli eleman\u0131d\u0131r.  Termokaynak potas\u0131 yap\u0131lacak termokaynak i\u015flemine se\u00e7ilmelidir; L tipi, T tipi gibi elektrot ve iletken konumlar\u0131na g\u00f6re termokaynak potas\u0131 dizayn edilmelidir. \u0130letken kesiti ve elektrot kesiti termokaynak potas\u0131n\u0131n se\u00e7imi i\u00e7in olduk\u00e7a \u00f6nemlidir. 50mm2, 120mm2, 150mm2, \u00f6rg\u00fcl\u00fc yada \u00f6rg\u00fcs\u00fcz \u015fekilde iletken t\u00fcr\u00fc do\u011fru tasvir edilmelidir. 50mm2 \u00f6rg\u00fcl\u00fc iletken ile 50mm2 \u00f6rg\u00fcs\u00fcz iletken i\u00e7in termokaynak potas\u0131 farkl\u0131d\u0131r. Termokaynak sistemi bir sistemdir; termokaynak potas\u0131 i\u00e7erisinde konulan toz o sistemde iletken kesitine g\u00f6re gramaj\u0131 belirlenen bir elemanken; tozu akmamas\u0131n\u0131 sa\u011flayan ve potay\u0131 s\u0131ms\u0131k\u0131 saran termokaynak pensesi pota ile uyumlu olmal\u0131d\u0131r. T\u00fcm sistem bir koordinasyona sahip olmal\u0131d\u0131r. Termokaynak potalar\u0131 olu\u015fan ergime s\u0131ras\u0131nda \u0131s\u0131y\u0131 muhafaza edebilmeli; iletkenlerin en y\u00fcksek \u0131s\u0131da kayna\u015fmas\u0131na imkan sa\u011flamal\u0131d\u0131r. Termokaynak potas\u0131 kesinlikle termokaynak i\u015flemi s\u0131ras\u0131nda erimeye u\u011framamal\u0131d\u0131r.  Termokaynak i\u015flemleri sadece bak\u0131r-bak\u0131r aras\u0131nda olmamaktad\u0131r. Bak\u0131rdan \u00e7eli\u011fe ve bak\u0131rdan demire kaynak yapman\u0131z m\u00fcmk\u00fcnd\u00fcr. Termokaynak uygulamalar\u0131 y\u0131ld\u0131r\u0131mdan korunma, topraklama, katodik koruma ve metro sistemleri gibi kritik altyap\u0131 sistemleri i\u00e7in g\u00fcvenilir bir ba\u011flant\u0131 \u015feklidir.  Y\u0131ld\u0131r\u0131mdan Korunma Merkezi \u00fcr\u00fcn gam\u0131nda\u00a0 Termokaynak potas\u0131 \u00fcr\u00fcnlerinin t\u00fcm modellerine ula\u015fabilirsiniz.  Teklif almak ve detay bilgi edinmek i\u00e7in info@yilkomer.com adresinden bizlere ula\u015fabilirsiniz.  \u00dcR\u00dcN TALEP FORMU","og_url":"https:\/\/yilkomer.com\/ru\/urun\/termokaynak-potasi\/","og_site_name":"Y\u0131lkomer","article_modified_time":"2020-12-10T08:41:37+00:00","og_image":[{"width":1024,"height":615,"url":"https:\/\/yilkomer.com\/wp-content\/uploads\/2020\/11\/Termokaynak-potasi-yilkomer.png","type":"image\/png"}],"schema":{"@context":"https:\/\/schema.org","@graph":[{"@type":"WebPage","@id":"https:\/\/yilkomer.com\/ru\/urun\/termokaynak-potasi\/","url":"https:\/\/yilkomer.com\/ru\/urun\/termokaynak-potasi\/","name":"Termokaynak Potas\u0131 | Y\u0131lkomer","isPartOf":{"@id":"https:\/\/yilkomer.com\/ru\/#website"},"primaryImageOfPage":{"@id":"https:\/\/yilkomer.com\/ru\/urun\/termokaynak-potasi\/#primaryimage"},"image":{"@id":"https:\/\/yilkomer.com\/ru\/urun\/termokaynak-potasi\/#primaryimage"},"thumbnailUrl":"https:\/\/yilkomer.com\/wp-content\/uploads\/2020\/11\/Termokaynak-potasi-yilkomer.jpg","datePublished":"2020-11-08T19:47:25+00:00","dateModified":"2020-12-10T08:41:37+00:00","description":"Termokaynak uygulamalar\u0131nda iletken ve elektrot tipine g\u00f6re \u00fcretilen ve se\u00e7ilen termokaynak potas\u0131 sistemin en \u00f6nemli eleman\u0131d\u0131r. hemen incele","breadcrumb":{"@id":"https:\/\/yilkomer.com\/ru\/urun\/termokaynak-potasi\/#breadcrumb"},"inLanguage":"ru-RU","potentialAction":[{"@type":"ReadAction","target":["https:\/\/yilkomer.com\/ru\/urun\/termokaynak-potasi\/"]}]},{"@type":"ImageObject","inLanguage":"ru-RU","@id":"https:\/\/yilkomer.com\/ru\/urun\/termokaynak-potasi\/#primaryimage","url":"https:\/\/yilkomer.com\/wp-content\/uploads\/2020\/11\/Termokaynak-potasi-yilkomer.jpg","contentUrl":"https:\/\/yilkomer.com\/wp-content\/uploads\/2020\/11\/Termokaynak-potasi-yilkomer.jpg","width":1024,"height":615,"caption":"Topraklama \u00dcr\u00fcnleri Termokaynak Potas\u0131"},{"@type":"BreadcrumbList","@id":"https:\/\/yilkomer.com\/ru\/urun\/termokaynak-potasi\/#breadcrumb","itemListElement":[{"@type":"ListItem","position":1,"name":"Ana Sayfa","item":"https:\/\/yilkomer.com\/ru\/"},{"@type":"ListItem","position":2,"name":"Ma\u011faza","item":"https:\/\/yilkomer.com\/magaza\/"},{"@type":"ListItem","position":3,"name":"Termokaynak Potas\u0131"}]},{"@type":"WebSite","@id":"https:\/\/yilkomer.com\/ru\/#website","url":"https:\/\/yilkomer.com\/ru\/","name":"Y\u0131lkomer","description":"","publisher":{"@id":"https:\/\/yilkomer.com\/ru\/#organization"},"alternateName":"Y\u0131lkomer","potentialAction":[{"@type":"SearchAction","target":{"@type":"EntryPoint","urlTemplate":"https:\/\/yilkomer.com\/ru\/?s={search_term_string}"},"query-input":{"@type":"PropertyValueSpecification","valueRequired":true,"valueName":"search_term_string"}}],"inLanguage":"ru-RU"},{"@type":"Organization","@id":"https:\/\/yilkomer.com\/ru\/#organization","name":"Yilkomer","url":"https:\/\/yilkomer.com\/ru\/","logo":{"@type":"ImageObject","inLanguage":"ru-RU","@id":"https:\/\/yilkomer.com\/ru\/#\/schema\/logo\/image\/","url":"https:\/\/yilkomer.com\/wp-content\/uploads\/2015\/01\/logo.png","contentUrl":"https:\/\/yilkomer.com\/wp-content\/uploads\/2015\/01\/logo.png","width":1000,"height":189,"caption":"Yilkomer"},"image":{"@id":"https:\/\/yilkomer.com\/ru\/#\/schema\/logo\/image\/"}}]}},"_links":{"self":[{"href":"https:\/\/yilkomer.com\/ru\/wp-json\/wp\/v2\/product\/14271","targetHints":{"allow":["GET"]}}],"collection":[{"href":"https:\/\/yilkomer.com\/ru\/wp-json\/wp\/v2\/product"}],"about":[{"href":"https:\/\/yilkomer.com\/ru\/wp-json\/wp\/v2\/types\/product"}],"replies":[{"embeddable":true,"href":"https:\/\/yilkomer.com\/ru\/wp-json\/wp\/v2\/comments?post=14271"}],"wp:featuredmedia":[{"embeddable":true,"href":"https:\/\/yilkomer.com\/ru\/wp-json\/wp\/v2\/media\/14780"}],"wp:attachment":[{"href":"https:\/\/yilkomer.com\/ru\/wp-json\/wp\/v2\/media?parent=14271"}],"wp:term":[{"taxonomy":"product_brand","embeddable":true,"href":"https:\/\/yilkomer.com\/ru\/wp-json\/wp\/v2\/product_brand?post=14271"},{"taxonomy":"product_cat","embeddable":true,"href":"https:\/\/yilkomer.com\/ru\/wp-json\/wp\/v2\/product_cat?post=14271"},{"taxonomy":"product_tag","embeddable":true,"href":"https:\/\/yilkomer.com\/ru\/wp-json\/wp\/v2\/product_tag?post=14271"}],"curies":[{"name":"wp","href":"https:\/\/api.w.org\/{rel}","templated":true}]}}