{"id":14262,"date":"2020-11-08T19:39:23","date_gmt":"2020-11-08T19:39:23","guid":{"rendered":"https:\/\/yilkomer.com\/?post_type=product&#038;p=14262"},"modified":"2020-12-13T21:04:50","modified_gmt":"2020-12-13T21:04:50","slug":"termokaynak-pota-pensesi","status":"publish","type":"product","link":"https:\/\/yilkomer.com\/ru\/urun\/termokaynak-pota-pensesi\/","title":{"rendered":"Termokaynak Pota Pensesi"},"content":{"rendered":"","protected":false},"excerpt":{"rendered":"<p style=\"font-weight: 400;\">Termokaynak pensesi ; termokaynak uygulamalar\u0131nda termokaynak potas\u0131na konulan termokaynak tozunun alttan ka\u00e7mamas\u0131 i\u00e7in termokaynak potas\u0131n\u0131 kapatmaya yaramaktad\u0131r. Bu s\u0131kma i\u015flemin\u015f do\u011fru yapamaz ise termokaynak i\u015flemi ba\u015far\u0131s\u0131z olur. Termokaynak potas\u0131 ile koordineli \u00e7al\u0131\u015fmas\u0131 gereken termokaynak pensesi termokaynak uygulamalar\u0131n\u0131n en etkin \u00fcr\u00fcn\u00fcd\u00fcr.<\/p>\n<p style=\"font-weight: 400;\">Termokaynak pensesini se\u00e7erken kullan\u0131lan potan\u0131n \u00f6zelliklerine hakim olmam\u0131z gereklidir. Pense pota giri\u015flerine uygun olaca\u011f\u0131 i\u00e7in farkl\u0131 marka pota ve pense birbirine uyumlu olmayabilir. Bu nedenle termokaynak sistemi bir b\u00fct\u00fcnd\u00fcr ve t\u00fcm sistem elemanlar\u0131 tak\u0131m olmal\u0131d\u0131r.<\/p>\n<p style=\"font-weight: 400;\">Y\u0131lkomer \u00fcr\u00fcn grubu i\u00e7erisinde yer alan termokaynak pensesi \u00fcr\u00fcn\u00fcm\u00fcz i\u00e7in \u00fcr\u00fcn talebinde bulunabilir; detay ve bilgi i\u00e7in <a href=\"mailto:info@yilkomer.com\">info@yilkomer.com<\/a>\u00a0adresine mail atabilirsiniz.<\/p>\n<p><strong>\u00dcR\u00dcN TALEP FORMU<\/strong><\/p>\n\n<div class=\"wpcf7 no-js\" id=\"wpcf7-f13461-o1\" lang=\"tr-TR\" dir=\"ltr\" data-wpcf7-id=\"13461\">\n<div class=\"screen-reader-response\"><p role=\"status\" aria-live=\"polite\" aria-atomic=\"true\"><\/p> <ul><\/ul><\/div>\n<form action=\"\/ru\/wp-json\/wp\/v2\/product\/14262#wpcf7-f13461-o1\" method=\"post\" class=\"wpcf7-form init\" aria-label=\"\u0130leti\u015fim Formu\" novalidate=\"novalidate\" data-status=\"init\">\n<fieldset class=\"hidden-fields-container\"><input type=\"hidden\" name=\"_wpcf7\" value=\"13461\" \/><input type=\"hidden\" name=\"_wpcf7_version\" value=\"6.1.5\" \/><input type=\"hidden\" name=\"_wpcf7_locale\" value=\"tr_TR\" \/><input type=\"hidden\" name=\"_wpcf7_unit_tag\" value=\"wpcf7-f13461-o1\" \/><input type=\"hidden\" name=\"_wpcf7_container_post\" value=\"0\" \/><input type=\"hidden\" name=\"_wpcf7_posted_data_hash\" value=\"\" \/><input type=\"hidden\" name=\"_wpcf7_recaptcha_response\" value=\"\" \/>\n<\/fieldset>\n<div class=\"column one-second\">\n\t<p><span class=\"wpcf7-form-control-wrap\" data-name=\"your-name\"><input size=\"40\" maxlength=\"400\" class=\"wpcf7-form-control wpcf7-text wpcf7-validates-as-required\" aria-required=\"true\" aria-invalid=\"false\" placeholder=\"Ad Soyad\" value=\"\" type=\"text\" name=\"your-name\" \/><\/span>\n\t<\/p>\n<\/div>\n<div class=\"column one-second\">\n\t<p><span class=\"wpcf7-form-control-wrap\" data-name=\"your-email\"><input size=\"40\" maxlength=\"400\" class=\"wpcf7-form-control wpcf7-email wpcf7-validates-as-required wpcf7-text wpcf7-validates-as-email\" aria-required=\"true\" aria-invalid=\"false\" placeholder=\"e-posta\" value=\"\" type=\"email\" name=\"your-email\" \/><\/span>\n\t<\/p>\n<\/div>\n<div class=\"column one\">\n\t<p><span class=\"wpcf7-form-control-wrap\" data-name=\"tel-196\"><input size=\"40\" maxlength=\"400\" class=\"wpcf7-form-control wpcf7-tel wpcf7-validates-as-required wpcf7-text wpcf7-validates-as-tel\" aria-required=\"true\" aria-invalid=\"false\" placeholder=\"Telefon\" value=\"\" type=\"tel\" name=\"tel-196\" \/><\/span>\n\t<\/p>\n<\/div>\n<div class=\"column one\">\n\t<p><span class=\"wpcf7-form-control-wrap\" data-name=\"text-637\"><input size=\"40\" maxlength=\"400\" class=\"wpcf7-form-control wpcf7-text wpcf7-validates-as-required\" aria-required=\"true\" aria-invalid=\"false\" placeholder=\"\u00dcr\u00fcn Ad\u0131\" value=\"\" type=\"text\" name=\"text-637\" \/><\/span>\n\t<\/p>\n<\/div>\n<div class=\"column one\">\n\t<p><span class=\"wpcf7-form-control-wrap\" data-name=\"your-message\"><textarea cols=\"40\" rows=\"5\" maxlength=\"2000\" class=\"wpcf7-form-control wpcf7-textarea\" aria-invalid=\"false\" placeholder=\"Mesaj\" name=\"your-message\"><\/textarea><\/span>\n\t<\/p>\n<\/div>\n<div class=\"column one\">\n\t<p><input class=\"wpcf7-form-control wpcf7-submit has-spinner button_full_width\" type=\"submit\" value=\"Teklif Al\" \/>\n\t<\/p>\n<\/div><div class=\"wpcf7-response-output\" aria-hidden=\"true\"><\/div>\n<\/form>\n<\/div>\n\n","protected":false},"featured_media":14263,"comment_status":"open","ping_status":"closed","template":"","meta":{"_joinchat":[]},"product_brand":[],"product_cat":[92],"product_tag":[],"class_list":{"0":"post-14262","1":"product","2":"type-product","3":"status-publish","4":"has-post-thumbnail","6":"product_cat-topraklama-merkezi","8":"first","9":"instock","10":"shipping-taxable","11":"product-type-simple"},"yoast_head":"<!-- This site is optimized with the Yoast SEO Premium plugin v19.2.1 (Yoast SEO v27.5) - https:\/\/yoast.com\/product\/yoast-seo-premium-wordpress\/ -->\n<title>Termokaynak Pota Pensesi | Y\u0131lkomer<\/title>\n<meta name=\"description\" content=\"Termokaynak pensesi ; termokaynak uygulamalar\u0131nda termokaynak potas\u0131na konulan termokaynak tozunun alttan ka\u00e7mamas\u0131 i\u00e7in termokaynak potas\u0131\" \/>\n<meta name=\"robots\" content=\"index, follow, max-snippet:-1, max-image-preview:large, max-video-preview:-1\" \/>\n<link rel=\"canonical\" href=\"https:\/\/yilkomer.com\/ru\/urun\/termokaynak-pota-pensesi\/\" \/>\n<meta property=\"og:locale\" content=\"ru_RU\" \/>\n<meta property=\"og:type\" content=\"article\" \/>\n<meta property=\"og:title\" content=\"Termokaynak Pota Pensesi\" \/>\n<meta property=\"og:description\" content=\"Termokaynak pensesi ; termokaynak uygulamalar\u0131nda termokaynak potas\u0131na konulan termokaynak tozunun alttan ka\u00e7mamas\u0131 i\u00e7in termokaynak potas\u0131n\u0131 kapatmaya yaramaktad\u0131r. Bu s\u0131kma i\u015flemin\u015f do\u011fru yapamaz ise termokaynak i\u015flemi ba\u015far\u0131s\u0131z olur. Termokaynak potas\u0131 ile koordineli \u00e7al\u0131\u015fmas\u0131 gereken termokaynak pensesi termokaynak uygulamalar\u0131n\u0131n en etkin \u00fcr\u00fcn\u00fcd\u00fcr. Termokaynak pensesini se\u00e7erken kullan\u0131lan potan\u0131n \u00f6zelliklerine hakim olmam\u0131z gereklidir. Pense pota giri\u015flerine uygun olaca\u011f\u0131 i\u00e7in farkl\u0131 marka pota ve pense birbirine uyumlu olmayabilir. Bu nedenle termokaynak sistemi bir b\u00fct\u00fcnd\u00fcr ve t\u00fcm sistem elemanlar\u0131 tak\u0131m olmal\u0131d\u0131r. Y\u0131lkomer \u00fcr\u00fcn grubu i\u00e7erisinde yer alan termokaynak pensesi \u00fcr\u00fcn\u00fcm\u00fcz i\u00e7in \u00fcr\u00fcn talebinde bulunabilir; detay ve bilgi i\u00e7in info@yilkomer.com\u00a0adresine mail atabilirsiniz. \u00dcR\u00dcN TALEP FORMU\" \/>\n<meta property=\"og:url\" content=\"https:\/\/yilkomer.com\/ru\/urun\/termokaynak-pota-pensesi\/\" \/>\n<meta property=\"og:site_name\" content=\"Y\u0131lkomer\" \/>\n<meta property=\"article:modified_time\" content=\"2020-12-13T21:04:50+00:00\" \/>\n<meta property=\"og:image\" content=\"https:\/\/yilkomer.com\/wp-content\/uploads\/2020\/11\/TERMOKAYNAK-POTA-PENSESI.jpg\" \/>\n\t<meta property=\"og:image:width\" content=\"270\" \/>\n\t<meta property=\"og:image:height\" content=\"270\" \/>\n\t<meta property=\"og:image:type\" content=\"image\/jpeg\" \/>\n<script type=\"application\/ld+json\" class=\"yoast-schema-graph\">{\"@context\":\"https:\\\/\\\/schema.org\",\"@graph\":[{\"@type\":\"WebPage\",\"@id\":\"https:\\\/\\\/yilkomer.com\\\/ru\\\/urun\\\/termokaynak-pota-pensesi\\\/\",\"url\":\"https:\\\/\\\/yilkomer.com\\\/ru\\\/urun\\\/termokaynak-pota-pensesi\\\/\",\"name\":\"Termokaynak Pota Pensesi | Y\u0131lkomer\",\"isPartOf\":{\"@id\":\"https:\\\/\\\/yilkomer.com\\\/ru\\\/#website\"},\"primaryImageOfPage\":{\"@id\":\"https:\\\/\\\/yilkomer.com\\\/ru\\\/urun\\\/termokaynak-pota-pensesi\\\/#primaryimage\"},\"image\":{\"@id\":\"https:\\\/\\\/yilkomer.com\\\/ru\\\/urun\\\/termokaynak-pota-pensesi\\\/#primaryimage\"},\"thumbnailUrl\":\"https:\\\/\\\/yilkomer.com\\\/wp-content\\\/uploads\\\/2020\\\/11\\\/TERMOKAYNAK-POTA-PENSESI.jpg\",\"datePublished\":\"2020-11-08T19:39:23+00:00\",\"dateModified\":\"2020-12-13T21:04:50+00:00\",\"description\":\"Termokaynak pensesi ; termokaynak uygulamalar\u0131nda termokaynak potas\u0131na konulan termokaynak tozunun alttan ka\u00e7mamas\u0131 i\u00e7in termokaynak potas\u0131\",\"breadcrumb\":{\"@id\":\"https:\\\/\\\/yilkomer.com\\\/ru\\\/urun\\\/termokaynak-pota-pensesi\\\/#breadcrumb\"},\"inLanguage\":\"ru-RU\",\"potentialAction\":[{\"@type\":\"ReadAction\",\"target\":[\"https:\\\/\\\/yilkomer.com\\\/ru\\\/urun\\\/termokaynak-pota-pensesi\\\/\"]}]},{\"@type\":\"ImageObject\",\"inLanguage\":\"ru-RU\",\"@id\":\"https:\\\/\\\/yilkomer.com\\\/ru\\\/urun\\\/termokaynak-pota-pensesi\\\/#primaryimage\",\"url\":\"https:\\\/\\\/yilkomer.com\\\/wp-content\\\/uploads\\\/2020\\\/11\\\/TERMOKAYNAK-POTA-PENSESI.jpg\",\"contentUrl\":\"https:\\\/\\\/yilkomer.com\\\/wp-content\\\/uploads\\\/2020\\\/11\\\/TERMOKAYNAK-POTA-PENSESI.jpg\",\"width\":270,\"height\":270,\"caption\":\"Termokaynak pensesi\"},{\"@type\":\"BreadcrumbList\",\"@id\":\"https:\\\/\\\/yilkomer.com\\\/ru\\\/urun\\\/termokaynak-pota-pensesi\\\/#breadcrumb\",\"itemListElement\":[{\"@type\":\"ListItem\",\"position\":1,\"name\":\"Ana Sayfa\",\"item\":\"https:\\\/\\\/yilkomer.com\\\/ru\\\/\"},{\"@type\":\"ListItem\",\"position\":2,\"name\":\"Ma\u011faza\",\"item\":\"https:\\\/\\\/yilkomer.com\\\/magaza\\\/\"},{\"@type\":\"ListItem\",\"position\":3,\"name\":\"Termokaynak Pota Pensesi\"}]},{\"@type\":\"WebSite\",\"@id\":\"https:\\\/\\\/yilkomer.com\\\/ru\\\/#website\",\"url\":\"https:\\\/\\\/yilkomer.com\\\/ru\\\/\",\"name\":\"Y\u0131lkomer\",\"description\":\"\",\"publisher\":{\"@id\":\"https:\\\/\\\/yilkomer.com\\\/ru\\\/#organization\"},\"alternateName\":\"Y\u0131lkomer\",\"potentialAction\":[{\"@type\":\"SearchAction\",\"target\":{\"@type\":\"EntryPoint\",\"urlTemplate\":\"https:\\\/\\\/yilkomer.com\\\/ru\\\/?s={search_term_string}\"},\"query-input\":{\"@type\":\"PropertyValueSpecification\",\"valueRequired\":true,\"valueName\":\"search_term_string\"}}],\"inLanguage\":\"ru-RU\"},{\"@type\":\"Organization\",\"@id\":\"https:\\\/\\\/yilkomer.com\\\/ru\\\/#organization\",\"name\":\"Yilkomer\",\"url\":\"https:\\\/\\\/yilkomer.com\\\/ru\\\/\",\"logo\":{\"@type\":\"ImageObject\",\"inLanguage\":\"ru-RU\",\"@id\":\"https:\\\/\\\/yilkomer.com\\\/ru\\\/#\\\/schema\\\/logo\\\/image\\\/\",\"url\":\"https:\\\/\\\/yilkomer.com\\\/wp-content\\\/uploads\\\/2015\\\/01\\\/logo.png\",\"contentUrl\":\"https:\\\/\\\/yilkomer.com\\\/wp-content\\\/uploads\\\/2015\\\/01\\\/logo.png\",\"width\":1000,\"height\":189,\"caption\":\"Yilkomer\"},\"image\":{\"@id\":\"https:\\\/\\\/yilkomer.com\\\/ru\\\/#\\\/schema\\\/logo\\\/image\\\/\"}}]}<\/script>\n<!-- \/ Yoast SEO Premium plugin. -->","yoast_head_json":{"title":"Termokaynak Pota Pensesi | Y\u0131lkomer","description":"Termokaynak pensesi ; termokaynak uygulamalar\u0131nda termokaynak potas\u0131na konulan termokaynak tozunun alttan ka\u00e7mamas\u0131 i\u00e7in termokaynak potas\u0131","robots":{"index":"index","follow":"follow","max-snippet":"max-snippet:-1","max-image-preview":"max-image-preview:large","max-video-preview":"max-video-preview:-1"},"canonical":"https:\/\/yilkomer.com\/ru\/urun\/termokaynak-pota-pensesi\/","og_locale":"ru_RU","og_type":"article","og_title":"Termokaynak Pota Pensesi","og_description":"Termokaynak pensesi ; termokaynak uygulamalar\u0131nda termokaynak potas\u0131na konulan termokaynak tozunun alttan ka\u00e7mamas\u0131 i\u00e7in termokaynak potas\u0131n\u0131 kapatmaya yaramaktad\u0131r. Bu s\u0131kma i\u015flemin\u015f do\u011fru yapamaz ise termokaynak i\u015flemi ba\u015far\u0131s\u0131z olur. Termokaynak potas\u0131 ile koordineli \u00e7al\u0131\u015fmas\u0131 gereken termokaynak pensesi termokaynak uygulamalar\u0131n\u0131n en etkin \u00fcr\u00fcn\u00fcd\u00fcr. Termokaynak pensesini se\u00e7erken kullan\u0131lan potan\u0131n \u00f6zelliklerine hakim olmam\u0131z gereklidir. Pense pota giri\u015flerine uygun olaca\u011f\u0131 i\u00e7in farkl\u0131 marka pota ve pense birbirine uyumlu olmayabilir. Bu nedenle termokaynak sistemi bir b\u00fct\u00fcnd\u00fcr ve t\u00fcm sistem elemanlar\u0131 tak\u0131m olmal\u0131d\u0131r. Y\u0131lkomer \u00fcr\u00fcn grubu i\u00e7erisinde yer alan termokaynak pensesi \u00fcr\u00fcn\u00fcm\u00fcz i\u00e7in \u00fcr\u00fcn talebinde bulunabilir; detay ve bilgi i\u00e7in info@yilkomer.com\u00a0adresine mail atabilirsiniz. \u00dcR\u00dcN TALEP FORMU","og_url":"https:\/\/yilkomer.com\/ru\/urun\/termokaynak-pota-pensesi\/","og_site_name":"Y\u0131lkomer","article_modified_time":"2020-12-13T21:04:50+00:00","og_image":[{"width":270,"height":270,"url":"https:\/\/yilkomer.com\/wp-content\/uploads\/2020\/11\/TERMOKAYNAK-POTA-PENSESI.jpg","type":"image\/jpeg"}],"schema":{"@context":"https:\/\/schema.org","@graph":[{"@type":"WebPage","@id":"https:\/\/yilkomer.com\/ru\/urun\/termokaynak-pota-pensesi\/","url":"https:\/\/yilkomer.com\/ru\/urun\/termokaynak-pota-pensesi\/","name":"Termokaynak Pota Pensesi | Y\u0131lkomer","isPartOf":{"@id":"https:\/\/yilkomer.com\/ru\/#website"},"primaryImageOfPage":{"@id":"https:\/\/yilkomer.com\/ru\/urun\/termokaynak-pota-pensesi\/#primaryimage"},"image":{"@id":"https:\/\/yilkomer.com\/ru\/urun\/termokaynak-pota-pensesi\/#primaryimage"},"thumbnailUrl":"https:\/\/yilkomer.com\/wp-content\/uploads\/2020\/11\/TERMOKAYNAK-POTA-PENSESI.jpg","datePublished":"2020-11-08T19:39:23+00:00","dateModified":"2020-12-13T21:04:50+00:00","description":"Termokaynak pensesi ; termokaynak uygulamalar\u0131nda termokaynak potas\u0131na konulan termokaynak tozunun alttan ka\u00e7mamas\u0131 i\u00e7in termokaynak potas\u0131","breadcrumb":{"@id":"https:\/\/yilkomer.com\/ru\/urun\/termokaynak-pota-pensesi\/#breadcrumb"},"inLanguage":"ru-RU","potentialAction":[{"@type":"ReadAction","target":["https:\/\/yilkomer.com\/ru\/urun\/termokaynak-pota-pensesi\/"]}]},{"@type":"ImageObject","inLanguage":"ru-RU","@id":"https:\/\/yilkomer.com\/ru\/urun\/termokaynak-pota-pensesi\/#primaryimage","url":"https:\/\/yilkomer.com\/wp-content\/uploads\/2020\/11\/TERMOKAYNAK-POTA-PENSESI.jpg","contentUrl":"https:\/\/yilkomer.com\/wp-content\/uploads\/2020\/11\/TERMOKAYNAK-POTA-PENSESI.jpg","width":270,"height":270,"caption":"Termokaynak pensesi"},{"@type":"BreadcrumbList","@id":"https:\/\/yilkomer.com\/ru\/urun\/termokaynak-pota-pensesi\/#breadcrumb","itemListElement":[{"@type":"ListItem","position":1,"name":"Ana Sayfa","item":"https:\/\/yilkomer.com\/ru\/"},{"@type":"ListItem","position":2,"name":"Ma\u011faza","item":"https:\/\/yilkomer.com\/magaza\/"},{"@type":"ListItem","position":3,"name":"Termokaynak Pota Pensesi"}]},{"@type":"WebSite","@id":"https:\/\/yilkomer.com\/ru\/#website","url":"https:\/\/yilkomer.com\/ru\/","name":"Y\u0131lkomer","description":"","publisher":{"@id":"https:\/\/yilkomer.com\/ru\/#organization"},"alternateName":"Y\u0131lkomer","potentialAction":[{"@type":"SearchAction","target":{"@type":"EntryPoint","urlTemplate":"https:\/\/yilkomer.com\/ru\/?s={search_term_string}"},"query-input":{"@type":"PropertyValueSpecification","valueRequired":true,"valueName":"search_term_string"}}],"inLanguage":"ru-RU"},{"@type":"Organization","@id":"https:\/\/yilkomer.com\/ru\/#organization","name":"Yilkomer","url":"https:\/\/yilkomer.com\/ru\/","logo":{"@type":"ImageObject","inLanguage":"ru-RU","@id":"https:\/\/yilkomer.com\/ru\/#\/schema\/logo\/image\/","url":"https:\/\/yilkomer.com\/wp-content\/uploads\/2015\/01\/logo.png","contentUrl":"https:\/\/yilkomer.com\/wp-content\/uploads\/2015\/01\/logo.png","width":1000,"height":189,"caption":"Yilkomer"},"image":{"@id":"https:\/\/yilkomer.com\/ru\/#\/schema\/logo\/image\/"}}]}},"_links":{"self":[{"href":"https:\/\/yilkomer.com\/ru\/wp-json\/wp\/v2\/product\/14262","targetHints":{"allow":["GET"]}}],"collection":[{"href":"https:\/\/yilkomer.com\/ru\/wp-json\/wp\/v2\/product"}],"about":[{"href":"https:\/\/yilkomer.com\/ru\/wp-json\/wp\/v2\/types\/product"}],"replies":[{"embeddable":true,"href":"https:\/\/yilkomer.com\/ru\/wp-json\/wp\/v2\/comments?post=14262"}],"wp:featuredmedia":[{"embeddable":true,"href":"https:\/\/yilkomer.com\/ru\/wp-json\/wp\/v2\/media\/14263"}],"wp:attachment":[{"href":"https:\/\/yilkomer.com\/ru\/wp-json\/wp\/v2\/media?parent=14262"}],"wp:term":[{"taxonomy":"product_brand","embeddable":true,"href":"https:\/\/yilkomer.com\/ru\/wp-json\/wp\/v2\/product_brand?post=14262"},{"taxonomy":"product_cat","embeddable":true,"href":"https:\/\/yilkomer.com\/ru\/wp-json\/wp\/v2\/product_cat?post=14262"},{"taxonomy":"product_tag","embeddable":true,"href":"https:\/\/yilkomer.com\/ru\/wp-json\/wp\/v2\/product_tag?post=14262"}],"curies":[{"name":"wp","href":"https:\/\/api.w.org\/{rel}","templated":true}]}}