{"id":47847,"date":"2015-05-25T16:38:13","date_gmt":"2015-05-25T13:38:13","guid":{"rendered":"https:\/\/yilkomer.com\/elektrik-tesislerinde-topraklamalar-yonetmeligi\/"},"modified":"2025-12-14T14:06:39","modified_gmt":"2025-12-14T11:06:39","slug":"regulation-on-grounding-in-electrical-installations","status":"publish","type":"page","link":"https:\/\/yilkomer.com\/ru\/regulation-on-grounding-in-electrical-installations\/","title":{"rendered":"\u041f\u043e\u043b\u043e\u0436\u0435\u043d\u0438\u0435 \u043e \u0437\u0430\u0437\u0435\u043c\u043b\u0435\u043d\u0438\u0438 \u0432 \u044d\u043b\u0435\u043a\u0442\u0440\u0438\u0447\u0435\u0441\u043a\u0438\u0445 \u0443\u0441\u0442\u0430\u043d\u043e\u0432\u043a\u0430\u0445"},"content":{"rendered":"<p>[vc_row][vc_column width=&#187;1\/1&#8243;][vc_message color=&#187;info&#187;]\u0412\u044b \u043c\u043e\u0436\u0435\u0442\u0435 \u0441\u043a\u0430\u0447\u0430\u0442\u044c \u043f\u043e\u043b\u043e\u0436\u0435\u043d\u0438\u0435 \u043e \u0437\u0430\u0437\u0435\u043c\u043b\u0435\u043d\u0438\u0438 \u0432 \u044d\u043b\u0435\u043a\u0442\u0440\u0438\u0447\u0435\u0441\u043a\u0438\u0445 \u0443\u0441\u0442\u0430\u043d\u043e\u0432\u043a\u0430\u0445 \u043f\u043e \u0441\u0441\u044b\u043b\u043a\u0435 \u043d\u0438\u0436\u0435.<\/p>\n<p><strong><a href=\"https:\/\/yilkomer.com\/wp-content\/uploads\/2016\/02\/yild\u0131r\u0131mdan-korunma-standart\u0131.pdf\" target=\"_blank\" rel=\"noopener\">\u0421\u043a\u0430\u0447\u0430\u0442\u044c.<\/a><\/strong><\/p>\n<p>[\/vc_message][\/vc_column][\/vc_row]<\/p>\n","protected":false},"excerpt":{"rendered":"<p>[vc_row][vc_column width=&#187;1\/1&#8243;][vc_message color=&#187;info&#187;]\u0412\u044b \u043c\u043e\u0436\u0435\u0442\u0435 \u0441\u043a\u0430\u0447\u0430\u0442\u044c \u043f\u043e\u043b\u043e\u0436\u0435\u043d\u0438\u0435 \u043e \u0437\u0430\u0437\u0435\u043c\u043b\u0435\u043d\u0438\u0438 \u0432 \u044d\u043b\u0435\u043a\u0442\u0440\u0438\u0447\u0435\u0441\u043a\u0438\u0445 \u0443\u0441\u0442\u0430\u043d\u043e\u0432\u043a\u0430\u0445 \u043f\u043e \u0441\u0441\u044b\u043b\u043a\u0435 \u043d\u0438\u0436\u0435. \u0421\u043a\u0430\u0447\u0430\u0442\u044c. [\/vc_message][\/vc_column][\/vc_row]<\/p>\n","protected":false},"author":1,"featured_media":-1,"parent":0,"menu_order":0,"comment_status":"open","ping_status":"open","template":"","meta":{"_joinchat":[],"footnotes":""},"class_list":["post-47847","page","type-page","status-publish","has-post-thumbnail","hentry"],"yoast_head":"<!-- This site is optimized with the Yoast SEO Premium plugin v19.2.1 (Yoast SEO v27.4) - https:\/\/yoast.com\/product\/yoast-seo-premium-wordpress\/ -->\n<title>\u041f\u043e\u043b\u043e\u0436\u0435\u043d\u0438\u0435 \u043e \u0437\u0430\u0437\u0435\u043c\u043b\u0435\u043d\u0438\u0438 \u0432 \u044d\u043b\u0435\u043a\u0442\u0440\u0438\u0447\u0435\u0441\u043a\u0438\u0445 \u0443\u0441\u0442\u0430\u043d\u043e\u0432\u043a\u0430\u0445<\/title>\n<meta name=\"description\" content=\"\u0412\u044b \u043c\u043e\u0436\u0435\u0442\u0435 \u0441\u043a\u0430\u0447\u0430\u0442\u044c \u041f\u043e\u043b\u043e\u0436\u0435\u043d\u0438\u0435 \u043e \u0437\u0430\u0437\u0435\u043c\u043b\u0435\u043d\u0438\u0438 \u0432 \u044d\u043b\u0435\u043a\u0442\u0440\u0438\u0447\u0435\u0441\u043a\u0438\u0445 \u0443\u0441\u0442\u0430\u043d\u043e\u0432\u043a\u0430\u0445 \u0432 \u0444\u043e\u0440\u043c\u0430\u0442\u0435 PDF \u043f\u043e \u0441\u0441\u044b\u043b\u043a\u0435.\" \/>\n<meta name=\"robots\" content=\"index, follow, max-snippet:-1, max-image-preview:large, max-video-preview:-1\" \/>\n<link rel=\"canonical\" href=\"https:\/\/yilkomer.com\/ru\/regulation-on-grounding-in-electrical-installations\/\" \/>\n<meta property=\"og:locale\" content=\"ru_RU\" \/>\n<meta property=\"og:type\" content=\"article\" \/>\n<meta property=\"og:title\" content=\"\u041f\u043e\u043b\u043e\u0436\u0435\u043d\u0438\u0435 \u043e \u0437\u0430\u0437\u0435\u043c\u043b\u0435\u043d\u0438\u0438 \u0432 \u044d\u043b\u0435\u043a\u0442\u0440\u0438\u0447\u0435\u0441\u043a\u0438\u0445 \u0443\u0441\u0442\u0430\u043d\u043e\u0432\u043a\u0430\u0445\" \/>\n<meta property=\"og:description\" content=\"\u0412\u044b \u043c\u043e\u0436\u0435\u0442\u0435 \u0441\u043a\u0430\u0447\u0430\u0442\u044c \u043f\u043e\u043b\u043e\u0436\u0435\u043d\u0438\u0435 \u043e \u0437\u0430\u0437\u0435\u043c\u043b\u0435\u043d\u0438\u0438 \u0432 \u044d\u043b\u0435\u043a\u0442\u0440\u0438\u0447\u0435\u0441\u043a\u0438\u0445 \u0443\u0441\u0442\u0430\u043d\u043e\u0432\u043a\u0430\u0445 \u043f\u043e \u0441\u0441\u044b\u043b\u043a\u0435 \u043d\u0438\u0436\u0435.  \u0421\u043a\u0430\u0447\u0430\u0442\u044c.\" \/>\n<meta property=\"og:url\" content=\"https:\/\/yilkomer.com\/ru\/regulation-on-grounding-in-electrical-installations\/\" \/>\n<meta property=\"og:site_name\" content=\"Y\u0131lkomer\" \/>\n<meta property=\"article:modified_time\" content=\"2025-12-14T11:06:39+00:00\" \/>\n<meta name=\"twitter:label1\" content=\"\u041f\u0440\u0438\u043c\u0435\u0440\u043d\u043e\u0435 \u0432\u0440\u0435\u043c\u044f \u0434\u043b\u044f \u0447\u0442\u0435\u043d\u0438\u044f\" \/>\n\t<meta name=\"twitter:data1\" content=\"1 \u043c\u0438\u043d\u0443\u0442\u0430\" \/>\n<script type=\"application\/ld+json\" class=\"yoast-schema-graph\">{\"@context\":\"https:\\\/\\\/schema.org\",\"@graph\":[{\"@type\":\"WebPage\",\"@id\":\"https:\\\/\\\/yilkomer.com\\\/ru\\\/regulation-on-grounding-in-electrical-installations\\\/\",\"url\":\"https:\\\/\\\/yilkomer.com\\\/ru\\\/regulation-on-grounding-in-electrical-installations\\\/\",\"name\":\"\u041f\u043e\u043b\u043e\u0436\u0435\u043d\u0438\u0435 \u043e \u0437\u0430\u0437\u0435\u043c\u043b\u0435\u043d\u0438\u0438 \u0432 \u044d\u043b\u0435\u043a\u0442\u0440\u0438\u0447\u0435\u0441\u043a\u0438\u0445 \u0443\u0441\u0442\u0430\u043d\u043e\u0432\u043a\u0430\u0445\",\"isPartOf\":{\"@id\":\"https:\\\/\\\/yilkomer.com\\\/ru\\\/#website\"},\"datePublished\":\"2015-05-25T13:38:13+00:00\",\"dateModified\":\"2025-12-14T11:06:39+00:00\",\"description\":\"\u0412\u044b \u043c\u043e\u0436\u0435\u0442\u0435 \u0441\u043a\u0430\u0447\u0430\u0442\u044c \u041f\u043e\u043b\u043e\u0436\u0435\u043d\u0438\u0435 \u043e \u0437\u0430\u0437\u0435\u043c\u043b\u0435\u043d\u0438\u0438 \u0432 \u044d\u043b\u0435\u043a\u0442\u0440\u0438\u0447\u0435\u0441\u043a\u0438\u0445 \u0443\u0441\u0442\u0430\u043d\u043e\u0432\u043a\u0430\u0445 \u0432 \u0444\u043e\u0440\u043c\u0430\u0442\u0435 PDF \u043f\u043e \u0441\u0441\u044b\u043b\u043a\u0435.\",\"breadcrumb\":{\"@id\":\"https:\\\/\\\/yilkomer.com\\\/ru\\\/regulation-on-grounding-in-electrical-installations\\\/#breadcrumb\"},\"inLanguage\":\"ru-RU\",\"potentialAction\":[{\"@type\":\"ReadAction\",\"target\":[\"https:\\\/\\\/yilkomer.com\\\/ru\\\/regulation-on-grounding-in-electrical-installations\\\/\"]}]},{\"@type\":\"BreadcrumbList\",\"@id\":\"https:\\\/\\\/yilkomer.com\\\/ru\\\/regulation-on-grounding-in-electrical-installations\\\/#breadcrumb\",\"itemListElement\":[{\"@type\":\"ListItem\",\"position\":1,\"name\":\"Ana Sayfa\",\"item\":\"https:\\\/\\\/yilkomer.com\\\/ru\\\/\"},{\"@type\":\"ListItem\",\"position\":2,\"name\":\"\u041f\u043e\u043b\u043e\u0436\u0435\u043d\u0438\u0435 \u043e \u0437\u0430\u0437\u0435\u043c\u043b\u0435\u043d\u0438\u0438 \u0432 \u044d\u043b\u0435\u043a\u0442\u0440\u0438\u0447\u0435\u0441\u043a\u0438\u0445 \u0443\u0441\u0442\u0430\u043d\u043e\u0432\u043a\u0430\u0445\"}]},{\"@type\":\"WebSite\",\"@id\":\"https:\\\/\\\/yilkomer.com\\\/ru\\\/#website\",\"url\":\"https:\\\/\\\/yilkomer.com\\\/ru\\\/\",\"name\":\"Y\u0131lkomer\",\"description\":\"\",\"publisher\":{\"@id\":\"https:\\\/\\\/yilkomer.com\\\/ru\\\/#organization\"},\"alternateName\":\"Y\u0131lkomer\",\"potentialAction\":[{\"@type\":\"SearchAction\",\"target\":{\"@type\":\"EntryPoint\",\"urlTemplate\":\"https:\\\/\\\/yilkomer.com\\\/ru\\\/?s={search_term_string}\"},\"query-input\":{\"@type\":\"PropertyValueSpecification\",\"valueRequired\":true,\"valueName\":\"search_term_string\"}}],\"inLanguage\":\"ru-RU\"},{\"@type\":\"Organization\",\"@id\":\"https:\\\/\\\/yilkomer.com\\\/ru\\\/#organization\",\"name\":\"Yilkomer\",\"url\":\"https:\\\/\\\/yilkomer.com\\\/ru\\\/\",\"logo\":{\"@type\":\"ImageObject\",\"inLanguage\":\"ru-RU\",\"@id\":\"https:\\\/\\\/yilkomer.com\\\/ru\\\/#\\\/schema\\\/logo\\\/image\\\/\",\"url\":\"https:\\\/\\\/yilkomer.com\\\/wp-content\\\/uploads\\\/2015\\\/01\\\/logo.png\",\"contentUrl\":\"https:\\\/\\\/yilkomer.com\\\/wp-content\\\/uploads\\\/2015\\\/01\\\/logo.png\",\"width\":1000,\"height\":189,\"caption\":\"Yilkomer\"},\"image\":{\"@id\":\"https:\\\/\\\/yilkomer.com\\\/ru\\\/#\\\/schema\\\/logo\\\/image\\\/\"}}]}<\/script>\n<!-- \/ Yoast SEO Premium plugin. -->","yoast_head_json":{"title":"\u041f\u043e\u043b\u043e\u0436\u0435\u043d\u0438\u0435 \u043e \u0437\u0430\u0437\u0435\u043c\u043b\u0435\u043d\u0438\u0438 \u0432 \u044d\u043b\u0435\u043a\u0442\u0440\u0438\u0447\u0435\u0441\u043a\u0438\u0445 \u0443\u0441\u0442\u0430\u043d\u043e\u0432\u043a\u0430\u0445","description":"\u0412\u044b \u043c\u043e\u0436\u0435\u0442\u0435 \u0441\u043a\u0430\u0447\u0430\u0442\u044c \u041f\u043e\u043b\u043e\u0436\u0435\u043d\u0438\u0435 \u043e \u0437\u0430\u0437\u0435\u043c\u043b\u0435\u043d\u0438\u0438 \u0432 \u044d\u043b\u0435\u043a\u0442\u0440\u0438\u0447\u0435\u0441\u043a\u0438\u0445 \u0443\u0441\u0442\u0430\u043d\u043e\u0432\u043a\u0430\u0445 \u0432 \u0444\u043e\u0440\u043c\u0430\u0442\u0435 PDF \u043f\u043e \u0441\u0441\u044b\u043b\u043a\u0435.","robots":{"index":"index","follow":"follow","max-snippet":"max-snippet:-1","max-image-preview":"max-image-preview:large","max-video-preview":"max-video-preview:-1"},"canonical":"https:\/\/yilkomer.com\/ru\/regulation-on-grounding-in-electrical-installations\/","og_locale":"ru_RU","og_type":"article","og_title":"\u041f\u043e\u043b\u043e\u0436\u0435\u043d\u0438\u0435 \u043e \u0437\u0430\u0437\u0435\u043c\u043b\u0435\u043d\u0438\u0438 \u0432 \u044d\u043b\u0435\u043a\u0442\u0440\u0438\u0447\u0435\u0441\u043a\u0438\u0445 \u0443\u0441\u0442\u0430\u043d\u043e\u0432\u043a\u0430\u0445","og_description":"\u0412\u044b \u043c\u043e\u0436\u0435\u0442\u0435 \u0441\u043a\u0430\u0447\u0430\u0442\u044c \u043f\u043e\u043b\u043e\u0436\u0435\u043d\u0438\u0435 \u043e \u0437\u0430\u0437\u0435\u043c\u043b\u0435\u043d\u0438\u0438 \u0432 \u044d\u043b\u0435\u043a\u0442\u0440\u0438\u0447\u0435\u0441\u043a\u0438\u0445 \u0443\u0441\u0442\u0430\u043d\u043e\u0432\u043a\u0430\u0445 \u043f\u043e \u0441\u0441\u044b\u043b\u043a\u0435 \u043d\u0438\u0436\u0435.  \u0421\u043a\u0430\u0447\u0430\u0442\u044c.","og_url":"https:\/\/yilkomer.com\/ru\/regulation-on-grounding-in-electrical-installations\/","og_site_name":"Y\u0131lkomer","article_modified_time":"2025-12-14T11:06:39+00:00","twitter_misc":{"\u041f\u0440\u0438\u043c\u0435\u0440\u043d\u043e\u0435 \u0432\u0440\u0435\u043c\u044f \u0434\u043b\u044f \u0447\u0442\u0435\u043d\u0438\u044f":"1 \u043c\u0438\u043d\u0443\u0442\u0430"},"schema":{"@context":"https:\/\/schema.org","@graph":[{"@type":"WebPage","@id":"https:\/\/yilkomer.com\/ru\/regulation-on-grounding-in-electrical-installations\/","url":"https:\/\/yilkomer.com\/ru\/regulation-on-grounding-in-electrical-installations\/","name":"\u041f\u043e\u043b\u043e\u0436\u0435\u043d\u0438\u0435 \u043e \u0437\u0430\u0437\u0435\u043c\u043b\u0435\u043d\u0438\u0438 \u0432 \u044d\u043b\u0435\u043a\u0442\u0440\u0438\u0447\u0435\u0441\u043a\u0438\u0445 \u0443\u0441\u0442\u0430\u043d\u043e\u0432\u043a\u0430\u0445","isPartOf":{"@id":"https:\/\/yilkomer.com\/ru\/#website"},"datePublished":"2015-05-25T13:38:13+00:00","dateModified":"2025-12-14T11:06:39+00:00","description":"\u0412\u044b \u043c\u043e\u0436\u0435\u0442\u0435 \u0441\u043a\u0430\u0447\u0430\u0442\u044c \u041f\u043e\u043b\u043e\u0436\u0435\u043d\u0438\u0435 \u043e \u0437\u0430\u0437\u0435\u043c\u043b\u0435\u043d\u0438\u0438 \u0432 \u044d\u043b\u0435\u043a\u0442\u0440\u0438\u0447\u0435\u0441\u043a\u0438\u0445 \u0443\u0441\u0442\u0430\u043d\u043e\u0432\u043a\u0430\u0445 \u0432 \u0444\u043e\u0440\u043c\u0430\u0442\u0435 PDF \u043f\u043e \u0441\u0441\u044b\u043b\u043a\u0435.","breadcrumb":{"@id":"https:\/\/yilkomer.com\/ru\/regulation-on-grounding-in-electrical-installations\/#breadcrumb"},"inLanguage":"ru-RU","potentialAction":[{"@type":"ReadAction","target":["https:\/\/yilkomer.com\/ru\/regulation-on-grounding-in-electrical-installations\/"]}]},{"@type":"BreadcrumbList","@id":"https:\/\/yilkomer.com\/ru\/regulation-on-grounding-in-electrical-installations\/#breadcrumb","itemListElement":[{"@type":"ListItem","position":1,"name":"Ana Sayfa","item":"https:\/\/yilkomer.com\/ru\/"},{"@type":"ListItem","position":2,"name":"\u041f\u043e\u043b\u043e\u0436\u0435\u043d\u0438\u0435 \u043e \u0437\u0430\u0437\u0435\u043c\u043b\u0435\u043d\u0438\u0438 \u0432 \u044d\u043b\u0435\u043a\u0442\u0440\u0438\u0447\u0435\u0441\u043a\u0438\u0445 \u0443\u0441\u0442\u0430\u043d\u043e\u0432\u043a\u0430\u0445"}]},{"@type":"WebSite","@id":"https:\/\/yilkomer.com\/ru\/#website","url":"https:\/\/yilkomer.com\/ru\/","name":"Y\u0131lkomer","description":"","publisher":{"@id":"https:\/\/yilkomer.com\/ru\/#organization"},"alternateName":"Y\u0131lkomer","potentialAction":[{"@type":"SearchAction","target":{"@type":"EntryPoint","urlTemplate":"https:\/\/yilkomer.com\/ru\/?s={search_term_string}"},"query-input":{"@type":"PropertyValueSpecification","valueRequired":true,"valueName":"search_term_string"}}],"inLanguage":"ru-RU"},{"@type":"Organization","@id":"https:\/\/yilkomer.com\/ru\/#organization","name":"Yilkomer","url":"https:\/\/yilkomer.com\/ru\/","logo":{"@type":"ImageObject","inLanguage":"ru-RU","@id":"https:\/\/yilkomer.com\/ru\/#\/schema\/logo\/image\/","url":"https:\/\/yilkomer.com\/wp-content\/uploads\/2015\/01\/logo.png","contentUrl":"https:\/\/yilkomer.com\/wp-content\/uploads\/2015\/01\/logo.png","width":1000,"height":189,"caption":"Yilkomer"},"image":{"@id":"https:\/\/yilkomer.com\/ru\/#\/schema\/logo\/image\/"}}]}},"_links":{"self":[{"href":"https:\/\/yilkomer.com\/ru\/wp-json\/wp\/v2\/pages\/47847","targetHints":{"allow":["GET"]}}],"collection":[{"href":"https:\/\/yilkomer.com\/ru\/wp-json\/wp\/v2\/pages"}],"about":[{"href":"https:\/\/yilkomer.com\/ru\/wp-json\/wp\/v2\/types\/page"}],"author":[{"embeddable":true,"href":"https:\/\/yilkomer.com\/ru\/wp-json\/wp\/v2\/users\/1"}],"replies":[{"embeddable":true,"href":"https:\/\/yilkomer.com\/ru\/wp-json\/wp\/v2\/comments?post=47847"}],"version-history":[{"count":2,"href":"https:\/\/yilkomer.com\/ru\/wp-json\/wp\/v2\/pages\/47847\/revisions"}],"predecessor-version":[{"id":47854,"href":"https:\/\/yilkomer.com\/ru\/wp-json\/wp\/v2\/pages\/47847\/revisions\/47854"}],"wp:featuredmedia":[{"embeddable":true,"href":"https:\/\/yilkomer.com\/ru\/wp-json\/"}],"wp:attachment":[{"href":"https:\/\/yilkomer.com\/ru\/wp-json\/wp\/v2\/media?parent=47847"}],"curies":[{"name":"wp","href":"https:\/\/api.w.org\/{rel}","templated":true}]}}