{"id":48834,"date":"2017-01-04T06:54:01","date_gmt":"2017-01-04T03:54:01","guid":{"rendered":"https:\/\/yilkomer.com\/topraklama-cubugu\/"},"modified":"2025-12-14T15:42:19","modified_gmt":"2025-12-14T12:42:19","slug":"grounding-rod","status":"publish","type":"page","link":"https:\/\/yilkomer.com\/en\/grounding-rod\/","title":{"rendered":"Grounding Rod"},"content":{"rendered":"<p><strong>Grounding Rod<\/strong> is one of the most important components of an electrical installation. Proper grounding is essential for preventing both loss of life and property. The <em><strong>grounding rod<\/strong><\/em> is also one of the most commonly used materials when performing grounding.<\/p>\n<blockquote>\n<p style=\"text-align: center;\"><a href=\"https:\/\/yilkomer.com\/en\/product-request\/\"><strong>Get a Quick Price Quote<\/strong><\/a><\/p>\n<\/blockquote>\n<p>The grounding electrode is referred to as a deep grounding element among grounding equipment. After a 60 cm excavation, the electrodes\u2014whose driving points are determined according to calculations\u2014are generally embedded into the ground at intervals of twice their length. The material of the grounding electrode is not directly related to the <em><a href=\"https:\/\/yilkomer.com\/topraklama-direnc-degerleri-kac-ohm-olmali\/\"><strong>grounding resistance<\/strong><\/a><\/em>. For example, in a project where we use copper electrodes, we can achieve the same ground transition resistance with galvanized electrodes as well. Grounding electrode types are generally as follows;<\/p>\n<p><a href=\"https:\/\/yilkomer.com\/wp-content\/uploads\/2017\/01\/topraklama-cubugu.jpg\"><img loading=\"lazy\" decoding=\"async\" class=\"wp-image-5976 aligncenter\" src=\"https:\/\/yilkomer.com\/wp-content\/uploads\/2017\/01\/topraklama-cubugu.jpg\" alt=\"\" width=\"566\" height=\"425\" srcset=\"https:\/\/yilkomer.com\/wp-content\/uploads\/2017\/01\/topraklama-cubugu.jpg 690w, https:\/\/yilkomer.com\/wp-content\/uploads\/2017\/01\/topraklama-cubugu-300x225.jpg 300w, https:\/\/yilkomer.com\/wp-content\/uploads\/2017\/01\/topraklama-cubugu-194x146.jpg 194w, https:\/\/yilkomer.com\/wp-content\/uploads\/2017\/01\/topraklama-cubugu-50x38.jpg 50w, https:\/\/yilkomer.com\/wp-content\/uploads\/2017\/01\/topraklama-cubugu-100x75.jpg 100w\" sizes=\"auto, (max-width:767px) 480px, 566px\" \/><\/a><\/p>\n<ul>\n<li><strong>1500mm copper grounding electrode Q20<\/strong><\/li>\n<li><strong>1500mm galvanized grounding electrode Q20<\/strong><\/li>\n<\/ul>\n<p>The 1500 mm angle grounding electrode Q20 can be manufactured from different materials. The important point here is that the conductor connecting the grounding electrode must be made of the same material as the grounding rod. In addition, the use of <em><strong>corrosion tape<\/strong><\/em> at connection points is important.<\/p>\n<p><iframe loading=\"lazy\" title=\"Y\u0131ld\u0131r\u0131mdan Korunma Topraklama Ekipmanlar\u0131\" width=\"1220\" height=\"686\" src=\"https:\/\/www.youtube.com\/embed\/NwixM2h62nw?feature=oembed\" frameborder=\"0\" allow=\"accelerometer; autoplay; clipboard-write; encrypted-media; gyroscope; picture-in-picture; web-share\" referrerpolicy=\"strict-origin-when-cross-origin\" allowfullscreen><\/iframe><\/p>\n","protected":false},"excerpt":{"rendered":"<p>Grounding Rod is one of the most important components of an electrical installation. Proper grounding is essential for preventing both loss of life and property. The<span class=\"excerpt-hellip\"> [\u2026]<\/span><\/p>\n","protected":false},"author":1,"featured_media":-1,"parent":0,"menu_order":0,"comment_status":"closed","ping_status":"closed","template":"","meta":{"_joinchat":[],"footnotes":""},"class_list":["post-48834","page","type-page","status-publish","has-post-thumbnail","hentry"],"yoast_head":"<!-- This site is optimized with the Yoast SEO Premium plugin v19.2.1 (Yoast SEO v27.4) - https:\/\/yoast.com\/product\/yoast-seo-premium-wordpress\/ -->\n<title>Grounding Rod<\/title>\n<meta name=\"description\" content=\"The grounding rod is one of the most commonly used materials when performing grounding. In order for grounding to be carried out correctly, the grounding rod\" \/>\n<meta name=\"robots\" content=\"index, follow, max-snippet:-1, max-image-preview:large, max-video-preview:-1\" \/>\n<link rel=\"canonical\" href=\"https:\/\/yilkomer.com\/en\/grounding-rod\/\" \/>\n<meta property=\"og:locale\" content=\"en_US\" \/>\n<meta property=\"og:type\" content=\"article\" \/>\n<meta property=\"og:title\" content=\"Grounding Rod\" \/>\n<meta property=\"og:description\" content=\"Grounding Rod is one of the most important components of an electrical installation. Proper grounding is essential for preventing both loss of life and\" \/>\n<meta property=\"og:url\" content=\"https:\/\/yilkomer.com\/en\/grounding-rod\/\" \/>\n<meta property=\"og:site_name\" content=\"Y\u0131lkomer\" \/>\n<meta property=\"article:modified_time\" content=\"2025-12-14T12:42:19+00:00\" \/>\n<meta name=\"twitter:label1\" content=\"Est. reading time\" \/>\n\t<meta name=\"twitter:data1\" content=\"2 minutes\" \/>\n<script type=\"application\/ld+json\" class=\"yoast-schema-graph\">{\"@context\":\"https:\\\/\\\/schema.org\",\"@graph\":[{\"@type\":\"WebPage\",\"@id\":\"https:\\\/\\\/yilkomer.com\\\/en\\\/grounding-rod\\\/\",\"url\":\"https:\\\/\\\/yilkomer.com\\\/en\\\/grounding-rod\\\/\",\"name\":\"Grounding Rod\",\"isPartOf\":{\"@id\":\"https:\\\/\\\/yilkomer.com\\\/en\\\/#website\"},\"primaryImageOfPage\":{\"@id\":\"https:\\\/\\\/yilkomer.com\\\/en\\\/grounding-rod\\\/#primaryimage\"},\"image\":{\"@id\":\"https:\\\/\\\/yilkomer.com\\\/en\\\/grounding-rod\\\/#primaryimage\"},\"thumbnailUrl\":\"https:\\\/\\\/yilkomer.com\\\/wp-content\\\/uploads\\\/2017\\\/01\\\/topraklama-cubugu.jpg\",\"datePublished\":\"2017-01-04T03:54:01+00:00\",\"dateModified\":\"2025-12-14T12:42:19+00:00\",\"description\":\"The grounding rod is one of the most commonly used materials when performing grounding. In order for grounding to be carried out correctly, the grounding rod\",\"breadcrumb\":{\"@id\":\"https:\\\/\\\/yilkomer.com\\\/en\\\/grounding-rod\\\/#breadcrumb\"},\"inLanguage\":\"en-US\",\"potentialAction\":[{\"@type\":\"ReadAction\",\"target\":[\"https:\\\/\\\/yilkomer.com\\\/en\\\/grounding-rod\\\/\"]}]},{\"@type\":\"ImageObject\",\"inLanguage\":\"en-US\",\"@id\":\"https:\\\/\\\/yilkomer.com\\\/en\\\/grounding-rod\\\/#primaryimage\",\"url\":\"https:\\\/\\\/yilkomer.com\\\/wp-content\\\/uploads\\\/2017\\\/01\\\/topraklama-cubugu.jpg\",\"contentUrl\":\"https:\\\/\\\/yilkomer.com\\\/wp-content\\\/uploads\\\/2017\\\/01\\\/topraklama-cubugu.jpg\"},{\"@type\":\"BreadcrumbList\",\"@id\":\"https:\\\/\\\/yilkomer.com\\\/en\\\/grounding-rod\\\/#breadcrumb\",\"itemListElement\":[{\"@type\":\"ListItem\",\"position\":1,\"name\":\"Ana Sayfa\",\"item\":\"https:\\\/\\\/yilkomer.com\\\/en\\\/\"},{\"@type\":\"ListItem\",\"position\":2,\"name\":\"Grounding Rod\"}]},{\"@type\":\"WebSite\",\"@id\":\"https:\\\/\\\/yilkomer.com\\\/en\\\/#website\",\"url\":\"https:\\\/\\\/yilkomer.com\\\/en\\\/\",\"name\":\"Y\u0131lkomer\",\"description\":\"\",\"publisher\":{\"@id\":\"https:\\\/\\\/yilkomer.com\\\/en\\\/#organization\"},\"alternateName\":\"Y\u0131lkomer\",\"potentialAction\":[{\"@type\":\"SearchAction\",\"target\":{\"@type\":\"EntryPoint\",\"urlTemplate\":\"https:\\\/\\\/yilkomer.com\\\/en\\\/?s={search_term_string}\"},\"query-input\":{\"@type\":\"PropertyValueSpecification\",\"valueRequired\":true,\"valueName\":\"search_term_string\"}}],\"inLanguage\":\"en-US\"},{\"@type\":\"Organization\",\"@id\":\"https:\\\/\\\/yilkomer.com\\\/en\\\/#organization\",\"name\":\"Yilkomer\",\"url\":\"https:\\\/\\\/yilkomer.com\\\/en\\\/\",\"logo\":{\"@type\":\"ImageObject\",\"inLanguage\":\"en-US\",\"@id\":\"https:\\\/\\\/yilkomer.com\\\/en\\\/#\\\/schema\\\/logo\\\/image\\\/\",\"url\":\"https:\\\/\\\/yilkomer.com\\\/wp-content\\\/uploads\\\/2015\\\/01\\\/logo.png\",\"contentUrl\":\"https:\\\/\\\/yilkomer.com\\\/wp-content\\\/uploads\\\/2015\\\/01\\\/logo.png\",\"width\":1000,\"height\":189,\"caption\":\"Yilkomer\"},\"image\":{\"@id\":\"https:\\\/\\\/yilkomer.com\\\/en\\\/#\\\/schema\\\/logo\\\/image\\\/\"}}]}<\/script>\n<!-- \/ Yoast SEO Premium plugin. -->","yoast_head_json":{"title":"Grounding Rod","description":"The grounding rod is one of the most commonly used materials when performing grounding. In order for grounding to be carried out correctly, the grounding rod","robots":{"index":"index","follow":"follow","max-snippet":"max-snippet:-1","max-image-preview":"max-image-preview:large","max-video-preview":"max-video-preview:-1"},"canonical":"https:\/\/yilkomer.com\/en\/grounding-rod\/","og_locale":"en_US","og_type":"article","og_title":"Grounding Rod","og_description":"Grounding Rod is one of the most important components of an electrical installation. Proper grounding is essential for preventing both loss of life and","og_url":"https:\/\/yilkomer.com\/en\/grounding-rod\/","og_site_name":"Y\u0131lkomer","article_modified_time":"2025-12-14T12:42:19+00:00","twitter_misc":{"Est. reading time":"2 minutes"},"schema":{"@context":"https:\/\/schema.org","@graph":[{"@type":"WebPage","@id":"https:\/\/yilkomer.com\/en\/grounding-rod\/","url":"https:\/\/yilkomer.com\/en\/grounding-rod\/","name":"Grounding Rod","isPartOf":{"@id":"https:\/\/yilkomer.com\/en\/#website"},"primaryImageOfPage":{"@id":"https:\/\/yilkomer.com\/en\/grounding-rod\/#primaryimage"},"image":{"@id":"https:\/\/yilkomer.com\/en\/grounding-rod\/#primaryimage"},"thumbnailUrl":"https:\/\/yilkomer.com\/wp-content\/uploads\/2017\/01\/topraklama-cubugu.jpg","datePublished":"2017-01-04T03:54:01+00:00","dateModified":"2025-12-14T12:42:19+00:00","description":"The grounding rod is one of the most commonly used materials when performing grounding. In order for grounding to be carried out correctly, the grounding rod","breadcrumb":{"@id":"https:\/\/yilkomer.com\/en\/grounding-rod\/#breadcrumb"},"inLanguage":"en-US","potentialAction":[{"@type":"ReadAction","target":["https:\/\/yilkomer.com\/en\/grounding-rod\/"]}]},{"@type":"ImageObject","inLanguage":"en-US","@id":"https:\/\/yilkomer.com\/en\/grounding-rod\/#primaryimage","url":"https:\/\/yilkomer.com\/wp-content\/uploads\/2017\/01\/topraklama-cubugu.jpg","contentUrl":"https:\/\/yilkomer.com\/wp-content\/uploads\/2017\/01\/topraklama-cubugu.jpg"},{"@type":"BreadcrumbList","@id":"https:\/\/yilkomer.com\/en\/grounding-rod\/#breadcrumb","itemListElement":[{"@type":"ListItem","position":1,"name":"Ana Sayfa","item":"https:\/\/yilkomer.com\/en\/"},{"@type":"ListItem","position":2,"name":"Grounding Rod"}]},{"@type":"WebSite","@id":"https:\/\/yilkomer.com\/en\/#website","url":"https:\/\/yilkomer.com\/en\/","name":"Y\u0131lkomer","description":"","publisher":{"@id":"https:\/\/yilkomer.com\/en\/#organization"},"alternateName":"Y\u0131lkomer","potentialAction":[{"@type":"SearchAction","target":{"@type":"EntryPoint","urlTemplate":"https:\/\/yilkomer.com\/en\/?s={search_term_string}"},"query-input":{"@type":"PropertyValueSpecification","valueRequired":true,"valueName":"search_term_string"}}],"inLanguage":"en-US"},{"@type":"Organization","@id":"https:\/\/yilkomer.com\/en\/#organization","name":"Yilkomer","url":"https:\/\/yilkomer.com\/en\/","logo":{"@type":"ImageObject","inLanguage":"en-US","@id":"https:\/\/yilkomer.com\/en\/#\/schema\/logo\/image\/","url":"https:\/\/yilkomer.com\/wp-content\/uploads\/2015\/01\/logo.png","contentUrl":"https:\/\/yilkomer.com\/wp-content\/uploads\/2015\/01\/logo.png","width":1000,"height":189,"caption":"Yilkomer"},"image":{"@id":"https:\/\/yilkomer.com\/en\/#\/schema\/logo\/image\/"}}]}},"_links":{"self":[{"href":"https:\/\/yilkomer.com\/en\/wp-json\/wp\/v2\/pages\/48834","targetHints":{"allow":["GET"]}}],"collection":[{"href":"https:\/\/yilkomer.com\/en\/wp-json\/wp\/v2\/pages"}],"about":[{"href":"https:\/\/yilkomer.com\/en\/wp-json\/wp\/v2\/types\/page"}],"author":[{"embeddable":true,"href":"https:\/\/yilkomer.com\/en\/wp-json\/wp\/v2\/users\/1"}],"replies":[{"embeddable":true,"href":"https:\/\/yilkomer.com\/en\/wp-json\/wp\/v2\/comments?post=48834"}],"version-history":[{"count":3,"href":"https:\/\/yilkomer.com\/en\/wp-json\/wp\/v2\/pages\/48834\/revisions"}],"predecessor-version":[{"id":49412,"href":"https:\/\/yilkomer.com\/en\/wp-json\/wp\/v2\/pages\/48834\/revisions\/49412"}],"wp:featuredmedia":[{"embeddable":true,"href":"https:\/\/yilkomer.com\/en\/wp-json\/"}],"wp:attachment":[{"href":"https:\/\/yilkomer.com\/en\/wp-json\/wp\/v2\/media?parent=48834"}],"curies":[{"name":"wp","href":"https:\/\/api.w.org\/{rel}","templated":true}]}}