{"id":48622,"date":"2015-08-30T18:44:25","date_gmt":"2015-08-30T15:44:25","guid":{"rendered":"https:\/\/yilkomer.com\/paratoner-fiyatlari\/"},"modified":"2025-12-14T15:35:20","modified_gmt":"2025-12-14T12:35:20","slug":"lightning-rod-prices","status":"publish","type":"page","link":"https:\/\/yilkomer.com\/en\/lightning-rod-prices\/","title":{"rendered":"Lightning Rod Prices"},"content":{"rendered":"","protected":false},"excerpt":{"rendered":"","protected":false},"author":1,"featured_media":48623,"parent":0,"menu_order":0,"comment_status":"closed","ping_status":"closed","template":"","meta":{"_joinchat":[],"footnotes":""},"class_list":["post-48622","page","type-page","status-publish","has-post-thumbnail","hentry"],"yoast_head":"<!-- This site is optimized with the Yoast SEO Premium plugin v19.2.1 (Yoast SEO v27.4) - https:\/\/yoast.com\/product\/yoast-seo-premium-wordpress\/ -->\n<title>Lightning Rod Prices | Y\u0131lkomer<\/title>\n<meta name=\"description\" content=\"You can contact our center for lightning rod prices, ask questions, and request a price quotation. We are just one click away.\" \/>\n<meta name=\"robots\" content=\"index, follow, max-snippet:-1, max-image-preview:large, max-video-preview:-1\" \/>\n<link rel=\"canonical\" href=\"https:\/\/yilkomer.com\/en\/lightning-rod-prices\/\" \/>\n<meta property=\"og:locale\" content=\"en_US\" \/>\n<meta property=\"og:type\" content=\"article\" \/>\n<meta property=\"og:title\" content=\"Lightning Rod Prices\" \/>\n<meta property=\"og:url\" content=\"https:\/\/yilkomer.com\/en\/lightning-rod-prices\/\" \/>\n<meta property=\"og:site_name\" content=\"Y\u0131lkomer\" \/>\n<meta property=\"article:modified_time\" content=\"2025-12-14T12:35:20+00:00\" \/>\n<meta property=\"og:image\" content=\"https:\/\/yilkomer.com\/wp-content\/uploads\/2015\/08\/paratatoner-fiyatlar\u0131.jpg\" \/>\n\t<meta property=\"og:image:width\" content=\"467\" \/>\n\t<meta property=\"og:image:height\" content=\"341\" \/>\n\t<meta property=\"og:image:type\" content=\"image\/jpeg\" \/>\n<meta name=\"twitter:label1\" content=\"Est. reading time\" \/>\n\t<meta name=\"twitter:data1\" content=\"1 minute\" \/>\n<script type=\"application\/ld+json\" class=\"yoast-schema-graph\">{\"@context\":\"https:\\\/\\\/schema.org\",\"@graph\":[{\"@type\":\"WebPage\",\"@id\":\"https:\\\/\\\/yilkomer.com\\\/en\\\/lightning-rod-prices\\\/\",\"url\":\"https:\\\/\\\/yilkomer.com\\\/en\\\/lightning-rod-prices\\\/\",\"name\":\"Lightning Rod Prices | Y\u0131lkomer\",\"isPartOf\":{\"@id\":\"https:\\\/\\\/yilkomer.com\\\/en\\\/#website\"},\"primaryImageOfPage\":{\"@id\":\"https:\\\/\\\/yilkomer.com\\\/en\\\/lightning-rod-prices\\\/#primaryimage\"},\"image\":{\"@id\":\"https:\\\/\\\/yilkomer.com\\\/en\\\/lightning-rod-prices\\\/#primaryimage\"},\"thumbnailUrl\":\"https:\\\/\\\/yilkomer.com\\\/wp-content\\\/uploads\\\/2015\\\/08\\\/paratatoner-fiyatlar\u0131.jpg\",\"datePublished\":\"2015-08-30T15:44:25+00:00\",\"dateModified\":\"2025-12-14T12:35:20+00:00\",\"description\":\"You can contact our center for lightning rod prices, ask questions, and request a price quotation. We are just one click away.\",\"breadcrumb\":{\"@id\":\"https:\\\/\\\/yilkomer.com\\\/en\\\/lightning-rod-prices\\\/#breadcrumb\"},\"inLanguage\":\"en-US\",\"potentialAction\":[{\"@type\":\"ReadAction\",\"target\":[\"https:\\\/\\\/yilkomer.com\\\/en\\\/lightning-rod-prices\\\/\"]}]},{\"@type\":\"ImageObject\",\"inLanguage\":\"en-US\",\"@id\":\"https:\\\/\\\/yilkomer.com\\\/en\\\/lightning-rod-prices\\\/#primaryimage\",\"url\":\"https:\\\/\\\/yilkomer.com\\\/wp-content\\\/uploads\\\/2015\\\/08\\\/paratatoner-fiyatlar\u0131.jpg\",\"contentUrl\":\"https:\\\/\\\/yilkomer.com\\\/wp-content\\\/uploads\\\/2015\\\/08\\\/paratatoner-fiyatlar\u0131.jpg\",\"width\":467,\"height\":341,\"caption\":\"Paratoner fiyat listesi i\u00e7in firmam\u0131zla ileti\u015fime ge\u00e7ebilirsiniz.\"},{\"@type\":\"BreadcrumbList\",\"@id\":\"https:\\\/\\\/yilkomer.com\\\/en\\\/lightning-rod-prices\\\/#breadcrumb\",\"itemListElement\":[{\"@type\":\"ListItem\",\"position\":1,\"name\":\"Ana Sayfa\",\"item\":\"https:\\\/\\\/yilkomer.com\\\/en\\\/\"},{\"@type\":\"ListItem\",\"position\":2,\"name\":\"Lightning Rod Prices\"}]},{\"@type\":\"WebSite\",\"@id\":\"https:\\\/\\\/yilkomer.com\\\/en\\\/#website\",\"url\":\"https:\\\/\\\/yilkomer.com\\\/en\\\/\",\"name\":\"Y\u0131lkomer\",\"description\":\"\",\"publisher\":{\"@id\":\"https:\\\/\\\/yilkomer.com\\\/en\\\/#organization\"},\"alternateName\":\"Y\u0131lkomer\",\"potentialAction\":[{\"@type\":\"SearchAction\",\"target\":{\"@type\":\"EntryPoint\",\"urlTemplate\":\"https:\\\/\\\/yilkomer.com\\\/en\\\/?s={search_term_string}\"},\"query-input\":{\"@type\":\"PropertyValueSpecification\",\"valueRequired\":true,\"valueName\":\"search_term_string\"}}],\"inLanguage\":\"en-US\"},{\"@type\":\"Organization\",\"@id\":\"https:\\\/\\\/yilkomer.com\\\/en\\\/#organization\",\"name\":\"Yilkomer\",\"url\":\"https:\\\/\\\/yilkomer.com\\\/en\\\/\",\"logo\":{\"@type\":\"ImageObject\",\"inLanguage\":\"en-US\",\"@id\":\"https:\\\/\\\/yilkomer.com\\\/en\\\/#\\\/schema\\\/logo\\\/image\\\/\",\"url\":\"https:\\\/\\\/yilkomer.com\\\/wp-content\\\/uploads\\\/2015\\\/01\\\/logo.png\",\"contentUrl\":\"https:\\\/\\\/yilkomer.com\\\/wp-content\\\/uploads\\\/2015\\\/01\\\/logo.png\",\"width\":1000,\"height\":189,\"caption\":\"Yilkomer\"},\"image\":{\"@id\":\"https:\\\/\\\/yilkomer.com\\\/en\\\/#\\\/schema\\\/logo\\\/image\\\/\"}}]}<\/script>\n<!-- \/ Yoast SEO Premium plugin. -->","yoast_head_json":{"title":"Lightning Rod Prices | Y\u0131lkomer","description":"You can contact our center for lightning rod prices, ask questions, and request a price quotation. We are just one click away.","robots":{"index":"index","follow":"follow","max-snippet":"max-snippet:-1","max-image-preview":"max-image-preview:large","max-video-preview":"max-video-preview:-1"},"canonical":"https:\/\/yilkomer.com\/en\/lightning-rod-prices\/","og_locale":"en_US","og_type":"article","og_title":"Lightning Rod Prices","og_url":"https:\/\/yilkomer.com\/en\/lightning-rod-prices\/","og_site_name":"Y\u0131lkomer","article_modified_time":"2025-12-14T12:35:20+00:00","og_image":[{"width":467,"height":341,"url":"https:\/\/yilkomer.com\/wp-content\/uploads\/2015\/08\/paratatoner-fiyatlar\u0131.jpg","type":"image\/jpeg"}],"twitter_misc":{"Est. reading time":"1 minute"},"schema":{"@context":"https:\/\/schema.org","@graph":[{"@type":"WebPage","@id":"https:\/\/yilkomer.com\/en\/lightning-rod-prices\/","url":"https:\/\/yilkomer.com\/en\/lightning-rod-prices\/","name":"Lightning Rod Prices | Y\u0131lkomer","isPartOf":{"@id":"https:\/\/yilkomer.com\/en\/#website"},"primaryImageOfPage":{"@id":"https:\/\/yilkomer.com\/en\/lightning-rod-prices\/#primaryimage"},"image":{"@id":"https:\/\/yilkomer.com\/en\/lightning-rod-prices\/#primaryimage"},"thumbnailUrl":"https:\/\/yilkomer.com\/wp-content\/uploads\/2015\/08\/paratatoner-fiyatlar\u0131.jpg","datePublished":"2015-08-30T15:44:25+00:00","dateModified":"2025-12-14T12:35:20+00:00","description":"You can contact our center for lightning rod prices, ask questions, and request a price quotation. We are just one click away.","breadcrumb":{"@id":"https:\/\/yilkomer.com\/en\/lightning-rod-prices\/#breadcrumb"},"inLanguage":"en-US","potentialAction":[{"@type":"ReadAction","target":["https:\/\/yilkomer.com\/en\/lightning-rod-prices\/"]}]},{"@type":"ImageObject","inLanguage":"en-US","@id":"https:\/\/yilkomer.com\/en\/lightning-rod-prices\/#primaryimage","url":"https:\/\/yilkomer.com\/wp-content\/uploads\/2015\/08\/paratatoner-fiyatlar\u0131.jpg","contentUrl":"https:\/\/yilkomer.com\/wp-content\/uploads\/2015\/08\/paratatoner-fiyatlar\u0131.jpg","width":467,"height":341,"caption":"Paratoner fiyat listesi i\u00e7in firmam\u0131zla ileti\u015fime ge\u00e7ebilirsiniz."},{"@type":"BreadcrumbList","@id":"https:\/\/yilkomer.com\/en\/lightning-rod-prices\/#breadcrumb","itemListElement":[{"@type":"ListItem","position":1,"name":"Ana Sayfa","item":"https:\/\/yilkomer.com\/en\/"},{"@type":"ListItem","position":2,"name":"Lightning Rod Prices"}]},{"@type":"WebSite","@id":"https:\/\/yilkomer.com\/en\/#website","url":"https:\/\/yilkomer.com\/en\/","name":"Y\u0131lkomer","description":"","publisher":{"@id":"https:\/\/yilkomer.com\/en\/#organization"},"alternateName":"Y\u0131lkomer","potentialAction":[{"@type":"SearchAction","target":{"@type":"EntryPoint","urlTemplate":"https:\/\/yilkomer.com\/en\/?s={search_term_string}"},"query-input":{"@type":"PropertyValueSpecification","valueRequired":true,"valueName":"search_term_string"}}],"inLanguage":"en-US"},{"@type":"Organization","@id":"https:\/\/yilkomer.com\/en\/#organization","name":"Yilkomer","url":"https:\/\/yilkomer.com\/en\/","logo":{"@type":"ImageObject","inLanguage":"en-US","@id":"https:\/\/yilkomer.com\/en\/#\/schema\/logo\/image\/","url":"https:\/\/yilkomer.com\/wp-content\/uploads\/2015\/01\/logo.png","contentUrl":"https:\/\/yilkomer.com\/wp-content\/uploads\/2015\/01\/logo.png","width":1000,"height":189,"caption":"Yilkomer"},"image":{"@id":"https:\/\/yilkomer.com\/en\/#\/schema\/logo\/image\/"}}]}},"_links":{"self":[{"href":"https:\/\/yilkomer.com\/en\/wp-json\/wp\/v2\/pages\/48622","targetHints":{"allow":["GET"]}}],"collection":[{"href":"https:\/\/yilkomer.com\/en\/wp-json\/wp\/v2\/pages"}],"about":[{"href":"https:\/\/yilkomer.com\/en\/wp-json\/wp\/v2\/types\/page"}],"author":[{"embeddable":true,"href":"https:\/\/yilkomer.com\/en\/wp-json\/wp\/v2\/users\/1"}],"replies":[{"embeddable":true,"href":"https:\/\/yilkomer.com\/en\/wp-json\/wp\/v2\/comments?post=48622"}],"version-history":[{"count":1,"href":"https:\/\/yilkomer.com\/en\/wp-json\/wp\/v2\/pages\/48622\/revisions"}],"predecessor-version":[{"id":48631,"href":"https:\/\/yilkomer.com\/en\/wp-json\/wp\/v2\/pages\/48622\/revisions\/48631"}],"wp:featuredmedia":[{"embeddable":true,"href":"https:\/\/yilkomer.com\/en\/wp-json\/wp\/v2\/media\/48623"}],"wp:attachment":[{"href":"https:\/\/yilkomer.com\/en\/wp-json\/wp\/v2\/media?parent=48622"}],"curies":[{"name":"wp","href":"https:\/\/api.w.org\/{rel}","templated":true}]}}