{"id":47696,"date":"2015-12-05T15:33:56","date_gmt":"2015-12-05T13:33:56","guid":{"rendered":"https:\/\/yilkomer.com\/aktif-paratoner\/"},"modified":"2025-12-14T13:04:25","modified_gmt":"2025-12-14T10:04:25","slug":"active-lightning-rod","status":"publish","type":"page","link":"https:\/\/yilkomer.com\/en\/active-lightning-rod\/","title":{"rendered":"Active Lightning Rod"},"content":{"rendered":"<p><strong>Active Lightning Rod <\/strong>One of the important points in lightning protection is the presence of external lightning protection systems. With external lightning protection systems, protection is provided against the physical effects of lightning. When external lightning protection systems are mentioned, methods such as active lightning rods, Faraday cages, passive air terminals, catenary wire methods, etc. come to mind. <a href=\"https:\/\/yilkomer.com\/en\/\"><em><strong><span style=\"color: #ff6600;\">Active lightning rods <\/span><\/strong><\/em><\/a>provide a certain protection radius from the point where they are installed. Active lightning rods are not included in the IEC 62305 standard; they are defined in the French lightning protection standard NFC 17-102, which is a local standard. Active lightning rods attract lightning by emitting ions. This is their basic operating principle. Active lightning rods provide circular protection.<\/p>\n<div id=\"attachment_4705\" style=\"width: 610px\" class=\"wp-caption aligncenter\"><img loading=\"lazy\" decoding=\"async\" aria-describedby=\"caption-attachment-4705\" class=\"size-full wp-image-4705\" src=\"https:\/\/yilkomer.com\/wp-content\/uploads\/2015\/12\/aktif-paratoner-y\u0131ld\u0131r\u0131mdan-korunma.jpg\" alt=\"Active lightning rods are commonly used for lightning protection.\" width=\"600\" height=\"338\" srcset=\"https:\/\/yilkomer.com\/wp-content\/uploads\/2015\/12\/aktif-paratoner-y\u0131ld\u0131r\u0131mdan-korunma.jpg 600w, https:\/\/yilkomer.com\/wp-content\/uploads\/2015\/12\/aktif-paratoner-y\u0131ld\u0131r\u0131mdan-korunma-300x169.jpg 300w, https:\/\/yilkomer.com\/wp-content\/uploads\/2015\/12\/aktif-paratoner-y\u0131ld\u0131r\u0131mdan-korunma-260x146.jpg 260w, https:\/\/yilkomer.com\/wp-content\/uploads\/2015\/12\/aktif-paratoner-y\u0131ld\u0131r\u0131mdan-korunma-50x28.jpg 50w, https:\/\/yilkomer.com\/wp-content\/uploads\/2015\/12\/aktif-paratoner-y\u0131ld\u0131r\u0131mdan-korunma-133x75.jpg 133w\" sizes=\"auto, (max-width:767px) 480px, 600px\" \/><p id=\"caption-attachment-4705\" class=\"wp-caption-text\">Active lightning rods are commonly used for lightning protection.<\/p><\/div>\n<h2><strong><span style=\"color: #ff6600;\">Active Lightning Rod Installation<\/span><\/strong><\/h2>\n<p>The active lightning rod installation basically consists of 3 components. These three main components are the <em><strong>active lightning rod head,<\/strong><\/em> the down conductor, and the <span style=\"text-decoration: underline;\">grounding system<\/span>. The active lightning rod must be installed at the highest point of the facility it will protect. The grounding of the lightning rod installation must also be done very well. A commonly overlooked issue is the lightning rod down conductor. The down conductor must be routed using the shortest distance while preserving the S separation. Otherwise, a fire risk may arise for structures.<\/p>\n<div id=\"attachment_4608\" style=\"width: 473px\" class=\"wp-caption aligncenter\"><img loading=\"lazy\" decoding=\"async\" aria-describedby=\"caption-attachment-4608\" class=\" wp-image-4608\" src=\"https:\/\/yilkomer.com\/wp-content\/uploads\/2015\/11\/topraklama-direnci.jpg\" alt=\"Proper grounding is also of great importance in lightning rod installations.\" width=\"463\" height=\"235\" srcset=\"https:\/\/yilkomer.com\/wp-content\/uploads\/2015\/11\/topraklama-direnci.jpg 650w, https:\/\/yilkomer.com\/wp-content\/uploads\/2015\/11\/topraklama-direnci-300x152.jpg 300w, https:\/\/yilkomer.com\/wp-content\/uploads\/2015\/11\/topraklama-direnci-260x132.jpg 260w, https:\/\/yilkomer.com\/wp-content\/uploads\/2015\/11\/topraklama-direnci-50x25.jpg 50w, https:\/\/yilkomer.com\/wp-content\/uploads\/2015\/11\/topraklama-direnci-148x75.jpg 148w\" sizes=\"auto, (max-width:767px) 463px, 463px\" \/><p id=\"caption-attachment-4608\" class=\"wp-caption-text\">Proper grounding is also of great importance in lightning rod installations.<\/p><\/div>\n<p><a title=\"Free Technical Survey Application\" href=\"https:\/\/yilkomer.com\/en\/free-technical-site-survey-application\/\" target=\"_blank\" rel=\"noopener\"><img loading=\"lazy\" decoding=\"async\" class=\"wp-image-3818 aligncenter\" src=\"https:\/\/yilkomer.com\/wp-content\/uploads\/2015\/03\/teknik-ke%C5%9Fif.png\" alt=\"technical-survey\" width=\"760\" height=\"128\" \/><\/a><\/p>\n<h3><span style=\"color: #ff6600;\">Active Lightning Rod Calculation<\/span><\/h3>\n<p>The <em><strong>protection radius<\/strong><\/em> Rk of an active lightning rod depends on the \u0394t value measured in laboratories, the protection levels I, II, or III specified in the lightning strike risk table (BNFC10-102) arranged by calculation method, and the height difference between the <strong><span style=\"color: #ff6600;\"><a style=\"color: #ff6600;\" href=\"https:\/\/yilkomer.com\/yildirim-yakalama-ucu-franklin-cubugu\/\" target=\"_blank\" rel=\"noopener\">air terminal<\/a><\/span><\/strong> and the area to be protected. The active lightning rod calculation is made based on this formula.<\/p>\n<div id=\"attachment_4706\" style=\"width: 610px\" class=\"wp-caption aligncenter\"><img loading=\"lazy\" decoding=\"async\" aria-describedby=\"caption-attachment-4706\" class=\"size-full wp-image-4706\" src=\"https:\/\/yilkomer.com\/wp-content\/uploads\/2015\/12\/aktif-paratoner-tesisat\u0131.jpeg\" alt=\"You can contact our center for active lightning rod calculations.\" width=\"600\" height=\"313\" srcset=\"https:\/\/yilkomer.com\/wp-content\/uploads\/2015\/12\/aktif-paratoner-tesisat\u0131.jpeg 600w, https:\/\/yilkomer.com\/wp-content\/uploads\/2015\/12\/aktif-paratoner-tesisat\u0131-300x157.jpeg 300w, https:\/\/yilkomer.com\/wp-content\/uploads\/2015\/12\/aktif-paratoner-tesisat\u0131-260x136.jpeg 260w, https:\/\/yilkomer.com\/wp-content\/uploads\/2015\/12\/aktif-paratoner-tesisat\u0131-50x26.jpeg 50w, https:\/\/yilkomer.com\/wp-content\/uploads\/2015\/12\/aktif-paratoner-tesisat\u0131-144x75.jpeg 144w\" sizes=\"auto, (max-width:767px) 480px, 600px\" \/><p id=\"caption-attachment-4706\" class=\"wp-caption-text\">You can contact our center for active lightning rod calculations.<\/p><\/div>\n<h4><strong><span style=\"color: #ff6600;\">Active Lightning Rod and Surge Arrester<\/span><\/strong><\/h4>\n<p>Even if you use an active lightning rod in your facility, you must use surge arresters to protect electrical systems. A common mistake is assuming that the lightning rod protects the entire facility. However, the lightning rod provides only physical protection. Surge arresters must absolutely be used for the protection of electronic systems, panels, CCTV systems, LED and lighting systems, etc. In the video below, you can see the use of surge arresters in a facility equipped with an external lightning protection system.<\/p>\n<p><iframe loading=\"lazy\" title=\"D\u0131\u015f Y\u0131ld\u0131r\u0131ml\u0131k Bulunan Sistemlerde Parafudr Kullan\u0131m\u0131\" width=\"1220\" height=\"686\" src=\"https:\/\/www.youtube.com\/embed\/3Pkpmk-2rBk?feature=oembed\" frameborder=\"0\" allow=\"accelerometer; autoplay; clipboard-write; encrypted-media; gyroscope; picture-in-picture; web-share\" referrerpolicy=\"strict-origin-when-cross-origin\" allowfullscreen><\/iframe><\/p>\n","protected":false},"excerpt":{"rendered":"<p>Active Lightning Rod One of the important points in lightning protection is the presence of external lightning protection systems. With external lightning protection systems, protection is<span class=\"excerpt-hellip\"> [\u2026]<\/span><\/p>\n","protected":false},"author":1,"featured_media":47697,"parent":0,"menu_order":0,"comment_status":"closed","ping_status":"closed","template":"","meta":{"_joinchat":[],"footnotes":""},"class_list":["post-47696","page","type-page","status-publish","has-post-thumbnail","hentry"],"yoast_head":"<!-- This site is optimized with the Yoast SEO Premium plugin v19.2.1 (Yoast SEO v27.4) - https:\/\/yoast.com\/product\/yoast-seo-premium-wordpress\/ -->\n<title>Active Lightning Rod<\/title>\n<meta name=\"description\" content=\"Active lightning rods provide a certain protection radius from the point where they are installed. Active lightning rods are not included in the IEC 62305 standard; instead, they are defined in the local standard NFC.\" \/>\n<meta name=\"robots\" content=\"index, follow, max-snippet:-1, max-image-preview:large, max-video-preview:-1\" \/>\n<link rel=\"canonical\" href=\"https:\/\/yilkomer.com\/en\/active-lightning-rod\/\" \/>\n<meta property=\"og:locale\" content=\"en_US\" \/>\n<meta property=\"og:type\" content=\"article\" \/>\n<meta property=\"og:title\" content=\"Active Lightning Rod\" \/>\n<meta property=\"og:description\" content=\"Active Lightning Rod One of the important points in lightning protection is the presence of external lightning protection systems. With external lightning\" \/>\n<meta property=\"og:url\" content=\"https:\/\/yilkomer.com\/en\/active-lightning-rod\/\" \/>\n<meta property=\"og:site_name\" content=\"Y\u0131lkomer\" \/>\n<meta property=\"article:modified_time\" content=\"2025-12-14T10:04:25+00:00\" \/>\n<meta property=\"og:image\" content=\"https:\/\/yilkomer.com\/wp-content\/uploads\/2015\/12\/aktif-paratoner-y\u0131ld\u0131r\u0131mdan-korunma.jpg\" \/>\n\t<meta property=\"og:image:width\" content=\"600\" \/>\n\t<meta property=\"og:image:height\" content=\"338\" \/>\n\t<meta property=\"og:image:type\" content=\"image\/jpeg\" \/>\n<meta name=\"twitter:label1\" content=\"Est. reading time\" \/>\n\t<meta name=\"twitter:data1\" content=\"4 minutes\" \/>\n<script type=\"application\/ld+json\" class=\"yoast-schema-graph\">{\"@context\":\"https:\\\/\\\/schema.org\",\"@graph\":[{\"@type\":\"WebPage\",\"@id\":\"https:\\\/\\\/yilkomer.com\\\/en\\\/active-lightning-rod\\\/\",\"url\":\"https:\\\/\\\/yilkomer.com\\\/en\\\/active-lightning-rod\\\/\",\"name\":\"Active Lightning Rod\",\"isPartOf\":{\"@id\":\"https:\\\/\\\/yilkomer.com\\\/en\\\/#website\"},\"primaryImageOfPage\":{\"@id\":\"https:\\\/\\\/yilkomer.com\\\/en\\\/active-lightning-rod\\\/#primaryimage\"},\"image\":{\"@id\":\"https:\\\/\\\/yilkomer.com\\\/en\\\/active-lightning-rod\\\/#primaryimage\"},\"thumbnailUrl\":\"https:\\\/\\\/yilkomer.com\\\/wp-content\\\/uploads\\\/2015\\\/12\\\/aktif-paratoner-y\u0131ld\u0131r\u0131mdan-korunma.jpg\",\"datePublished\":\"2015-12-05T13:33:56+00:00\",\"dateModified\":\"2025-12-14T10:04:25+00:00\",\"description\":\"Active lightning rods provide a certain protection radius from the point where they are installed. Active lightning rods are not included in the IEC 62305 standard; instead, they are defined in the local standard NFC.\",\"breadcrumb\":{\"@id\":\"https:\\\/\\\/yilkomer.com\\\/en\\\/active-lightning-rod\\\/#breadcrumb\"},\"inLanguage\":\"en-US\",\"potentialAction\":[{\"@type\":\"ReadAction\",\"target\":[\"https:\\\/\\\/yilkomer.com\\\/en\\\/active-lightning-rod\\\/\"]}]},{\"@type\":\"ImageObject\",\"inLanguage\":\"en-US\",\"@id\":\"https:\\\/\\\/yilkomer.com\\\/en\\\/active-lightning-rod\\\/#primaryimage\",\"url\":\"https:\\\/\\\/yilkomer.com\\\/wp-content\\\/uploads\\\/2015\\\/12\\\/aktif-paratoner-y\u0131ld\u0131r\u0131mdan-korunma.jpg\",\"contentUrl\":\"https:\\\/\\\/yilkomer.com\\\/wp-content\\\/uploads\\\/2015\\\/12\\\/aktif-paratoner-y\u0131ld\u0131r\u0131mdan-korunma.jpg\",\"width\":600,\"height\":338,\"caption\":\"Aktif paratonerler yayg\u0131n olarak y\u0131ld\u0131r\u0131mdan korunma i\u00e7in kullan\u0131l\u0131rlar.\"},{\"@type\":\"BreadcrumbList\",\"@id\":\"https:\\\/\\\/yilkomer.com\\\/en\\\/active-lightning-rod\\\/#breadcrumb\",\"itemListElement\":[{\"@type\":\"ListItem\",\"position\":1,\"name\":\"Ana Sayfa\",\"item\":\"https:\\\/\\\/yilkomer.com\\\/en\\\/\"},{\"@type\":\"ListItem\",\"position\":2,\"name\":\"Active Lightning Rod\"}]},{\"@type\":\"WebSite\",\"@id\":\"https:\\\/\\\/yilkomer.com\\\/en\\\/#website\",\"url\":\"https:\\\/\\\/yilkomer.com\\\/en\\\/\",\"name\":\"Y\u0131lkomer\",\"description\":\"\",\"publisher\":{\"@id\":\"https:\\\/\\\/yilkomer.com\\\/en\\\/#organization\"},\"alternateName\":\"Y\u0131lkomer\",\"potentialAction\":[{\"@type\":\"SearchAction\",\"target\":{\"@type\":\"EntryPoint\",\"urlTemplate\":\"https:\\\/\\\/yilkomer.com\\\/en\\\/?s={search_term_string}\"},\"query-input\":{\"@type\":\"PropertyValueSpecification\",\"valueRequired\":true,\"valueName\":\"search_term_string\"}}],\"inLanguage\":\"en-US\"},{\"@type\":\"Organization\",\"@id\":\"https:\\\/\\\/yilkomer.com\\\/en\\\/#organization\",\"name\":\"Yilkomer\",\"url\":\"https:\\\/\\\/yilkomer.com\\\/en\\\/\",\"logo\":{\"@type\":\"ImageObject\",\"inLanguage\":\"en-US\",\"@id\":\"https:\\\/\\\/yilkomer.com\\\/en\\\/#\\\/schema\\\/logo\\\/image\\\/\",\"url\":\"https:\\\/\\\/yilkomer.com\\\/wp-content\\\/uploads\\\/2015\\\/01\\\/logo.png\",\"contentUrl\":\"https:\\\/\\\/yilkomer.com\\\/wp-content\\\/uploads\\\/2015\\\/01\\\/logo.png\",\"width\":1000,\"height\":189,\"caption\":\"Yilkomer\"},\"image\":{\"@id\":\"https:\\\/\\\/yilkomer.com\\\/en\\\/#\\\/schema\\\/logo\\\/image\\\/\"}}]}<\/script>\n<!-- \/ Yoast SEO Premium plugin. -->","yoast_head_json":{"title":"Active Lightning Rod","description":"Active lightning rods provide a certain protection radius from the point where they are installed. Active lightning rods are not included in the IEC 62305 standard; instead, they are defined in the local standard NFC.","robots":{"index":"index","follow":"follow","max-snippet":"max-snippet:-1","max-image-preview":"max-image-preview:large","max-video-preview":"max-video-preview:-1"},"canonical":"https:\/\/yilkomer.com\/en\/active-lightning-rod\/","og_locale":"en_US","og_type":"article","og_title":"Active Lightning Rod","og_description":"Active Lightning Rod One of the important points in lightning protection is the presence of external lightning protection systems. With external lightning","og_url":"https:\/\/yilkomer.com\/en\/active-lightning-rod\/","og_site_name":"Y\u0131lkomer","article_modified_time":"2025-12-14T10:04:25+00:00","og_image":[{"width":600,"height":338,"url":"https:\/\/yilkomer.com\/wp-content\/uploads\/2015\/12\/aktif-paratoner-y\u0131ld\u0131r\u0131mdan-korunma.jpg","type":"image\/jpeg"}],"twitter_misc":{"Est. reading time":"4 minutes"},"schema":{"@context":"https:\/\/schema.org","@graph":[{"@type":"WebPage","@id":"https:\/\/yilkomer.com\/en\/active-lightning-rod\/","url":"https:\/\/yilkomer.com\/en\/active-lightning-rod\/","name":"Active Lightning Rod","isPartOf":{"@id":"https:\/\/yilkomer.com\/en\/#website"},"primaryImageOfPage":{"@id":"https:\/\/yilkomer.com\/en\/active-lightning-rod\/#primaryimage"},"image":{"@id":"https:\/\/yilkomer.com\/en\/active-lightning-rod\/#primaryimage"},"thumbnailUrl":"https:\/\/yilkomer.com\/wp-content\/uploads\/2015\/12\/aktif-paratoner-y\u0131ld\u0131r\u0131mdan-korunma.jpg","datePublished":"2015-12-05T13:33:56+00:00","dateModified":"2025-12-14T10:04:25+00:00","description":"Active lightning rods provide a certain protection radius from the point where they are installed. Active lightning rods are not included in the IEC 62305 standard; instead, they are defined in the local standard NFC.","breadcrumb":{"@id":"https:\/\/yilkomer.com\/en\/active-lightning-rod\/#breadcrumb"},"inLanguage":"en-US","potentialAction":[{"@type":"ReadAction","target":["https:\/\/yilkomer.com\/en\/active-lightning-rod\/"]}]},{"@type":"ImageObject","inLanguage":"en-US","@id":"https:\/\/yilkomer.com\/en\/active-lightning-rod\/#primaryimage","url":"https:\/\/yilkomer.com\/wp-content\/uploads\/2015\/12\/aktif-paratoner-y\u0131ld\u0131r\u0131mdan-korunma.jpg","contentUrl":"https:\/\/yilkomer.com\/wp-content\/uploads\/2015\/12\/aktif-paratoner-y\u0131ld\u0131r\u0131mdan-korunma.jpg","width":600,"height":338,"caption":"Aktif paratonerler yayg\u0131n olarak y\u0131ld\u0131r\u0131mdan korunma i\u00e7in kullan\u0131l\u0131rlar."},{"@type":"BreadcrumbList","@id":"https:\/\/yilkomer.com\/en\/active-lightning-rod\/#breadcrumb","itemListElement":[{"@type":"ListItem","position":1,"name":"Ana Sayfa","item":"https:\/\/yilkomer.com\/en\/"},{"@type":"ListItem","position":2,"name":"Active Lightning Rod"}]},{"@type":"WebSite","@id":"https:\/\/yilkomer.com\/en\/#website","url":"https:\/\/yilkomer.com\/en\/","name":"Y\u0131lkomer","description":"","publisher":{"@id":"https:\/\/yilkomer.com\/en\/#organization"},"alternateName":"Y\u0131lkomer","potentialAction":[{"@type":"SearchAction","target":{"@type":"EntryPoint","urlTemplate":"https:\/\/yilkomer.com\/en\/?s={search_term_string}"},"query-input":{"@type":"PropertyValueSpecification","valueRequired":true,"valueName":"search_term_string"}}],"inLanguage":"en-US"},{"@type":"Organization","@id":"https:\/\/yilkomer.com\/en\/#organization","name":"Yilkomer","url":"https:\/\/yilkomer.com\/en\/","logo":{"@type":"ImageObject","inLanguage":"en-US","@id":"https:\/\/yilkomer.com\/en\/#\/schema\/logo\/image\/","url":"https:\/\/yilkomer.com\/wp-content\/uploads\/2015\/01\/logo.png","contentUrl":"https:\/\/yilkomer.com\/wp-content\/uploads\/2015\/01\/logo.png","width":1000,"height":189,"caption":"Yilkomer"},"image":{"@id":"https:\/\/yilkomer.com\/en\/#\/schema\/logo\/image\/"}}]}},"_links":{"self":[{"href":"https:\/\/yilkomer.com\/en\/wp-json\/wp\/v2\/pages\/47696","targetHints":{"allow":["GET"]}}],"collection":[{"href":"https:\/\/yilkomer.com\/en\/wp-json\/wp\/v2\/pages"}],"about":[{"href":"https:\/\/yilkomer.com\/en\/wp-json\/wp\/v2\/types\/page"}],"author":[{"embeddable":true,"href":"https:\/\/yilkomer.com\/en\/wp-json\/wp\/v2\/users\/1"}],"replies":[{"embeddable":true,"href":"https:\/\/yilkomer.com\/en\/wp-json\/wp\/v2\/comments?post=47696"}],"version-history":[{"count":3,"href":"https:\/\/yilkomer.com\/en\/wp-json\/wp\/v2\/pages\/47696\/revisions"}],"predecessor-version":[{"id":49322,"href":"https:\/\/yilkomer.com\/en\/wp-json\/wp\/v2\/pages\/47696\/revisions\/49322"}],"wp:featuredmedia":[{"embeddable":true,"href":"https:\/\/yilkomer.com\/en\/wp-json\/wp\/v2\/media\/47697"}],"wp:attachment":[{"href":"https:\/\/yilkomer.com\/en\/wp-json\/wp\/v2\/media?parent=47696"}],"curies":[{"name":"wp","href":"https:\/\/api.w.org\/{rel}","templated":true}]}}