{"id":48871,"date":"2015-01-05T16:52:14","date_gmt":"2015-01-05T14:52:14","guid":{"rendered":"https:\/\/yilkomer.com\/ucretsiz-teknik-kesif-basvurusu\/"},"modified":"2025-12-12T18:54:59","modified_gmt":"2025-12-12T15:54:59","slug":"kostenlose-technische-besichtigungsanfrage","status":"publish","type":"page","link":"https:\/\/yilkomer.com\/de\/kostenlose-technische-besichtigungsanfrage\/","title":{"rendered":"Kostenlose technische Besichtigungsanfrage"},"content":{"rendered":"<p>[vc_row][vc_column width=&#8220;1\/1&#8243;][vc_cta_button call_text=&#8220;Jetzt von unserer kostenlosen technischen Besichtigung profitieren!&#8220; title=&#8220;Text on the button&#8220; target=&#8220;_self&#8220; style=&#8220; background&#8220; size=&#8220; medium&#8220; icon=&#8220;none&#8220; icon_awesome=&#8220;android&#8220; icon_metrize=&#8220;waves&#8220;][\/vc_column][\/vc_row]<\/p>\n\n<div class=\"wpcf7 no-js\" id=\"wpcf7-f48605-o1\" lang=\"de-DE\" dir=\"ltr\" data-wpcf7-id=\"48605\">\n<div class=\"screen-reader-response\"><p role=\"status\" aria-live=\"polite\" aria-atomic=\"true\"><\/p> <ul><\/ul><\/div>\n<form action=\"\/de\/wp-json\/wp\/v2\/pages\/48871#wpcf7-f48605-o1\" method=\"post\" class=\"wpcf7-form init\" aria-label=\"Kontaktformular\" novalidate=\"novalidate\" data-status=\"init\">\n<fieldset class=\"hidden-fields-container\"><input type=\"hidden\" name=\"_wpcf7\" value=\"48605\" \/><input type=\"hidden\" name=\"_wpcf7_version\" value=\"6.1.5\" \/><input type=\"hidden\" name=\"_wpcf7_locale\" value=\"de_DE\" \/><input type=\"hidden\" name=\"_wpcf7_unit_tag\" value=\"wpcf7-f48605-o1\" \/><input type=\"hidden\" name=\"_wpcf7_container_post\" value=\"0\" \/><input type=\"hidden\" name=\"_wpcf7_posted_data_hash\" value=\"\" \/><input type=\"hidden\" name=\"_wpcf7_recaptcha_response\" value=\"\" \/>\n<\/fieldset>\n<p>Ihr Vor- und Nachname (erforderlich)\n<\/p>\n<p><span class=\"wpcf7-form-control-wrap\" data-name=\"your-name\"><input size=\"40\" maxlength=\"400\" class=\"wpcf7-form-control wpcf7-text wpcf7-validates-as-required\" aria-required=\"true\" aria-invalid=\"false\" value=\"\" type=\"text\" name=\"your-name\" \/><\/span>\n<\/p>\n<p>Ihre E-Mail-Adresse (erforderlich)\n<\/p>\n<p><span class=\"wpcf7-form-control-wrap\" data-name=\"your-email\"><input size=\"40\" maxlength=\"400\" class=\"wpcf7-form-control wpcf7-email wpcf7-validates-as-required wpcf7-text wpcf7-validates-as-email\" aria-required=\"true\" aria-invalid=\"false\" value=\"\" type=\"email\" name=\"your-email\" \/><\/span>\n<\/p>\n<p>Telefon (erforderlich)\n<\/p>\n<p><span class=\"wpcf7-form-control-wrap\" data-name=\"tel-359\"><input size=\"40\" maxlength=\"400\" class=\"wpcf7-form-control wpcf7-tel wpcf7-validates-as-required wpcf7-text wpcf7-validates-as-tel\" aria-required=\"true\" aria-invalid=\"false\" value=\"\" type=\"tel\" name=\"tel-359\" \/><\/span>\n<\/p>\n<p>Firmeninformationen (erforderlich)\n<\/p>\n<p><span class=\"wpcf7-form-control-wrap\" data-name=\"text-274\"><input size=\"40\" maxlength=\"400\" class=\"wpcf7-form-control wpcf7-text wpcf7-validates-as-required\" aria-required=\"true\" aria-invalid=\"false\" value=\"\" type=\"text\" name=\"text-274\" \/><\/span>\n<\/p>\n<p>K\u00f6nnten Sie bitte kurz Informationen zu Ihrer Besichtigungsanfrage geben?\n<\/p>\n<p><span class=\"wpcf7-form-control-wrap\" data-name=\"your-message\"><textarea cols=\"40\" rows=\"10\" maxlength=\"2000\" class=\"wpcf7-form-control wpcf7-textarea\" aria-invalid=\"false\" name=\"your-message\"><\/textarea><\/span>\n<\/p>\n<p><input class=\"wpcf7-form-control wpcf7-submit has-spinner\" type=\"submit\" value=\"Senden\" \/>\n<\/p><div class=\"wpcf7-response-output\" aria-hidden=\"true\"><\/div>\n<\/form>\n<\/div>\n\n","protected":false},"excerpt":{"rendered":"<p>[vc_row][vc_column width=&#8220;1\/1&#8243;][vc_cta_button call_text=&#8220;Jetzt von unserer kostenlosen technischen Besichtigung profitieren!&#8220; title=&#8220;Text on the button&#8220; target=&#8220;_self&#8220; style=&#8220; background&#8220; size=&#8220; medium&#8220; icon=&#8220;none&#8220; icon_awesome=&#8220;android&#8220; icon_metrize=&#8220;waves&#8220;][\/vc_column][\/vc_row]<\/p>\n","protected":false},"author":1,"featured_media":-1,"parent":0,"menu_order":0,"comment_status":"open","ping_status":"open","template":"","meta":{"_joinchat":[],"footnotes":""},"class_list":["post-48871","page","type-page","status-publish","has-post-thumbnail","hentry"],"yoast_head":"<!-- This site is optimized with the Yoast SEO Premium plugin v19.2.1 (Yoast SEO v27.3) - https:\/\/yoast.com\/product\/yoast-seo-premium-wordpress\/ -->\n<title>Kostenlose technische Besichtigungsanfrage<\/title>\n<meta name=\"description\" content=\"Wir bieten eine kostenlose technische Besichtigung f\u00fcr den Blitz- und \u00dcberspannungsschutz sowie f\u00fcr Erdungspr\u00fcfungen an.\" \/>\n<meta name=\"robots\" content=\"index, follow, max-snippet:-1, max-image-preview:large, max-video-preview:-1\" \/>\n<link rel=\"canonical\" href=\"https:\/\/yilkomer.com\/de\/kostenlose-technische-besichtigungsanfrage\/\" \/>\n<meta property=\"og:locale\" content=\"de_DE\" \/>\n<meta property=\"og:type\" content=\"article\" \/>\n<meta property=\"og:title\" content=\"Kostenlose technische Besichtigungsanfrage\" \/>\n<meta property=\"og:url\" content=\"https:\/\/yilkomer.com\/de\/kostenlose-technische-besichtigungsanfrage\/\" \/>\n<meta property=\"og:site_name\" content=\"Y\u0131lkomer\" \/>\n<meta property=\"article:modified_time\" content=\"2025-12-12T15:54:59+00:00\" \/>\n<meta name=\"twitter:label1\" content=\"Gesch\u00e4tzte Lesezeit\" \/>\n\t<meta name=\"twitter:data1\" content=\"1\u00a0Minute\" \/>\n<script type=\"application\/ld+json\" class=\"yoast-schema-graph\">{\"@context\":\"https:\\\/\\\/schema.org\",\"@graph\":[{\"@type\":\"WebPage\",\"@id\":\"https:\\\/\\\/yilkomer.com\\\/de\\\/kostenlose-technische-besichtigungsanfrage\\\/\",\"url\":\"https:\\\/\\\/yilkomer.com\\\/de\\\/kostenlose-technische-besichtigungsanfrage\\\/\",\"name\":\"Kostenlose technische Besichtigungsanfrage\",\"isPartOf\":{\"@id\":\"https:\\\/\\\/yilkomer.com\\\/de\\\/#website\"},\"datePublished\":\"2015-01-05T14:52:14+00:00\",\"dateModified\":\"2025-12-12T15:54:59+00:00\",\"description\":\"Wir bieten eine kostenlose technische Besichtigung f\u00fcr den Blitz- und \u00dcberspannungsschutz sowie f\u00fcr Erdungspr\u00fcfungen an.\",\"breadcrumb\":{\"@id\":\"https:\\\/\\\/yilkomer.com\\\/de\\\/kostenlose-technische-besichtigungsanfrage\\\/#breadcrumb\"},\"inLanguage\":\"de\",\"potentialAction\":[{\"@type\":\"ReadAction\",\"target\":[\"https:\\\/\\\/yilkomer.com\\\/de\\\/kostenlose-technische-besichtigungsanfrage\\\/\"]}]},{\"@type\":\"BreadcrumbList\",\"@id\":\"https:\\\/\\\/yilkomer.com\\\/de\\\/kostenlose-technische-besichtigungsanfrage\\\/#breadcrumb\",\"itemListElement\":[{\"@type\":\"ListItem\",\"position\":1,\"name\":\"Ana Sayfa\",\"item\":\"https:\\\/\\\/yilkomer.com\\\/de\\\/\"},{\"@type\":\"ListItem\",\"position\":2,\"name\":\"Kostenlose technische Besichtigungsanfrage\"}]},{\"@type\":\"WebSite\",\"@id\":\"https:\\\/\\\/yilkomer.com\\\/de\\\/#website\",\"url\":\"https:\\\/\\\/yilkomer.com\\\/de\\\/\",\"name\":\"Y\u0131lkomer\",\"description\":\"\",\"publisher\":{\"@id\":\"https:\\\/\\\/yilkomer.com\\\/de\\\/#organization\"},\"alternateName\":\"Y\u0131lkomer\",\"potentialAction\":[{\"@type\":\"SearchAction\",\"target\":{\"@type\":\"EntryPoint\",\"urlTemplate\":\"https:\\\/\\\/yilkomer.com\\\/de\\\/?s={search_term_string}\"},\"query-input\":{\"@type\":\"PropertyValueSpecification\",\"valueRequired\":true,\"valueName\":\"search_term_string\"}}],\"inLanguage\":\"de\"},{\"@type\":\"Organization\",\"@id\":\"https:\\\/\\\/yilkomer.com\\\/de\\\/#organization\",\"name\":\"Yilkomer\",\"url\":\"https:\\\/\\\/yilkomer.com\\\/de\\\/\",\"logo\":{\"@type\":\"ImageObject\",\"inLanguage\":\"de\",\"@id\":\"https:\\\/\\\/yilkomer.com\\\/de\\\/#\\\/schema\\\/logo\\\/image\\\/\",\"url\":\"https:\\\/\\\/yilkomer.com\\\/wp-content\\\/uploads\\\/2015\\\/01\\\/logo.png\",\"contentUrl\":\"https:\\\/\\\/yilkomer.com\\\/wp-content\\\/uploads\\\/2015\\\/01\\\/logo.png\",\"width\":1000,\"height\":189,\"caption\":\"Yilkomer\"},\"image\":{\"@id\":\"https:\\\/\\\/yilkomer.com\\\/de\\\/#\\\/schema\\\/logo\\\/image\\\/\"}}]}<\/script>\n<!-- \/ Yoast SEO Premium plugin. -->","yoast_head_json":{"title":"Kostenlose technische Besichtigungsanfrage","description":"Wir bieten eine kostenlose technische Besichtigung f\u00fcr den Blitz- und \u00dcberspannungsschutz sowie f\u00fcr Erdungspr\u00fcfungen an.","robots":{"index":"index","follow":"follow","max-snippet":"max-snippet:-1","max-image-preview":"max-image-preview:large","max-video-preview":"max-video-preview:-1"},"canonical":"https:\/\/yilkomer.com\/de\/kostenlose-technische-besichtigungsanfrage\/","og_locale":"de_DE","og_type":"article","og_title":"Kostenlose technische Besichtigungsanfrage","og_url":"https:\/\/yilkomer.com\/de\/kostenlose-technische-besichtigungsanfrage\/","og_site_name":"Y\u0131lkomer","article_modified_time":"2025-12-12T15:54:59+00:00","twitter_misc":{"Gesch\u00e4tzte Lesezeit":"1\u00a0Minute"},"schema":{"@context":"https:\/\/schema.org","@graph":[{"@type":"WebPage","@id":"https:\/\/yilkomer.com\/de\/kostenlose-technische-besichtigungsanfrage\/","url":"https:\/\/yilkomer.com\/de\/kostenlose-technische-besichtigungsanfrage\/","name":"Kostenlose technische Besichtigungsanfrage","isPartOf":{"@id":"https:\/\/yilkomer.com\/de\/#website"},"datePublished":"2015-01-05T14:52:14+00:00","dateModified":"2025-12-12T15:54:59+00:00","description":"Wir bieten eine kostenlose technische Besichtigung f\u00fcr den Blitz- und \u00dcberspannungsschutz sowie f\u00fcr Erdungspr\u00fcfungen an.","breadcrumb":{"@id":"https:\/\/yilkomer.com\/de\/kostenlose-technische-besichtigungsanfrage\/#breadcrumb"},"inLanguage":"de","potentialAction":[{"@type":"ReadAction","target":["https:\/\/yilkomer.com\/de\/kostenlose-technische-besichtigungsanfrage\/"]}]},{"@type":"BreadcrumbList","@id":"https:\/\/yilkomer.com\/de\/kostenlose-technische-besichtigungsanfrage\/#breadcrumb","itemListElement":[{"@type":"ListItem","position":1,"name":"Ana Sayfa","item":"https:\/\/yilkomer.com\/de\/"},{"@type":"ListItem","position":2,"name":"Kostenlose technische Besichtigungsanfrage"}]},{"@type":"WebSite","@id":"https:\/\/yilkomer.com\/de\/#website","url":"https:\/\/yilkomer.com\/de\/","name":"Y\u0131lkomer","description":"","publisher":{"@id":"https:\/\/yilkomer.com\/de\/#organization"},"alternateName":"Y\u0131lkomer","potentialAction":[{"@type":"SearchAction","target":{"@type":"EntryPoint","urlTemplate":"https:\/\/yilkomer.com\/de\/?s={search_term_string}"},"query-input":{"@type":"PropertyValueSpecification","valueRequired":true,"valueName":"search_term_string"}}],"inLanguage":"de"},{"@type":"Organization","@id":"https:\/\/yilkomer.com\/de\/#organization","name":"Yilkomer","url":"https:\/\/yilkomer.com\/de\/","logo":{"@type":"ImageObject","inLanguage":"de","@id":"https:\/\/yilkomer.com\/de\/#\/schema\/logo\/image\/","url":"https:\/\/yilkomer.com\/wp-content\/uploads\/2015\/01\/logo.png","contentUrl":"https:\/\/yilkomer.com\/wp-content\/uploads\/2015\/01\/logo.png","width":1000,"height":189,"caption":"Yilkomer"},"image":{"@id":"https:\/\/yilkomer.com\/de\/#\/schema\/logo\/image\/"}}]}},"_links":{"self":[{"href":"https:\/\/yilkomer.com\/de\/wp-json\/wp\/v2\/pages\/48871","targetHints":{"allow":["GET"]}}],"collection":[{"href":"https:\/\/yilkomer.com\/de\/wp-json\/wp\/v2\/pages"}],"about":[{"href":"https:\/\/yilkomer.com\/de\/wp-json\/wp\/v2\/types\/page"}],"author":[{"embeddable":true,"href":"https:\/\/yilkomer.com\/de\/wp-json\/wp\/v2\/users\/1"}],"replies":[{"embeddable":true,"href":"https:\/\/yilkomer.com\/de\/wp-json\/wp\/v2\/comments?post=48871"}],"version-history":[{"count":2,"href":"https:\/\/yilkomer.com\/de\/wp-json\/wp\/v2\/pages\/48871\/revisions"}],"predecessor-version":[{"id":48877,"href":"https:\/\/yilkomer.com\/de\/wp-json\/wp\/v2\/pages\/48871\/revisions\/48877"}],"wp:featuredmedia":[{"embeddable":true,"href":"https:\/\/yilkomer.com\/de\/wp-json\/"}],"wp:attachment":[{"href":"https:\/\/yilkomer.com\/de\/wp-json\/wp\/v2\/media?parent=48871"}],"curies":[{"name":"wp","href":"https:\/\/api.w.org\/{rel}","templated":true}]}}