{"id":48836,"date":"2017-01-04T06:54:01","date_gmt":"2017-01-04T03:54:01","guid":{"rendered":"https:\/\/yilkomer.com\/topraklama-cubugu\/"},"modified":"2025-12-14T15:42:49","modified_gmt":"2025-12-14T12:42:49","slug":"erdungsstab","status":"publish","type":"page","link":"https:\/\/yilkomer.com\/de\/erdungsstab\/","title":{"rendered":"Erdungsstab"},"content":{"rendered":"<p><strong>Erdungsstab<\/strong> ist eine der wichtigsten Komponenten einer elektrischen Anlage. Eine korrekte Erdung ist sowohl f\u00fcr den Schutz von Menschenleben als auch von Sachwerten von gro\u00dfer Bedeutung. Der <em><strong>Erdungsstab<\/strong><\/em> ist zudem eines der am h\u00e4ufigsten verwendeten Materialien bei Erdungsarbeiten.<\/p>\n<blockquote>\n<p style=\"text-align: center;\"><a href=\"https:\/\/yilkomer.com\/de\/produktanfrage\/\"><strong>Schnelles Preisangebot erhalten<\/strong><\/a><\/p>\n<\/blockquote>\n<p>Der Erdungselektrode wird unter den Erdungskomponenten als Tiefenerder bezeichnet. Nach einem Aushub von 60 cm werden die gem\u00e4\u00df den Berechnungen festgelegten Einschlagpunkte bestimmt, und die Elektroden werden in der Regel in Abst\u00e4nden des Doppelten ihrer L\u00e4nge in den Boden eingebracht. Das Material der Erdungselektrode steht nicht in direktem Zusammenhang mit dem <em><a href=\"https:\/\/yilkomer.com\/topraklama-direnc-degerleri-kac-ohm-olmali\/\"><strong>Erdungswiderstand<\/strong><\/a><\/em>. Beispielsweise kann in einem Projekt, in dem Kupferelektroden verwendet werden, derselbe \u00dcbergangswiderstand zur Erde auch mit verzinkten Elektroden erreicht werden. Die Arten von Erdungselektroden sind im Allgemeinen wie folgt;<\/p>\n<p><a href=\"https:\/\/yilkomer.com\/wp-content\/uploads\/2017\/01\/topraklama-cubugu.jpg\"><img loading=\"lazy\" decoding=\"async\" class=\"wp-image-5976 aligncenter\" src=\"https:\/\/yilkomer.com\/wp-content\/uploads\/2017\/01\/topraklama-cubugu.jpg\" alt=\"\" width=\"566\" height=\"425\" srcset=\"https:\/\/yilkomer.com\/wp-content\/uploads\/2017\/01\/topraklama-cubugu.jpg 690w, https:\/\/yilkomer.com\/wp-content\/uploads\/2017\/01\/topraklama-cubugu-300x225.jpg 300w, https:\/\/yilkomer.com\/wp-content\/uploads\/2017\/01\/topraklama-cubugu-194x146.jpg 194w, https:\/\/yilkomer.com\/wp-content\/uploads\/2017\/01\/topraklama-cubugu-50x38.jpg 50w, https:\/\/yilkomer.com\/wp-content\/uploads\/2017\/01\/topraklama-cubugu-100x75.jpg 100w\" sizes=\"auto, (max-width:767px) 480px, 566px\" \/><\/a><\/p>\n<ul>\n<li><strong>1500mm Kupfer-Erdungselektrode Q20<\/strong><\/li>\n<li><strong>1500mm verzinkte Erdungselektrode Q20<\/strong><\/li>\n<\/ul>\n<p>Die 1500 mm Winkelstahl-Erdungselektrode Q20 kann aus unterschiedlichen Materialien bestehen. Wichtig ist hierbei, dass der Leiter, der die Erdungselektrode verbindet, aus demselben Material wie der Erdungsstab besteht. Au\u00dferdem ist die Verwendung von <em><strong>Korrosionsband<\/strong><\/em> an den Verbindungsstellen von gro\u00dfer Bedeutung.<\/p>\n<p><iframe loading=\"lazy\" title=\"Y\u0131ld\u0131r\u0131mdan Korunma Topraklama Ekipmanlar\u0131\" width=\"1220\" height=\"686\" src=\"https:\/\/www.youtube.com\/embed\/NwixM2h62nw?feature=oembed\" frameborder=\"0\" allow=\"accelerometer; autoplay; clipboard-write; encrypted-media; gyroscope; picture-in-picture; web-share\" referrerpolicy=\"strict-origin-when-cross-origin\" allowfullscreen><\/iframe><\/p>\n","protected":false},"excerpt":{"rendered":"<p>Erdungsstab ist eine der wichtigsten Komponenten einer elektrischen Anlage. Eine korrekte Erdung ist sowohl f\u00fcr den Schutz von Menschenleben als auch von Sachwerten von gro\u00dfer Bedeutung.<span class=\"excerpt-hellip\"> [\u2026]<\/span><\/p>\n","protected":false},"author":1,"featured_media":-1,"parent":0,"menu_order":0,"comment_status":"closed","ping_status":"closed","template":"","meta":{"_joinchat":[],"footnotes":""},"class_list":["post-48836","page","type-page","status-publish","has-post-thumbnail","hentry"],"yoast_head":"<!-- This site is optimized with the Yoast SEO Premium plugin v19.2.1 (Yoast SEO v27.4) - https:\/\/yoast.com\/product\/yoast-seo-premium-wordpress\/ -->\n<title>Erdungsstab<\/title>\n<meta name=\"description\" content=\"Der Erdungsstab ist eines der am h\u00e4ufigsten verwendeten Materialien bei der Erdung. Damit die Erdung korrekt durchgef\u00fchrt werden kann, ist der Erdungsstab\" \/>\n<meta name=\"robots\" content=\"index, follow, max-snippet:-1, max-image-preview:large, max-video-preview:-1\" \/>\n<link rel=\"canonical\" href=\"https:\/\/yilkomer.com\/de\/erdungsstab\/\" \/>\n<meta property=\"og:locale\" content=\"de_DE\" \/>\n<meta property=\"og:type\" content=\"article\" \/>\n<meta property=\"og:title\" content=\"Erdungsstab\" \/>\n<meta property=\"og:description\" content=\"Erdungsstab ist eine der wichtigsten Komponenten einer elektrischen Anlage. Eine korrekte Erdung ist sowohl f\u00fcr den Schutz von Menschenleben als auch von\" \/>\n<meta property=\"og:url\" content=\"https:\/\/yilkomer.com\/de\/erdungsstab\/\" \/>\n<meta property=\"og:site_name\" content=\"Y\u0131lkomer\" \/>\n<meta property=\"article:modified_time\" content=\"2025-12-14T12:42:49+00:00\" \/>\n<meta name=\"twitter:label1\" content=\"Gesch\u00e4tzte Lesezeit\" \/>\n\t<meta name=\"twitter:data1\" content=\"2\u00a0Minuten\" \/>\n<script type=\"application\/ld+json\" class=\"yoast-schema-graph\">{\"@context\":\"https:\\\/\\\/schema.org\",\"@graph\":[{\"@type\":\"WebPage\",\"@id\":\"https:\\\/\\\/yilkomer.com\\\/de\\\/erdungsstab\\\/\",\"url\":\"https:\\\/\\\/yilkomer.com\\\/de\\\/erdungsstab\\\/\",\"name\":\"Erdungsstab\",\"isPartOf\":{\"@id\":\"https:\\\/\\\/yilkomer.com\\\/de\\\/#website\"},\"primaryImageOfPage\":{\"@id\":\"https:\\\/\\\/yilkomer.com\\\/de\\\/erdungsstab\\\/#primaryimage\"},\"image\":{\"@id\":\"https:\\\/\\\/yilkomer.com\\\/de\\\/erdungsstab\\\/#primaryimage\"},\"thumbnailUrl\":\"https:\\\/\\\/yilkomer.com\\\/wp-content\\\/uploads\\\/2017\\\/01\\\/topraklama-cubugu.jpg\",\"datePublished\":\"2017-01-04T03:54:01+00:00\",\"dateModified\":\"2025-12-14T12:42:49+00:00\",\"description\":\"Der Erdungsstab ist eines der am h\u00e4ufigsten verwendeten Materialien bei der Erdung. Damit die Erdung korrekt durchgef\u00fchrt werden kann, ist der Erdungsstab\",\"breadcrumb\":{\"@id\":\"https:\\\/\\\/yilkomer.com\\\/de\\\/erdungsstab\\\/#breadcrumb\"},\"inLanguage\":\"de\",\"potentialAction\":[{\"@type\":\"ReadAction\",\"target\":[\"https:\\\/\\\/yilkomer.com\\\/de\\\/erdungsstab\\\/\"]}]},{\"@type\":\"ImageObject\",\"inLanguage\":\"de\",\"@id\":\"https:\\\/\\\/yilkomer.com\\\/de\\\/erdungsstab\\\/#primaryimage\",\"url\":\"https:\\\/\\\/yilkomer.com\\\/wp-content\\\/uploads\\\/2017\\\/01\\\/topraklama-cubugu.jpg\",\"contentUrl\":\"https:\\\/\\\/yilkomer.com\\\/wp-content\\\/uploads\\\/2017\\\/01\\\/topraklama-cubugu.jpg\"},{\"@type\":\"BreadcrumbList\",\"@id\":\"https:\\\/\\\/yilkomer.com\\\/de\\\/erdungsstab\\\/#breadcrumb\",\"itemListElement\":[{\"@type\":\"ListItem\",\"position\":1,\"name\":\"Ana Sayfa\",\"item\":\"https:\\\/\\\/yilkomer.com\\\/de\\\/\"},{\"@type\":\"ListItem\",\"position\":2,\"name\":\"Erdungsstab\"}]},{\"@type\":\"WebSite\",\"@id\":\"https:\\\/\\\/yilkomer.com\\\/de\\\/#website\",\"url\":\"https:\\\/\\\/yilkomer.com\\\/de\\\/\",\"name\":\"Y\u0131lkomer\",\"description\":\"\",\"publisher\":{\"@id\":\"https:\\\/\\\/yilkomer.com\\\/de\\\/#organization\"},\"alternateName\":\"Y\u0131lkomer\",\"potentialAction\":[{\"@type\":\"SearchAction\",\"target\":{\"@type\":\"EntryPoint\",\"urlTemplate\":\"https:\\\/\\\/yilkomer.com\\\/de\\\/?s={search_term_string}\"},\"query-input\":{\"@type\":\"PropertyValueSpecification\",\"valueRequired\":true,\"valueName\":\"search_term_string\"}}],\"inLanguage\":\"de\"},{\"@type\":\"Organization\",\"@id\":\"https:\\\/\\\/yilkomer.com\\\/de\\\/#organization\",\"name\":\"Yilkomer\",\"url\":\"https:\\\/\\\/yilkomer.com\\\/de\\\/\",\"logo\":{\"@type\":\"ImageObject\",\"inLanguage\":\"de\",\"@id\":\"https:\\\/\\\/yilkomer.com\\\/de\\\/#\\\/schema\\\/logo\\\/image\\\/\",\"url\":\"https:\\\/\\\/yilkomer.com\\\/wp-content\\\/uploads\\\/2015\\\/01\\\/logo.png\",\"contentUrl\":\"https:\\\/\\\/yilkomer.com\\\/wp-content\\\/uploads\\\/2015\\\/01\\\/logo.png\",\"width\":1000,\"height\":189,\"caption\":\"Yilkomer\"},\"image\":{\"@id\":\"https:\\\/\\\/yilkomer.com\\\/de\\\/#\\\/schema\\\/logo\\\/image\\\/\"}}]}<\/script>\n<!-- \/ Yoast SEO Premium plugin. -->","yoast_head_json":{"title":"Erdungsstab","description":"Der Erdungsstab ist eines der am h\u00e4ufigsten verwendeten Materialien bei der Erdung. Damit die Erdung korrekt durchgef\u00fchrt werden kann, ist der Erdungsstab","robots":{"index":"index","follow":"follow","max-snippet":"max-snippet:-1","max-image-preview":"max-image-preview:large","max-video-preview":"max-video-preview:-1"},"canonical":"https:\/\/yilkomer.com\/de\/erdungsstab\/","og_locale":"de_DE","og_type":"article","og_title":"Erdungsstab","og_description":"Erdungsstab ist eine der wichtigsten Komponenten einer elektrischen Anlage. Eine korrekte Erdung ist sowohl f\u00fcr den Schutz von Menschenleben als auch von","og_url":"https:\/\/yilkomer.com\/de\/erdungsstab\/","og_site_name":"Y\u0131lkomer","article_modified_time":"2025-12-14T12:42:49+00:00","twitter_misc":{"Gesch\u00e4tzte Lesezeit":"2\u00a0Minuten"},"schema":{"@context":"https:\/\/schema.org","@graph":[{"@type":"WebPage","@id":"https:\/\/yilkomer.com\/de\/erdungsstab\/","url":"https:\/\/yilkomer.com\/de\/erdungsstab\/","name":"Erdungsstab","isPartOf":{"@id":"https:\/\/yilkomer.com\/de\/#website"},"primaryImageOfPage":{"@id":"https:\/\/yilkomer.com\/de\/erdungsstab\/#primaryimage"},"image":{"@id":"https:\/\/yilkomer.com\/de\/erdungsstab\/#primaryimage"},"thumbnailUrl":"https:\/\/yilkomer.com\/wp-content\/uploads\/2017\/01\/topraklama-cubugu.jpg","datePublished":"2017-01-04T03:54:01+00:00","dateModified":"2025-12-14T12:42:49+00:00","description":"Der Erdungsstab ist eines der am h\u00e4ufigsten verwendeten Materialien bei der Erdung. Damit die Erdung korrekt durchgef\u00fchrt werden kann, ist der Erdungsstab","breadcrumb":{"@id":"https:\/\/yilkomer.com\/de\/erdungsstab\/#breadcrumb"},"inLanguage":"de","potentialAction":[{"@type":"ReadAction","target":["https:\/\/yilkomer.com\/de\/erdungsstab\/"]}]},{"@type":"ImageObject","inLanguage":"de","@id":"https:\/\/yilkomer.com\/de\/erdungsstab\/#primaryimage","url":"https:\/\/yilkomer.com\/wp-content\/uploads\/2017\/01\/topraklama-cubugu.jpg","contentUrl":"https:\/\/yilkomer.com\/wp-content\/uploads\/2017\/01\/topraklama-cubugu.jpg"},{"@type":"BreadcrumbList","@id":"https:\/\/yilkomer.com\/de\/erdungsstab\/#breadcrumb","itemListElement":[{"@type":"ListItem","position":1,"name":"Ana Sayfa","item":"https:\/\/yilkomer.com\/de\/"},{"@type":"ListItem","position":2,"name":"Erdungsstab"}]},{"@type":"WebSite","@id":"https:\/\/yilkomer.com\/de\/#website","url":"https:\/\/yilkomer.com\/de\/","name":"Y\u0131lkomer","description":"","publisher":{"@id":"https:\/\/yilkomer.com\/de\/#organization"},"alternateName":"Y\u0131lkomer","potentialAction":[{"@type":"SearchAction","target":{"@type":"EntryPoint","urlTemplate":"https:\/\/yilkomer.com\/de\/?s={search_term_string}"},"query-input":{"@type":"PropertyValueSpecification","valueRequired":true,"valueName":"search_term_string"}}],"inLanguage":"de"},{"@type":"Organization","@id":"https:\/\/yilkomer.com\/de\/#organization","name":"Yilkomer","url":"https:\/\/yilkomer.com\/de\/","logo":{"@type":"ImageObject","inLanguage":"de","@id":"https:\/\/yilkomer.com\/de\/#\/schema\/logo\/image\/","url":"https:\/\/yilkomer.com\/wp-content\/uploads\/2015\/01\/logo.png","contentUrl":"https:\/\/yilkomer.com\/wp-content\/uploads\/2015\/01\/logo.png","width":1000,"height":189,"caption":"Yilkomer"},"image":{"@id":"https:\/\/yilkomer.com\/de\/#\/schema\/logo\/image\/"}}]}},"_links":{"self":[{"href":"https:\/\/yilkomer.com\/de\/wp-json\/wp\/v2\/pages\/48836","targetHints":{"allow":["GET"]}}],"collection":[{"href":"https:\/\/yilkomer.com\/de\/wp-json\/wp\/v2\/pages"}],"about":[{"href":"https:\/\/yilkomer.com\/de\/wp-json\/wp\/v2\/types\/page"}],"author":[{"embeddable":true,"href":"https:\/\/yilkomer.com\/de\/wp-json\/wp\/v2\/users\/1"}],"replies":[{"embeddable":true,"href":"https:\/\/yilkomer.com\/de\/wp-json\/wp\/v2\/comments?post=48836"}],"version-history":[{"count":3,"href":"https:\/\/yilkomer.com\/de\/wp-json\/wp\/v2\/pages\/48836\/revisions"}],"predecessor-version":[{"id":49414,"href":"https:\/\/yilkomer.com\/de\/wp-json\/wp\/v2\/pages\/48836\/revisions\/49414"}],"wp:featuredmedia":[{"embeddable":true,"href":"https:\/\/yilkomer.com\/de\/wp-json\/"}],"wp:attachment":[{"href":"https:\/\/yilkomer.com\/de\/wp-json\/wp\/v2\/media?parent=48836"}],"curies":[{"name":"wp","href":"https:\/\/api.w.org\/{rel}","templated":true}]}}