{"id":48624,"date":"2015-08-30T18:44:25","date_gmt":"2015-08-30T15:44:25","guid":{"rendered":"https:\/\/yilkomer.com\/paratoner-fiyatlari\/"},"modified":"2025-12-14T15:35:18","modified_gmt":"2025-12-14T12:35:18","slug":"preise-fuer-blitzableiter","status":"publish","type":"page","link":"https:\/\/yilkomer.com\/de\/preise-fuer-blitzableiter\/","title":{"rendered":"Preise f\u00fcr Blitzableiter"},"content":{"rendered":"","protected":false},"excerpt":{"rendered":"","protected":false},"author":1,"featured_media":48625,"parent":0,"menu_order":0,"comment_status":"closed","ping_status":"closed","template":"","meta":{"_joinchat":[],"footnotes":""},"class_list":["post-48624","page","type-page","status-publish","has-post-thumbnail","hentry"],"yoast_head":"<!-- This site is optimized with the Yoast SEO Premium plugin v19.2.1 (Yoast SEO v27.5) - https:\/\/yoast.com\/product\/yoast-seo-premium-wordpress\/ -->\n<title>Preise f\u00fcr Blitzableiter | Y\u0131lkomer<\/title>\n<meta name=\"description\" content=\"F\u00fcr Preise von Blitzableitern k\u00f6nnen Sie unser Zentrum kontaktieren, Fragen stellen und ein Preisangebot anfordern. Wir sind nur einen Klick entfernt.\" \/>\n<meta name=\"robots\" content=\"index, follow, max-snippet:-1, max-image-preview:large, max-video-preview:-1\" \/>\n<link rel=\"canonical\" href=\"https:\/\/yilkomer.com\/de\/preise-fuer-blitzableiter\/\" \/>\n<meta property=\"og:locale\" content=\"de_DE\" \/>\n<meta property=\"og:type\" content=\"article\" \/>\n<meta property=\"og:title\" content=\"Preise f\u00fcr Blitzableiter\" \/>\n<meta property=\"og:url\" content=\"https:\/\/yilkomer.com\/de\/preise-fuer-blitzableiter\/\" \/>\n<meta property=\"og:site_name\" content=\"Y\u0131lkomer\" \/>\n<meta property=\"article:modified_time\" content=\"2025-12-14T12:35:18+00:00\" \/>\n<meta property=\"og:image\" content=\"https:\/\/yilkomer.com\/wp-content\/uploads\/2015\/08\/paratatoner-fiyatlar\u0131.jpg\" \/>\n\t<meta property=\"og:image:width\" content=\"467\" \/>\n\t<meta property=\"og:image:height\" content=\"341\" \/>\n\t<meta property=\"og:image:type\" content=\"image\/jpeg\" \/>\n<meta name=\"twitter:label1\" content=\"Gesch\u00e4tzte Lesezeit\" \/>\n\t<meta name=\"twitter:data1\" content=\"1\u00a0Minute\" \/>\n<script type=\"application\/ld+json\" class=\"yoast-schema-graph\">{\"@context\":\"https:\\\/\\\/schema.org\",\"@graph\":[{\"@type\":\"WebPage\",\"@id\":\"https:\\\/\\\/yilkomer.com\\\/de\\\/preise-fuer-blitzableiter\\\/\",\"url\":\"https:\\\/\\\/yilkomer.com\\\/de\\\/preise-fuer-blitzableiter\\\/\",\"name\":\"Preise f\u00fcr Blitzableiter | Y\u0131lkomer\",\"isPartOf\":{\"@id\":\"https:\\\/\\\/yilkomer.com\\\/de\\\/#website\"},\"primaryImageOfPage\":{\"@id\":\"https:\\\/\\\/yilkomer.com\\\/de\\\/preise-fuer-blitzableiter\\\/#primaryimage\"},\"image\":{\"@id\":\"https:\\\/\\\/yilkomer.com\\\/de\\\/preise-fuer-blitzableiter\\\/#primaryimage\"},\"thumbnailUrl\":\"https:\\\/\\\/yilkomer.com\\\/wp-content\\\/uploads\\\/2015\\\/08\\\/paratatoner-fiyatlar\u0131.jpg\",\"datePublished\":\"2015-08-30T15:44:25+00:00\",\"dateModified\":\"2025-12-14T12:35:18+00:00\",\"description\":\"F\u00fcr Preise von Blitzableitern k\u00f6nnen Sie unser Zentrum kontaktieren, Fragen stellen und ein Preisangebot anfordern. Wir sind nur einen Klick entfernt.\",\"breadcrumb\":{\"@id\":\"https:\\\/\\\/yilkomer.com\\\/de\\\/preise-fuer-blitzableiter\\\/#breadcrumb\"},\"inLanguage\":\"de\",\"potentialAction\":[{\"@type\":\"ReadAction\",\"target\":[\"https:\\\/\\\/yilkomer.com\\\/de\\\/preise-fuer-blitzableiter\\\/\"]}]},{\"@type\":\"ImageObject\",\"inLanguage\":\"de\",\"@id\":\"https:\\\/\\\/yilkomer.com\\\/de\\\/preise-fuer-blitzableiter\\\/#primaryimage\",\"url\":\"https:\\\/\\\/yilkomer.com\\\/wp-content\\\/uploads\\\/2015\\\/08\\\/paratatoner-fiyatlar\u0131.jpg\",\"contentUrl\":\"https:\\\/\\\/yilkomer.com\\\/wp-content\\\/uploads\\\/2015\\\/08\\\/paratatoner-fiyatlar\u0131.jpg\",\"width\":467,\"height\":341,\"caption\":\"Paratoner fiyat listesi i\u00e7in firmam\u0131zla ileti\u015fime ge\u00e7ebilirsiniz.\"},{\"@type\":\"BreadcrumbList\",\"@id\":\"https:\\\/\\\/yilkomer.com\\\/de\\\/preise-fuer-blitzableiter\\\/#breadcrumb\",\"itemListElement\":[{\"@type\":\"ListItem\",\"position\":1,\"name\":\"Ana Sayfa\",\"item\":\"https:\\\/\\\/yilkomer.com\\\/de\\\/\"},{\"@type\":\"ListItem\",\"position\":2,\"name\":\"Preise f\u00fcr Blitzableiter\"}]},{\"@type\":\"WebSite\",\"@id\":\"https:\\\/\\\/yilkomer.com\\\/de\\\/#website\",\"url\":\"https:\\\/\\\/yilkomer.com\\\/de\\\/\",\"name\":\"Y\u0131lkomer\",\"description\":\"\",\"publisher\":{\"@id\":\"https:\\\/\\\/yilkomer.com\\\/de\\\/#organization\"},\"alternateName\":\"Y\u0131lkomer\",\"potentialAction\":[{\"@type\":\"SearchAction\",\"target\":{\"@type\":\"EntryPoint\",\"urlTemplate\":\"https:\\\/\\\/yilkomer.com\\\/de\\\/?s={search_term_string}\"},\"query-input\":{\"@type\":\"PropertyValueSpecification\",\"valueRequired\":true,\"valueName\":\"search_term_string\"}}],\"inLanguage\":\"de\"},{\"@type\":\"Organization\",\"@id\":\"https:\\\/\\\/yilkomer.com\\\/de\\\/#organization\",\"name\":\"Yilkomer\",\"url\":\"https:\\\/\\\/yilkomer.com\\\/de\\\/\",\"logo\":{\"@type\":\"ImageObject\",\"inLanguage\":\"de\",\"@id\":\"https:\\\/\\\/yilkomer.com\\\/de\\\/#\\\/schema\\\/logo\\\/image\\\/\",\"url\":\"https:\\\/\\\/yilkomer.com\\\/wp-content\\\/uploads\\\/2015\\\/01\\\/logo.png\",\"contentUrl\":\"https:\\\/\\\/yilkomer.com\\\/wp-content\\\/uploads\\\/2015\\\/01\\\/logo.png\",\"width\":1000,\"height\":189,\"caption\":\"Yilkomer\"},\"image\":{\"@id\":\"https:\\\/\\\/yilkomer.com\\\/de\\\/#\\\/schema\\\/logo\\\/image\\\/\"}}]}<\/script>\n<!-- \/ Yoast SEO Premium plugin. -->","yoast_head_json":{"title":"Preise f\u00fcr Blitzableiter | Y\u0131lkomer","description":"F\u00fcr Preise von Blitzableitern k\u00f6nnen Sie unser Zentrum kontaktieren, Fragen stellen und ein Preisangebot anfordern. Wir sind nur einen Klick entfernt.","robots":{"index":"index","follow":"follow","max-snippet":"max-snippet:-1","max-image-preview":"max-image-preview:large","max-video-preview":"max-video-preview:-1"},"canonical":"https:\/\/yilkomer.com\/de\/preise-fuer-blitzableiter\/","og_locale":"de_DE","og_type":"article","og_title":"Preise f\u00fcr Blitzableiter","og_url":"https:\/\/yilkomer.com\/de\/preise-fuer-blitzableiter\/","og_site_name":"Y\u0131lkomer","article_modified_time":"2025-12-14T12:35:18+00:00","og_image":[{"width":467,"height":341,"url":"https:\/\/yilkomer.com\/wp-content\/uploads\/2015\/08\/paratatoner-fiyatlar\u0131.jpg","type":"image\/jpeg"}],"twitter_misc":{"Gesch\u00e4tzte Lesezeit":"1\u00a0Minute"},"schema":{"@context":"https:\/\/schema.org","@graph":[{"@type":"WebPage","@id":"https:\/\/yilkomer.com\/de\/preise-fuer-blitzableiter\/","url":"https:\/\/yilkomer.com\/de\/preise-fuer-blitzableiter\/","name":"Preise f\u00fcr Blitzableiter | Y\u0131lkomer","isPartOf":{"@id":"https:\/\/yilkomer.com\/de\/#website"},"primaryImageOfPage":{"@id":"https:\/\/yilkomer.com\/de\/preise-fuer-blitzableiter\/#primaryimage"},"image":{"@id":"https:\/\/yilkomer.com\/de\/preise-fuer-blitzableiter\/#primaryimage"},"thumbnailUrl":"https:\/\/yilkomer.com\/wp-content\/uploads\/2015\/08\/paratatoner-fiyatlar\u0131.jpg","datePublished":"2015-08-30T15:44:25+00:00","dateModified":"2025-12-14T12:35:18+00:00","description":"F\u00fcr Preise von Blitzableitern k\u00f6nnen Sie unser Zentrum kontaktieren, Fragen stellen und ein Preisangebot anfordern. Wir sind nur einen Klick entfernt.","breadcrumb":{"@id":"https:\/\/yilkomer.com\/de\/preise-fuer-blitzableiter\/#breadcrumb"},"inLanguage":"de","potentialAction":[{"@type":"ReadAction","target":["https:\/\/yilkomer.com\/de\/preise-fuer-blitzableiter\/"]}]},{"@type":"ImageObject","inLanguage":"de","@id":"https:\/\/yilkomer.com\/de\/preise-fuer-blitzableiter\/#primaryimage","url":"https:\/\/yilkomer.com\/wp-content\/uploads\/2015\/08\/paratatoner-fiyatlar\u0131.jpg","contentUrl":"https:\/\/yilkomer.com\/wp-content\/uploads\/2015\/08\/paratatoner-fiyatlar\u0131.jpg","width":467,"height":341,"caption":"Paratoner fiyat listesi i\u00e7in firmam\u0131zla ileti\u015fime ge\u00e7ebilirsiniz."},{"@type":"BreadcrumbList","@id":"https:\/\/yilkomer.com\/de\/preise-fuer-blitzableiter\/#breadcrumb","itemListElement":[{"@type":"ListItem","position":1,"name":"Ana Sayfa","item":"https:\/\/yilkomer.com\/de\/"},{"@type":"ListItem","position":2,"name":"Preise f\u00fcr Blitzableiter"}]},{"@type":"WebSite","@id":"https:\/\/yilkomer.com\/de\/#website","url":"https:\/\/yilkomer.com\/de\/","name":"Y\u0131lkomer","description":"","publisher":{"@id":"https:\/\/yilkomer.com\/de\/#organization"},"alternateName":"Y\u0131lkomer","potentialAction":[{"@type":"SearchAction","target":{"@type":"EntryPoint","urlTemplate":"https:\/\/yilkomer.com\/de\/?s={search_term_string}"},"query-input":{"@type":"PropertyValueSpecification","valueRequired":true,"valueName":"search_term_string"}}],"inLanguage":"de"},{"@type":"Organization","@id":"https:\/\/yilkomer.com\/de\/#organization","name":"Yilkomer","url":"https:\/\/yilkomer.com\/de\/","logo":{"@type":"ImageObject","inLanguage":"de","@id":"https:\/\/yilkomer.com\/de\/#\/schema\/logo\/image\/","url":"https:\/\/yilkomer.com\/wp-content\/uploads\/2015\/01\/logo.png","contentUrl":"https:\/\/yilkomer.com\/wp-content\/uploads\/2015\/01\/logo.png","width":1000,"height":189,"caption":"Yilkomer"},"image":{"@id":"https:\/\/yilkomer.com\/de\/#\/schema\/logo\/image\/"}}]}},"_links":{"self":[{"href":"https:\/\/yilkomer.com\/de\/wp-json\/wp\/v2\/pages\/48624","targetHints":{"allow":["GET"]}}],"collection":[{"href":"https:\/\/yilkomer.com\/de\/wp-json\/wp\/v2\/pages"}],"about":[{"href":"https:\/\/yilkomer.com\/de\/wp-json\/wp\/v2\/types\/page"}],"author":[{"embeddable":true,"href":"https:\/\/yilkomer.com\/de\/wp-json\/wp\/v2\/users\/1"}],"replies":[{"embeddable":true,"href":"https:\/\/yilkomer.com\/de\/wp-json\/wp\/v2\/comments?post=48624"}],"version-history":[{"count":2,"href":"https:\/\/yilkomer.com\/de\/wp-json\/wp\/v2\/pages\/48624\/revisions"}],"predecessor-version":[{"id":48632,"href":"https:\/\/yilkomer.com\/de\/wp-json\/wp\/v2\/pages\/48624\/revisions\/48632"}],"wp:featuredmedia":[{"embeddable":true,"href":"https:\/\/yilkomer.com\/de\/wp-json\/wp\/v2\/media\/48625"}],"wp:attachment":[{"href":"https:\/\/yilkomer.com\/de\/wp-json\/wp\/v2\/media?parent=48624"}],"curies":[{"name":"wp","href":"https:\/\/api.w.org\/{rel}","templated":true}]}}