{"id":48609,"date":"2016-03-29T20:32:12","date_gmt":"2016-03-29T17:32:12","guid":{"rendered":"https:\/\/yilkomer.com\/paratoner-bakimi-ve-olcumu\/"},"modified":"2026-01-24T19:17:04","modified_gmt":"2026-01-24T16:17:04","slug":"wartung-und-messung-von-blitzableitern","status":"publish","type":"page","link":"https:\/\/yilkomer.com\/de\/wartung-und-messung-von-blitzableitern\/","title":{"rendered":"Wartung und Messung von Blitzableitern"},"content":{"rendered":"<p><a href=\"https:\/\/yilkomer.com\/de\/blitzableiter\/\"><strong>Paratoner<\/strong><\/a>, die zu den \u00e4u\u00dferen Blitzschutzsystemen geh\u00f6ren, sch\u00fctzen vor den physikalischen Auswirkungen von Blitzeinschl\u00e4gen. Blitzeinschl\u00e4ge, die zu den Naturereignissen geh\u00f6ren, die uns am st\u00e4rksten betreffen, k\u00f6nnen bei direktem Einschlag in eine Anlage erhebliche Sch\u00e4den verursachen. Aus diesem Grund ist es sehr wichtig, die j\u00e4hrliche Wartung und Messung von Paratonern durchf\u00fchren zu lassen. Die regelm\u00e4\u00dfige Wartung der <span style=\"color: #ff6600;\"><strong><a style=\"color: #ff6600;\" href=\"https:\/\/yilkomer.com\/de\/\" target=\"_blank\" rel=\"noopener\">Blitzschutz<\/a> <\/strong><\/span>anlagen, die sowohl f\u00fcr die Sicherheit von Menschen als auch f\u00fcr die Arbeitssicherheit von gro\u00dfer Bedeutung sind, ist unerl\u00e4sslich. Dies wurde auch durch Normen verpflichtend gemacht.<\/p>\n<div id=\"attachment_5180\" style=\"width: 512px\" class=\"wp-caption aligncenter\"><a href=\"https:\/\/yilkomer.com\/wp-content\/uploads\/2016\/03\/paratoner-bak\u0131m\u0131.jpg\" rel=\"attachment wp-att-5180\"><img loading=\"lazy\" decoding=\"async\" aria-describedby=\"caption-attachment-5180\" class=\" wp-image-5180\" src=\"https:\/\/yilkomer.com\/wp-content\/uploads\/2016\/03\/paratoner-bak\u0131m\u0131.jpg\" alt=\"Wir empfehlen, die Wartung von Blitzableitern j\u00e4hrlich durchf\u00fchren zu lassen.\" width=\"502\" height=\"282\" srcset=\"https:\/\/yilkomer.com\/wp-content\/uploads\/2016\/03\/paratoner-bak\u0131m\u0131.jpg 960w, https:\/\/yilkomer.com\/wp-content\/uploads\/2016\/03\/paratoner-bak\u0131m\u0131-300x169.jpg 300w, https:\/\/yilkomer.com\/wp-content\/uploads\/2016\/03\/paratoner-bak\u0131m\u0131-768x432.jpg 768w, https:\/\/yilkomer.com\/wp-content\/uploads\/2016\/03\/paratoner-bak\u0131m\u0131-260x146.jpg 260w, https:\/\/yilkomer.com\/wp-content\/uploads\/2016\/03\/paratoner-bak\u0131m\u0131-50x28.jpg 50w, https:\/\/yilkomer.com\/wp-content\/uploads\/2016\/03\/paratoner-bak\u0131m\u0131-133x75.jpg 133w\" sizes=\"auto, (max-width:767px) 480px, 502px\" \/><\/a><p id=\"caption-attachment-5180\" class=\"wp-caption-text\">Wir empfehlen, die Wartung von Blitzableitern j\u00e4hrlich durchf\u00fchren zu lassen.<\/p><\/div>\n<h2><span style=\"color: #ff6600;\"><strong>Wie wird die Wartung von Blitzableitern durchgef\u00fchrt?<\/strong><\/span><\/h2>\n<ul>\n<li>Die Kontrolle der <strong>Blitzableiter<\/strong>-Anlagen erfolgt einmal j\u00e4hrlich.<\/li>\n<li>Die Stabilit\u00e4t des Blitzableiters selbst wird \u00fcberpr\u00fcft.<\/li>\n<li>Der Blitzableitermast und die Fangeinrichtung werden auf Korrosion und Festigkeit gepr\u00fcft.<\/li>\n<li>Es wird \u00fcberpr\u00fcft, ob die Ableitungen unter Einhaltung des <strong>S-Abstands<\/strong> gef\u00fchrt werden. Hier kann ein isoliertes System bevorzugt werden.<\/li>\n<li>Die Klemmen der Ableitungen werden kontrolliert.<\/li>\n<li>Die Durchg\u00e4ngigkeit der Ableitungen wird \u00fcberpr\u00fcft.<\/li>\n<li>Die Pr\u00fcfklemme wird kontrolliert; falls erforderlich, wird sie ersetzt und ausreichend festgezogen.<\/li>\n<\/ul>\n<h3><span style=\"color: #ff6600;\"><strong>Messung des Blitzableiters<\/strong><\/span><\/h3>\n<p>Zun\u00e4chst ist festzuhalten, dass die Erdung von Blitzschutzsystemen nicht getrennt von anderen Erdungssystemen erfolgt. \u00dcber einen lokalen Potentialausgleich muss im Geb\u00e4ude ein Potentialausgleich hergestellt werden. Andernfalls k\u00f6nnen aufgrund von Widerstandsunterschieden \u00dcberspannungen in der Anlage auftreten. Zudem ist auf die Korrosionsbest\u00e4ndigkeit des Blitzableiters und der Erdungsmaterialien zu achten. <span style=\"color: #ff6600;\"><strong><em>Die Messung des Blitzableiters<\/em> <\/strong><\/span>sollte \u2013 wie die Wartung \u2013 regelm\u00e4\u00dfig durchgef\u00fchrt werden. Liegt das Messergebnis \u00fcber dem empfohlenen Wert, wird der Widerstand durch zus\u00e4tzliche Ma\u00dfnahmen reduziert. Die Verwendung von Chemikalien zur Reduzierung des <strong>Erdungswiderstands<\/strong> ist nur eine vor\u00fcbergehende L\u00f6sung; stattdessen sollten zus\u00e4tzliche Erdungsst\u00e4be eingesetzt werden.<\/p>\n<div id=\"attachment_5181\" style=\"width: 648px\" class=\"wp-caption aligncenter\"><a href=\"https:\/\/yilkomer.com\/wp-content\/uploads\/2016\/03\/paratoner-olcumu.jpg\" rel=\"attachment wp-att-5181\"><img loading=\"lazy\" decoding=\"async\" aria-describedby=\"caption-attachment-5181\" class=\"size-full wp-image-5181\" src=\"https:\/\/yilkomer.com\/wp-content\/uploads\/2016\/03\/paratoner-olcumu.jpg\" alt=\"Lassen Sie Ihre Blitzableiter-Messungen regelm\u00e4\u00dfig durchf\u00fchren.\" width=\"638\" height=\"340\" srcset=\"https:\/\/yilkomer.com\/wp-content\/uploads\/2016\/03\/paratoner-olcumu.jpg 638w, https:\/\/yilkomer.com\/wp-content\/uploads\/2016\/03\/paratoner-olcumu-300x160.jpg 300w, https:\/\/yilkomer.com\/wp-content\/uploads\/2016\/03\/paratoner-olcumu-260x139.jpg 260w, https:\/\/yilkomer.com\/wp-content\/uploads\/2016\/03\/paratoner-olcumu-50x27.jpg 50w, https:\/\/yilkomer.com\/wp-content\/uploads\/2016\/03\/paratoner-olcumu-141x75.jpg 141w\" sizes=\"auto, (max-width:767px) 480px, 638px\" \/><\/a><p id=\"caption-attachment-5181\" class=\"wp-caption-text\">Lassen Sie Ihre Blitzableiter-Messungen regelm\u00e4\u00dfig durchf\u00fchren.<\/p><\/div>\n<blockquote>\n<p style=\"text-align: center;\">Fordern Sie jetzt eine kostenlose Besichtigung an.<\/p>\n<\/blockquote>\n<p style=\"text-align: center;\">\n<div class=\"wpcf7 no-js\" id=\"wpcf7-f48605-o1\" lang=\"de-DE\" dir=\"ltr\" data-wpcf7-id=\"48605\">\n<div class=\"screen-reader-response\"><p role=\"status\" aria-live=\"polite\" aria-atomic=\"true\"><\/p> <ul><\/ul><\/div>\n<form action=\"\/de\/wp-json\/wp\/v2\/pages\/48609#wpcf7-f48605-o1\" method=\"post\" class=\"wpcf7-form init\" aria-label=\"Kontaktformular\" novalidate=\"novalidate\" data-status=\"init\">\n<fieldset class=\"hidden-fields-container\"><input type=\"hidden\" name=\"_wpcf7\" value=\"48605\" \/><input type=\"hidden\" name=\"_wpcf7_version\" value=\"6.1.5\" \/><input type=\"hidden\" name=\"_wpcf7_locale\" value=\"de_DE\" \/><input type=\"hidden\" name=\"_wpcf7_unit_tag\" value=\"wpcf7-f48605-o1\" \/><input type=\"hidden\" name=\"_wpcf7_container_post\" value=\"0\" \/><input type=\"hidden\" name=\"_wpcf7_posted_data_hash\" value=\"\" \/><input type=\"hidden\" name=\"_wpcf7_recaptcha_response\" value=\"\" \/>\n<\/fieldset>\n<p>Ihr Vor- und Nachname (erforderlich)\n<\/p>\n<p><span class=\"wpcf7-form-control-wrap\" data-name=\"your-name\"><input size=\"40\" maxlength=\"400\" class=\"wpcf7-form-control wpcf7-text wpcf7-validates-as-required\" aria-required=\"true\" aria-invalid=\"false\" value=\"\" type=\"text\" name=\"your-name\" \/><\/span>\n<\/p>\n<p>Ihre E-Mail-Adresse (erforderlich)\n<\/p>\n<p><span class=\"wpcf7-form-control-wrap\" data-name=\"your-email\"><input size=\"40\" maxlength=\"400\" class=\"wpcf7-form-control wpcf7-email wpcf7-validates-as-required wpcf7-text wpcf7-validates-as-email\" aria-required=\"true\" aria-invalid=\"false\" value=\"\" type=\"email\" name=\"your-email\" \/><\/span>\n<\/p>\n<p>Telefon (erforderlich)\n<\/p>\n<p><span class=\"wpcf7-form-control-wrap\" data-name=\"tel-359\"><input size=\"40\" maxlength=\"400\" class=\"wpcf7-form-control wpcf7-tel wpcf7-validates-as-required wpcf7-text wpcf7-validates-as-tel\" aria-required=\"true\" aria-invalid=\"false\" value=\"\" type=\"tel\" name=\"tel-359\" \/><\/span>\n<\/p>\n<p>Firmeninformationen (erforderlich)\n<\/p>\n<p><span class=\"wpcf7-form-control-wrap\" data-name=\"text-274\"><input size=\"40\" maxlength=\"400\" class=\"wpcf7-form-control wpcf7-text wpcf7-validates-as-required\" aria-required=\"true\" aria-invalid=\"false\" value=\"\" type=\"text\" name=\"text-274\" \/><\/span>\n<\/p>\n<p>K\u00f6nnten Sie bitte kurz Informationen zu Ihrer Besichtigungsanfrage geben?\n<\/p>\n<p><span class=\"wpcf7-form-control-wrap\" data-name=\"your-message\"><textarea cols=\"40\" rows=\"10\" maxlength=\"2000\" class=\"wpcf7-form-control wpcf7-textarea\" aria-invalid=\"false\" name=\"your-message\"><\/textarea><\/span>\n<\/p>\n<p><input class=\"wpcf7-form-control wpcf7-submit has-spinner\" type=\"submit\" value=\"Senden\" \/>\n<\/p><div class=\"wpcf7-response-output\" aria-hidden=\"true\"><\/div>\n<\/form>\n<\/div>\n<\/p>\n","protected":false},"excerpt":{"rendered":"<p>Paratoner, die zu den \u00e4u\u00dferen Blitzschutzsystemen geh\u00f6ren, sch\u00fctzen vor den physikalischen Auswirkungen von Blitzeinschl\u00e4gen. Blitzeinschl\u00e4ge, die zu den Naturereignissen geh\u00f6ren, die uns am st\u00e4rksten betreffen, k\u00f6nnen<span class=\"excerpt-hellip\"> [\u2026]<\/span><\/p>\n","protected":false},"author":1,"featured_media":-1,"parent":0,"menu_order":0,"comment_status":"closed","ping_status":"closed","template":"","meta":{"_joinchat":[],"footnotes":""},"class_list":["post-48609","page","type-page","status-publish","has-post-thumbnail","hentry"],"yoast_head":"<!-- This site is optimized with the Yoast SEO Premium plugin v19.2.1 (Yoast SEO v27.5) - https:\/\/yoast.com\/product\/yoast-seo-premium-wordpress\/ -->\n<title>Wartung und Messung von Blitzableitern<\/title>\n<meta name=\"description\" content=\"Die j\u00e4hrliche Wartung und Messung von Blitzableitern ist sehr wichtig. Der Blitzschutz ist sowohl f\u00fcr die Sicherheit von Menschen als auch f\u00fcr die Arbeitssicherheit von gro\u00dfer Bedeutung.\" \/>\n<meta name=\"robots\" content=\"index, follow, max-snippet:-1, max-image-preview:large, max-video-preview:-1\" \/>\n<link rel=\"canonical\" href=\"https:\/\/yilkomer.com\/de\/wartung-und-messung-von-blitzableitern\/\" \/>\n<meta property=\"og:locale\" content=\"de_DE\" \/>\n<meta property=\"og:type\" content=\"article\" \/>\n<meta property=\"og:title\" content=\"Wartung und Messung von Blitzableitern\" \/>\n<meta property=\"og:description\" content=\"Paratoner, die zu den \u00e4u\u00dferen Blitzschutzsystemen geh\u00f6ren, sch\u00fctzen vor den physikalischen Auswirkungen von Blitzeinschl\u00e4gen. Blitzeinschl\u00e4ge, die zu den\" \/>\n<meta property=\"og:url\" content=\"https:\/\/yilkomer.com\/de\/wartung-und-messung-von-blitzableitern\/\" \/>\n<meta property=\"og:site_name\" content=\"Y\u0131lkomer\" \/>\n<meta property=\"article:modified_time\" content=\"2026-01-24T16:17:04+00:00\" \/>\n<meta name=\"twitter:label1\" content=\"Gesch\u00e4tzte Lesezeit\" \/>\n\t<meta name=\"twitter:data1\" content=\"3\u00a0Minuten\" \/>\n<script type=\"application\/ld+json\" class=\"yoast-schema-graph\">{\"@context\":\"https:\\\/\\\/schema.org\",\"@graph\":[{\"@type\":\"WebPage\",\"@id\":\"https:\\\/\\\/yilkomer.com\\\/de\\\/wartung-und-messung-von-blitzableitern\\\/\",\"url\":\"https:\\\/\\\/yilkomer.com\\\/de\\\/wartung-und-messung-von-blitzableitern\\\/\",\"name\":\"Wartung und Messung von Blitzableitern\",\"isPartOf\":{\"@id\":\"https:\\\/\\\/yilkomer.com\\\/de\\\/#website\"},\"primaryImageOfPage\":{\"@id\":\"https:\\\/\\\/yilkomer.com\\\/de\\\/wartung-und-messung-von-blitzableitern\\\/#primaryimage\"},\"image\":{\"@id\":\"https:\\\/\\\/yilkomer.com\\\/de\\\/wartung-und-messung-von-blitzableitern\\\/#primaryimage\"},\"thumbnailUrl\":\"https:\\\/\\\/yilkomer.com\\\/wp-content\\\/uploads\\\/2016\\\/03\\\/paratoner-olcumu.jpg\",\"datePublished\":\"2016-03-29T17:32:12+00:00\",\"dateModified\":\"2026-01-24T16:17:04+00:00\",\"description\":\"Die j\u00e4hrliche Wartung und Messung von Blitzableitern ist sehr wichtig. Der Blitzschutz ist sowohl f\u00fcr die Sicherheit von Menschen als auch f\u00fcr die Arbeitssicherheit von gro\u00dfer Bedeutung.\",\"breadcrumb\":{\"@id\":\"https:\\\/\\\/yilkomer.com\\\/de\\\/wartung-und-messung-von-blitzableitern\\\/#breadcrumb\"},\"inLanguage\":\"de\",\"potentialAction\":[{\"@type\":\"ReadAction\",\"target\":[\"https:\\\/\\\/yilkomer.com\\\/de\\\/wartung-und-messung-von-blitzableitern\\\/\"]}]},{\"@type\":\"ImageObject\",\"inLanguage\":\"de\",\"@id\":\"https:\\\/\\\/yilkomer.com\\\/de\\\/wartung-und-messung-von-blitzableitern\\\/#primaryimage\",\"url\":\"https:\\\/\\\/yilkomer.com\\\/wp-content\\\/uploads\\\/2016\\\/03\\\/paratoner-olcumu.jpg\",\"contentUrl\":\"https:\\\/\\\/yilkomer.com\\\/wp-content\\\/uploads\\\/2016\\\/03\\\/paratoner-olcumu.jpg\"},{\"@type\":\"BreadcrumbList\",\"@id\":\"https:\\\/\\\/yilkomer.com\\\/de\\\/wartung-und-messung-von-blitzableitern\\\/#breadcrumb\",\"itemListElement\":[{\"@type\":\"ListItem\",\"position\":1,\"name\":\"Ana Sayfa\",\"item\":\"https:\\\/\\\/yilkomer.com\\\/de\\\/\"},{\"@type\":\"ListItem\",\"position\":2,\"name\":\"Wartung und Messung von Blitzableitern\"}]},{\"@type\":\"WebSite\",\"@id\":\"https:\\\/\\\/yilkomer.com\\\/de\\\/#website\",\"url\":\"https:\\\/\\\/yilkomer.com\\\/de\\\/\",\"name\":\"Y\u0131lkomer\",\"description\":\"\",\"publisher\":{\"@id\":\"https:\\\/\\\/yilkomer.com\\\/de\\\/#organization\"},\"alternateName\":\"Y\u0131lkomer\",\"potentialAction\":[{\"@type\":\"SearchAction\",\"target\":{\"@type\":\"EntryPoint\",\"urlTemplate\":\"https:\\\/\\\/yilkomer.com\\\/de\\\/?s={search_term_string}\"},\"query-input\":{\"@type\":\"PropertyValueSpecification\",\"valueRequired\":true,\"valueName\":\"search_term_string\"}}],\"inLanguage\":\"de\"},{\"@type\":\"Organization\",\"@id\":\"https:\\\/\\\/yilkomer.com\\\/de\\\/#organization\",\"name\":\"Yilkomer\",\"url\":\"https:\\\/\\\/yilkomer.com\\\/de\\\/\",\"logo\":{\"@type\":\"ImageObject\",\"inLanguage\":\"de\",\"@id\":\"https:\\\/\\\/yilkomer.com\\\/de\\\/#\\\/schema\\\/logo\\\/image\\\/\",\"url\":\"https:\\\/\\\/yilkomer.com\\\/wp-content\\\/uploads\\\/2015\\\/01\\\/logo.png\",\"contentUrl\":\"https:\\\/\\\/yilkomer.com\\\/wp-content\\\/uploads\\\/2015\\\/01\\\/logo.png\",\"width\":1000,\"height\":189,\"caption\":\"Yilkomer\"},\"image\":{\"@id\":\"https:\\\/\\\/yilkomer.com\\\/de\\\/#\\\/schema\\\/logo\\\/image\\\/\"}}]}<\/script>\n<!-- \/ Yoast SEO Premium plugin. -->","yoast_head_json":{"title":"Wartung und Messung von Blitzableitern","description":"Die j\u00e4hrliche Wartung und Messung von Blitzableitern ist sehr wichtig. Der Blitzschutz ist sowohl f\u00fcr die Sicherheit von Menschen als auch f\u00fcr die Arbeitssicherheit von gro\u00dfer Bedeutung.","robots":{"index":"index","follow":"follow","max-snippet":"max-snippet:-1","max-image-preview":"max-image-preview:large","max-video-preview":"max-video-preview:-1"},"canonical":"https:\/\/yilkomer.com\/de\/wartung-und-messung-von-blitzableitern\/","og_locale":"de_DE","og_type":"article","og_title":"Wartung und Messung von Blitzableitern","og_description":"Paratoner, die zu den \u00e4u\u00dferen Blitzschutzsystemen geh\u00f6ren, sch\u00fctzen vor den physikalischen Auswirkungen von Blitzeinschl\u00e4gen. Blitzeinschl\u00e4ge, die zu den","og_url":"https:\/\/yilkomer.com\/de\/wartung-und-messung-von-blitzableitern\/","og_site_name":"Y\u0131lkomer","article_modified_time":"2026-01-24T16:17:04+00:00","twitter_misc":{"Gesch\u00e4tzte Lesezeit":"3\u00a0Minuten"},"schema":{"@context":"https:\/\/schema.org","@graph":[{"@type":"WebPage","@id":"https:\/\/yilkomer.com\/de\/wartung-und-messung-von-blitzableitern\/","url":"https:\/\/yilkomer.com\/de\/wartung-und-messung-von-blitzableitern\/","name":"Wartung und Messung von Blitzableitern","isPartOf":{"@id":"https:\/\/yilkomer.com\/de\/#website"},"primaryImageOfPage":{"@id":"https:\/\/yilkomer.com\/de\/wartung-und-messung-von-blitzableitern\/#primaryimage"},"image":{"@id":"https:\/\/yilkomer.com\/de\/wartung-und-messung-von-blitzableitern\/#primaryimage"},"thumbnailUrl":"https:\/\/yilkomer.com\/wp-content\/uploads\/2016\/03\/paratoner-olcumu.jpg","datePublished":"2016-03-29T17:32:12+00:00","dateModified":"2026-01-24T16:17:04+00:00","description":"Die j\u00e4hrliche Wartung und Messung von Blitzableitern ist sehr wichtig. Der Blitzschutz ist sowohl f\u00fcr die Sicherheit von Menschen als auch f\u00fcr die Arbeitssicherheit von gro\u00dfer Bedeutung.","breadcrumb":{"@id":"https:\/\/yilkomer.com\/de\/wartung-und-messung-von-blitzableitern\/#breadcrumb"},"inLanguage":"de","potentialAction":[{"@type":"ReadAction","target":["https:\/\/yilkomer.com\/de\/wartung-und-messung-von-blitzableitern\/"]}]},{"@type":"ImageObject","inLanguage":"de","@id":"https:\/\/yilkomer.com\/de\/wartung-und-messung-von-blitzableitern\/#primaryimage","url":"https:\/\/yilkomer.com\/wp-content\/uploads\/2016\/03\/paratoner-olcumu.jpg","contentUrl":"https:\/\/yilkomer.com\/wp-content\/uploads\/2016\/03\/paratoner-olcumu.jpg"},{"@type":"BreadcrumbList","@id":"https:\/\/yilkomer.com\/de\/wartung-und-messung-von-blitzableitern\/#breadcrumb","itemListElement":[{"@type":"ListItem","position":1,"name":"Ana Sayfa","item":"https:\/\/yilkomer.com\/de\/"},{"@type":"ListItem","position":2,"name":"Wartung und Messung von Blitzableitern"}]},{"@type":"WebSite","@id":"https:\/\/yilkomer.com\/de\/#website","url":"https:\/\/yilkomer.com\/de\/","name":"Y\u0131lkomer","description":"","publisher":{"@id":"https:\/\/yilkomer.com\/de\/#organization"},"alternateName":"Y\u0131lkomer","potentialAction":[{"@type":"SearchAction","target":{"@type":"EntryPoint","urlTemplate":"https:\/\/yilkomer.com\/de\/?s={search_term_string}"},"query-input":{"@type":"PropertyValueSpecification","valueRequired":true,"valueName":"search_term_string"}}],"inLanguage":"de"},{"@type":"Organization","@id":"https:\/\/yilkomer.com\/de\/#organization","name":"Yilkomer","url":"https:\/\/yilkomer.com\/de\/","logo":{"@type":"ImageObject","inLanguage":"de","@id":"https:\/\/yilkomer.com\/de\/#\/schema\/logo\/image\/","url":"https:\/\/yilkomer.com\/wp-content\/uploads\/2015\/01\/logo.png","contentUrl":"https:\/\/yilkomer.com\/wp-content\/uploads\/2015\/01\/logo.png","width":1000,"height":189,"caption":"Yilkomer"},"image":{"@id":"https:\/\/yilkomer.com\/de\/#\/schema\/logo\/image\/"}}]}},"_links":{"self":[{"href":"https:\/\/yilkomer.com\/de\/wp-json\/wp\/v2\/pages\/48609","targetHints":{"allow":["GET"]}}],"collection":[{"href":"https:\/\/yilkomer.com\/de\/wp-json\/wp\/v2\/pages"}],"about":[{"href":"https:\/\/yilkomer.com\/de\/wp-json\/wp\/v2\/types\/page"}],"author":[{"embeddable":true,"href":"https:\/\/yilkomer.com\/de\/wp-json\/wp\/v2\/users\/1"}],"replies":[{"embeddable":true,"href":"https:\/\/yilkomer.com\/de\/wp-json\/wp\/v2\/comments?post=48609"}],"version-history":[{"count":4,"href":"https:\/\/yilkomer.com\/de\/wp-json\/wp\/v2\/pages\/48609\/revisions"}],"predecessor-version":[{"id":59513,"href":"https:\/\/yilkomer.com\/de\/wp-json\/wp\/v2\/pages\/48609\/revisions\/59513"}],"wp:featuredmedia":[{"embeddable":true,"href":"https:\/\/yilkomer.com\/de\/wp-json\/"}],"wp:attachment":[{"href":"https:\/\/yilkomer.com\/de\/wp-json\/wp\/v2\/media?parent=48609"}],"curies":[{"name":"wp","href":"https:\/\/api.w.org\/{rel}","templated":true}]}}