{"id":47931,"date":"2016-11-05T14:07:52","date_gmt":"2016-11-05T11:07:52","guid":{"rendered":"https:\/\/yilkomer.com\/iskra-zascite-parafudr\/"},"modified":"2025-12-12T16:02:54","modified_gmt":"2025-12-12T13:02:54","slug":"iskra-zascite-ueberspannungsableiter","status":"publish","type":"page","link":"https:\/\/yilkomer.com\/de\/iskra-zascite-ueberspannungsableiter\/","title":{"rendered":"Iskra Zascite \u00dcberspannungsableiter"},"content":{"rendered":"<p>Als Blitzschutz-Zentrum sind wir der einzige autorisierte Distributor des slowenischen \u00dcberspannungsableiter-Herstellers Iskra Zascite in der T\u00fcrkei. F\u00fcr Ihre Anfragen zu \u00dcberspannungsableitern k\u00f6nnen Sie das untenstehende Formular ausf\u00fcllen. Die Produktcodes finden Sie unten.<\/p>\n<ul>\n<li>Probloc BSR 100\/320 (3+1)<\/li>\n<li>PROTEC B2S 25\/320 (1+1)<\/li>\n<li>PROTEC B2SR 25\/320 (1+1)<\/li>\n<li>PROTEC ASL 100\/320(1+1)<\/li>\n<li>PROTEC ASL 100\/320(3+1)<\/li>\n<li>PROTEC B2S 25\/320 (1+1)<\/li>\n<li>PROTEC B2SR 25\/320 (1+1)<\/li>\n<li>Protec C 80\/320 (1+1)<\/li>\n<li>Protec CR 80\/320 (1+1)<\/li>\n<li>Protec C 160\/320 (3+1)<\/li>\n<li>Protec CR 160\/320 (3+1)<\/li>\n<li>PV PROTEC C 40\/1000<\/li>\n<li>SAFETEC B 12,5\/1000 Y PV TCG<\/li>\n<li>PV PROTEC BR I+II 1000 V<\/li>\n<li>Protec DMG 20\/320 (2+0)<\/li>\n<li>Protec DMDR 20\/24<\/li>\n<li>Protec DMDR 20\/48<\/li>\n<li>LZ-DSL 01P<\/li>\n<li>LZ NET<\/li>\n<li>LZ NET PoE<\/li>\n<li>LZ NET Cat 6<\/li>\n<li>ZV-BNC 5V<\/li>\n<li>CCP 70 V Male\/Female<\/li>\n<li>ZV\u00b1BNC 12V<\/li>\n<li>MPE Mini<\/li>\n<li>ZES-76 TEL TV<\/li>\n<li>EPZ 100\/350<\/li>\n<li>MGZ LL\/K10 + 10<\/li>\n<\/ul>\n\n<div class=\"wpcf7 no-js\" id=\"wpcf7-f47724-o1\" lang=\"de-DE\" dir=\"ltr\" data-wpcf7-id=\"47724\">\n<div class=\"screen-reader-response\"><p role=\"status\" aria-live=\"polite\" aria-atomic=\"true\"><\/p> <ul><\/ul><\/div>\n<form action=\"\/de\/wp-json\/wp\/v2\/pages\/47931#wpcf7-f47724-o1\" method=\"post\" class=\"wpcf7-form init\" aria-label=\"Kontaktformular\" novalidate=\"novalidate\" data-status=\"init\">\n<fieldset class=\"hidden-fields-container\"><input type=\"hidden\" name=\"_wpcf7\" value=\"47724\" \/><input type=\"hidden\" name=\"_wpcf7_version\" value=\"6.1.5\" \/><input type=\"hidden\" name=\"_wpcf7_locale\" value=\"de_DE\" \/><input type=\"hidden\" name=\"_wpcf7_unit_tag\" value=\"wpcf7-f47724-o1\" \/><input type=\"hidden\" name=\"_wpcf7_container_post\" value=\"0\" \/><input type=\"hidden\" name=\"_wpcf7_posted_data_hash\" value=\"\" \/><input type=\"hidden\" name=\"_wpcf7_recaptcha_response\" value=\"\" \/>\n<\/fieldset>\n<p>Ihr Name und Nachname (erforderlich)\n<\/p>\n<p><span class=\"wpcf7-form-control-wrap\" data-name=\"your-name\"><input size=\"40\" maxlength=\"400\" class=\"wpcf7-form-control wpcf7-text wpcf7-validates-as-required\" aria-required=\"true\" aria-invalid=\"false\" value=\"\" type=\"text\" name=\"your-name\" \/><\/span>\n<\/p>\n<p>Ihre E-Mail (erforderlich)\n<\/p>\n<p><span class=\"wpcf7-form-control-wrap\" data-name=\"your-email\"><input size=\"40\" maxlength=\"400\" class=\"wpcf7-form-control wpcf7-email wpcf7-validates-as-required wpcf7-text wpcf7-validates-as-email\" aria-required=\"true\" aria-invalid=\"false\" value=\"\" type=\"email\" name=\"your-email\" \/><\/span>\n<\/p>\n<p>Firmeninformationen (erforderlich)\n<\/p>\n<p><span class=\"wpcf7-form-control-wrap\" data-name=\"your-subject\"><input size=\"40\" maxlength=\"400\" class=\"wpcf7-form-control wpcf7-text wpcf7-validates-as-required\" aria-required=\"true\" aria-invalid=\"false\" value=\"\" type=\"text\" name=\"your-subject\" \/><\/span>\n<\/p>\n<p>Telefon (erforderlich)\n<\/p>\n<p><span class=\"wpcf7-form-control-wrap\" data-name=\"tel-305\"><input size=\"40\" maxlength=\"400\" class=\"wpcf7-form-control wpcf7-tel wpcf7-validates-as-required wpcf7-text wpcf7-validates-as-tel\" aria-required=\"true\" aria-invalid=\"false\" value=\"\" type=\"tel\" name=\"tel-305\" \/><\/span>\n<\/p>\n<p>K\u00f6nnen Sie Ihre Produktanfrage kurz beschreiben?\n<\/p>\n<p><span class=\"wpcf7-form-control-wrap\" data-name=\"your-message\"><textarea cols=\"40\" rows=\"10\" maxlength=\"2000\" class=\"wpcf7-form-control wpcf7-textarea\" aria-invalid=\"false\" name=\"your-message\"><\/textarea><\/span>\n<\/p>\n<p><input class=\"wpcf7-form-control wpcf7-submit has-spinner\" type=\"submit\" value=\"Senden\" \/>\n<\/p><div class=\"wpcf7-response-output\" aria-hidden=\"true\"><\/div>\n<\/form>\n<\/div>\n\n<p>&nbsp;<\/p>\n","protected":false},"excerpt":{"rendered":"<p>Als Blitzschutz-Zentrum sind wir der einzige autorisierte Distributor des slowenischen \u00dcberspannungsableiter-Herstellers Iskra Zascite in der T\u00fcrkei. F\u00fcr Ihre Anfragen zu \u00dcberspannungsableitern k\u00f6nnen Sie das untenstehende Formular<span class=\"excerpt-hellip\"> [\u2026]<\/span><\/p>\n","protected":false},"author":1,"featured_media":-1,"parent":0,"menu_order":0,"comment_status":"closed","ping_status":"closed","template":"","meta":{"_joinchat":[],"footnotes":""},"class_list":["post-47931","page","type-page","status-publish","has-post-thumbnail","hentry"],"yoast_head":"<!-- This site is optimized with the Yoast SEO Premium plugin v19.2.1 (Yoast SEO v27.4) - https:\/\/yoast.com\/product\/yoast-seo-premium-wordpress\/ -->\n<title>Iskra Zascite \u00dcberspannungsableiter | Y\u0131lkomer<\/title>\n<meta name=\"robots\" content=\"index, follow, max-snippet:-1, max-image-preview:large, max-video-preview:-1\" \/>\n<link rel=\"canonical\" href=\"https:\/\/yilkomer.com\/de\/iskra-zascite-ueberspannungsableiter\/\" \/>\n<meta property=\"og:locale\" content=\"de_DE\" \/>\n<meta property=\"og:type\" content=\"article\" \/>\n<meta property=\"og:title\" content=\"Iskra Zascite \u00dcberspannungsableiter\" \/>\n<meta property=\"og:description\" content=\"Als Blitzschutz-Zentrum sind wir der einzige autorisierte Distributor des slowenischen \u00dcberspannungsableiter-Herstellers Iskra Zascite in der T\u00fcrkei. F\u00fcr\" \/>\n<meta property=\"og:url\" content=\"https:\/\/yilkomer.com\/de\/iskra-zascite-ueberspannungsableiter\/\" \/>\n<meta property=\"og:site_name\" content=\"Y\u0131lkomer\" \/>\n<meta property=\"article:modified_time\" content=\"2025-12-12T13:02:54+00:00\" \/>\n<meta name=\"twitter:label1\" content=\"Gesch\u00e4tzte Lesezeit\" \/>\n\t<meta name=\"twitter:data1\" content=\"1\u00a0Minute\" \/>\n<script type=\"application\/ld+json\" class=\"yoast-schema-graph\">{\"@context\":\"https:\\\/\\\/schema.org\",\"@graph\":[{\"@type\":\"WebPage\",\"@id\":\"https:\\\/\\\/yilkomer.com\\\/de\\\/iskra-zascite-ueberspannungsableiter\\\/\",\"url\":\"https:\\\/\\\/yilkomer.com\\\/de\\\/iskra-zascite-ueberspannungsableiter\\\/\",\"name\":\"Iskra Zascite \u00dcberspannungsableiter | Y\u0131lkomer\",\"isPartOf\":{\"@id\":\"https:\\\/\\\/yilkomer.com\\\/de\\\/#website\"},\"datePublished\":\"2016-11-05T11:07:52+00:00\",\"dateModified\":\"2025-12-12T13:02:54+00:00\",\"breadcrumb\":{\"@id\":\"https:\\\/\\\/yilkomer.com\\\/de\\\/iskra-zascite-ueberspannungsableiter\\\/#breadcrumb\"},\"inLanguage\":\"de\",\"potentialAction\":[{\"@type\":\"ReadAction\",\"target\":[\"https:\\\/\\\/yilkomer.com\\\/de\\\/iskra-zascite-ueberspannungsableiter\\\/\"]}]},{\"@type\":\"BreadcrumbList\",\"@id\":\"https:\\\/\\\/yilkomer.com\\\/de\\\/iskra-zascite-ueberspannungsableiter\\\/#breadcrumb\",\"itemListElement\":[{\"@type\":\"ListItem\",\"position\":1,\"name\":\"Ana Sayfa\",\"item\":\"https:\\\/\\\/yilkomer.com\\\/de\\\/\"},{\"@type\":\"ListItem\",\"position\":2,\"name\":\"Iskra Zascite \u00dcberspannungsableiter\"}]},{\"@type\":\"WebSite\",\"@id\":\"https:\\\/\\\/yilkomer.com\\\/de\\\/#website\",\"url\":\"https:\\\/\\\/yilkomer.com\\\/de\\\/\",\"name\":\"Y\u0131lkomer\",\"description\":\"\",\"publisher\":{\"@id\":\"https:\\\/\\\/yilkomer.com\\\/de\\\/#organization\"},\"alternateName\":\"Y\u0131lkomer\",\"potentialAction\":[{\"@type\":\"SearchAction\",\"target\":{\"@type\":\"EntryPoint\",\"urlTemplate\":\"https:\\\/\\\/yilkomer.com\\\/de\\\/?s={search_term_string}\"},\"query-input\":{\"@type\":\"PropertyValueSpecification\",\"valueRequired\":true,\"valueName\":\"search_term_string\"}}],\"inLanguage\":\"de\"},{\"@type\":\"Organization\",\"@id\":\"https:\\\/\\\/yilkomer.com\\\/de\\\/#organization\",\"name\":\"Yilkomer\",\"url\":\"https:\\\/\\\/yilkomer.com\\\/de\\\/\",\"logo\":{\"@type\":\"ImageObject\",\"inLanguage\":\"de\",\"@id\":\"https:\\\/\\\/yilkomer.com\\\/de\\\/#\\\/schema\\\/logo\\\/image\\\/\",\"url\":\"https:\\\/\\\/yilkomer.com\\\/wp-content\\\/uploads\\\/2015\\\/01\\\/logo.png\",\"contentUrl\":\"https:\\\/\\\/yilkomer.com\\\/wp-content\\\/uploads\\\/2015\\\/01\\\/logo.png\",\"width\":1000,\"height\":189,\"caption\":\"Yilkomer\"},\"image\":{\"@id\":\"https:\\\/\\\/yilkomer.com\\\/de\\\/#\\\/schema\\\/logo\\\/image\\\/\"}}]}<\/script>\n<!-- \/ Yoast SEO Premium plugin. -->","yoast_head_json":{"title":"Iskra Zascite \u00dcberspannungsableiter | Y\u0131lkomer","robots":{"index":"index","follow":"follow","max-snippet":"max-snippet:-1","max-image-preview":"max-image-preview:large","max-video-preview":"max-video-preview:-1"},"canonical":"https:\/\/yilkomer.com\/de\/iskra-zascite-ueberspannungsableiter\/","og_locale":"de_DE","og_type":"article","og_title":"Iskra Zascite \u00dcberspannungsableiter","og_description":"Als Blitzschutz-Zentrum sind wir der einzige autorisierte Distributor des slowenischen \u00dcberspannungsableiter-Herstellers Iskra Zascite in der T\u00fcrkei. F\u00fcr","og_url":"https:\/\/yilkomer.com\/de\/iskra-zascite-ueberspannungsableiter\/","og_site_name":"Y\u0131lkomer","article_modified_time":"2025-12-12T13:02:54+00:00","twitter_misc":{"Gesch\u00e4tzte Lesezeit":"1\u00a0Minute"},"schema":{"@context":"https:\/\/schema.org","@graph":[{"@type":"WebPage","@id":"https:\/\/yilkomer.com\/de\/iskra-zascite-ueberspannungsableiter\/","url":"https:\/\/yilkomer.com\/de\/iskra-zascite-ueberspannungsableiter\/","name":"Iskra Zascite \u00dcberspannungsableiter | Y\u0131lkomer","isPartOf":{"@id":"https:\/\/yilkomer.com\/de\/#website"},"datePublished":"2016-11-05T11:07:52+00:00","dateModified":"2025-12-12T13:02:54+00:00","breadcrumb":{"@id":"https:\/\/yilkomer.com\/de\/iskra-zascite-ueberspannungsableiter\/#breadcrumb"},"inLanguage":"de","potentialAction":[{"@type":"ReadAction","target":["https:\/\/yilkomer.com\/de\/iskra-zascite-ueberspannungsableiter\/"]}]},{"@type":"BreadcrumbList","@id":"https:\/\/yilkomer.com\/de\/iskra-zascite-ueberspannungsableiter\/#breadcrumb","itemListElement":[{"@type":"ListItem","position":1,"name":"Ana Sayfa","item":"https:\/\/yilkomer.com\/de\/"},{"@type":"ListItem","position":2,"name":"Iskra Zascite \u00dcberspannungsableiter"}]},{"@type":"WebSite","@id":"https:\/\/yilkomer.com\/de\/#website","url":"https:\/\/yilkomer.com\/de\/","name":"Y\u0131lkomer","description":"","publisher":{"@id":"https:\/\/yilkomer.com\/de\/#organization"},"alternateName":"Y\u0131lkomer","potentialAction":[{"@type":"SearchAction","target":{"@type":"EntryPoint","urlTemplate":"https:\/\/yilkomer.com\/de\/?s={search_term_string}"},"query-input":{"@type":"PropertyValueSpecification","valueRequired":true,"valueName":"search_term_string"}}],"inLanguage":"de"},{"@type":"Organization","@id":"https:\/\/yilkomer.com\/de\/#organization","name":"Yilkomer","url":"https:\/\/yilkomer.com\/de\/","logo":{"@type":"ImageObject","inLanguage":"de","@id":"https:\/\/yilkomer.com\/de\/#\/schema\/logo\/image\/","url":"https:\/\/yilkomer.com\/wp-content\/uploads\/2015\/01\/logo.png","contentUrl":"https:\/\/yilkomer.com\/wp-content\/uploads\/2015\/01\/logo.png","width":1000,"height":189,"caption":"Yilkomer"},"image":{"@id":"https:\/\/yilkomer.com\/de\/#\/schema\/logo\/image\/"}}]}},"_links":{"self":[{"href":"https:\/\/yilkomer.com\/de\/wp-json\/wp\/v2\/pages\/47931","targetHints":{"allow":["GET"]}}],"collection":[{"href":"https:\/\/yilkomer.com\/de\/wp-json\/wp\/v2\/pages"}],"about":[{"href":"https:\/\/yilkomer.com\/de\/wp-json\/wp\/v2\/types\/page"}],"author":[{"embeddable":true,"href":"https:\/\/yilkomer.com\/de\/wp-json\/wp\/v2\/users\/1"}],"replies":[{"embeddable":true,"href":"https:\/\/yilkomer.com\/de\/wp-json\/wp\/v2\/comments?post=47931"}],"version-history":[{"count":2,"href":"https:\/\/yilkomer.com\/de\/wp-json\/wp\/v2\/pages\/47931\/revisions"}],"predecessor-version":[{"id":47937,"href":"https:\/\/yilkomer.com\/de\/wp-json\/wp\/v2\/pages\/47931\/revisions\/47937"}],"wp:featuredmedia":[{"embeddable":true,"href":"https:\/\/yilkomer.com\/de\/wp-json\/"}],"wp:attachment":[{"href":"https:\/\/yilkomer.com\/de\/wp-json\/wp\/v2\/media?parent=47931"}],"curies":[{"name":"wp","href":"https:\/\/api.w.org\/{rel}","templated":true}]}}