{"id":47748,"date":"2015-10-04T16:51:51","date_gmt":"2015-10-04T13:51:51","guid":{"rendered":"https:\/\/yilkomer.com\/c-sinifi-parafudr\/"},"modified":"2025-12-12T10:54:25","modified_gmt":"2025-12-12T07:54:25","slug":"c-klasse-ueberspannungsableiter","status":"publish","type":"page","link":"https:\/\/yilkomer.com\/de\/c-klasse-ueberspannungsableiter\/","title":{"rendered":"C-Klasse \u00dcberspannungsableiter"},"content":{"rendered":"<p>\u00dcberspannungsableiter der Klasse C dienen dem Schutz vor pl\u00f6tzlichen inneren \u00dcberspannungen. \u00dcberspannungsableiter der Klasse C, die mit der 8\/20-Mikrosekunden-Kennlinie gepr\u00fcft wurden, sollten in Unterverteilungen, Automationsschaltschr\u00e4nken, Aufzugsanlagen und Maschinenschaltschr\u00e4nken von Anlagen eingesetzt werden. <a href=\"https:\/\/yilkomer.com\/en\/\"><span style=\"color: #ff6600;\"><em><strong>\u00dcberspannungsableiter der Klasse C<\/strong><\/em><\/span><\/a> werden auch als Typ-2-\u00dcberspannungsableiter bezeichnet. Diese Art von \u00dcberspannungsableitern wird mit einem 6 mm2 Kabel parallel an das System angeschlossen. <strong>Produktdatenblatt <a href=\"https:\/\/yilkomer.com\/wp-content\/uploads\/2020\/01\/ProTec-CR-160-31_G29-00-198-IIIII.pdf\">ProTec C(R) 160 (3+1)_(G29-00-198) II+III<\/a><\/strong><\/p>\n<blockquote>\n<p style=\"text-align: center;\">F\u00fcr detaillierte Informationen und ein Angebot zu \u00dcberspannungsableitern der Klasse C k\u00f6nnen Sie sich an unser Unternehmen wenden.<\/p>\n<p><img loading=\"lazy\" decoding=\"async\" class=\"alignnone  wp-image-8293\" src=\"https:\/\/yilkomer.com\/wp-content\/uploads\/2020\/01\/ProTec-T2-300-31.png\" alt=\"\" width=\"701\" height=\"543\" srcset=\"https:\/\/yilkomer.com\/wp-content\/uploads\/2020\/01\/ProTec-T2-300-31.png 2048w, https:\/\/yilkomer.com\/wp-content\/uploads\/2020\/01\/ProTec-T2-300-31-300x232.png 300w, https:\/\/yilkomer.com\/wp-content\/uploads\/2020\/01\/ProTec-T2-300-31-1024x794.png 1024w, https:\/\/yilkomer.com\/wp-content\/uploads\/2020\/01\/ProTec-T2-300-31-768x595.png 768w, https:\/\/yilkomer.com\/wp-content\/uploads\/2020\/01\/ProTec-T2-300-31-1536x1190.png 1536w, https:\/\/yilkomer.com\/wp-content\/uploads\/2020\/01\/ProTec-T2-300-31-188x146.png 188w, https:\/\/yilkomer.com\/wp-content\/uploads\/2020\/01\/ProTec-T2-300-31-50x39.png 50w, https:\/\/yilkomer.com\/wp-content\/uploads\/2020\/01\/ProTec-T2-300-31-97x75.png 97w, https:\/\/yilkomer.com\/wp-content\/uploads\/2020\/01\/ProTec-T2-300-31-929x720.png 929w, https:\/\/yilkomer.com\/wp-content\/uploads\/2020\/01\/ProTec-T2-300-31-600x465.png 600w\" sizes=\"auto, (max-width:767px) 480px, 701px\" \/><\/p><\/blockquote>\n","protected":false},"excerpt":{"rendered":"<p>\u00dcberspannungsableiter der Klasse C dienen dem Schutz vor pl\u00f6tzlichen inneren \u00dcberspannungen. \u00dcberspannungsableiter der Klasse C, die mit der 8\/20-Mikrosekunden-Kennlinie gepr\u00fcft wurden, sollten in Unterverteilungen, Automationsschaltschr\u00e4nken, Aufzugsanlagen<span class=\"excerpt-hellip\"> [\u2026]<\/span><\/p>\n","protected":false},"author":1,"featured_media":-1,"parent":0,"menu_order":0,"comment_status":"closed","ping_status":"closed","template":"","meta":{"_joinchat":[],"footnotes":""},"class_list":["post-47748","page","type-page","status-publish","has-post-thumbnail","hentry"],"yoast_head":"<!-- This site is optimized with the Yoast SEO Premium plugin v19.2.1 (Yoast SEO v27.4) - https:\/\/yoast.com\/product\/yoast-seo-premium-wordpress\/ -->\n<title>C-Klasse \u00dcberspannungsableiter<\/title>\n<meta name=\"description\" content=\"\u00dcberspannungsableiter der Klasse C dienen dem Schutz vor pl\u00f6tzlichen inneren \u00dcberspannungen. \u00dcberspannungsableiter der Klasse C, die mit der 8\/20-Mikrosekunden-Kennlinie gepr\u00fcft werden, werden in den Unterverteilungen von Anlagen eingesetzt\" \/>\n<meta name=\"robots\" content=\"index, follow, max-snippet:-1, max-image-preview:large, max-video-preview:-1\" \/>\n<link rel=\"canonical\" href=\"https:\/\/yilkomer.com\/de\/c-klasse-ueberspannungsableiter\/\" \/>\n<meta property=\"og:locale\" content=\"de_DE\" \/>\n<meta property=\"og:type\" content=\"article\" \/>\n<meta property=\"og:title\" content=\"C-Klasse \u00dcberspannungsableiter\" \/>\n<meta property=\"og:description\" content=\"\u00dcberspannungsableiter der Klasse C dienen dem Schutz vor pl\u00f6tzlichen inneren \u00dcberspannungen. \u00dcberspannungsableiter der Klasse C, die mit der\" \/>\n<meta property=\"og:url\" content=\"https:\/\/yilkomer.com\/de\/c-klasse-ueberspannungsableiter\/\" \/>\n<meta property=\"og:site_name\" content=\"Y\u0131lkomer\" \/>\n<meta property=\"article:modified_time\" content=\"2025-12-12T07:54:25+00:00\" \/>\n<meta name=\"twitter:label1\" content=\"Gesch\u00e4tzte Lesezeit\" \/>\n\t<meta name=\"twitter:data1\" content=\"1\u00a0Minute\" \/>\n<script type=\"application\/ld+json\" class=\"yoast-schema-graph\">{\"@context\":\"https:\\\/\\\/schema.org\",\"@graph\":[{\"@type\":\"WebPage\",\"@id\":\"https:\\\/\\\/yilkomer.com\\\/de\\\/c-klasse-ueberspannungsableiter\\\/\",\"url\":\"https:\\\/\\\/yilkomer.com\\\/de\\\/c-klasse-ueberspannungsableiter\\\/\",\"name\":\"C-Klasse \u00dcberspannungsableiter\",\"isPartOf\":{\"@id\":\"https:\\\/\\\/yilkomer.com\\\/de\\\/#website\"},\"primaryImageOfPage\":{\"@id\":\"https:\\\/\\\/yilkomer.com\\\/de\\\/c-klasse-ueberspannungsableiter\\\/#primaryimage\"},\"image\":{\"@id\":\"https:\\\/\\\/yilkomer.com\\\/de\\\/c-klasse-ueberspannungsableiter\\\/#primaryimage\"},\"thumbnailUrl\":\"https:\\\/\\\/yilkomer.com\\\/wp-content\\\/uploads\\\/2020\\\/01\\\/ProTec-T2-300-31.png\",\"datePublished\":\"2015-10-04T13:51:51+00:00\",\"dateModified\":\"2025-12-12T07:54:25+00:00\",\"description\":\"\u00dcberspannungsableiter der Klasse C dienen dem Schutz vor pl\u00f6tzlichen inneren \u00dcberspannungen. \u00dcberspannungsableiter der Klasse C, die mit der 8\\\/20-Mikrosekunden-Kennlinie gepr\u00fcft werden, werden in den Unterverteilungen von Anlagen eingesetzt\",\"breadcrumb\":{\"@id\":\"https:\\\/\\\/yilkomer.com\\\/de\\\/c-klasse-ueberspannungsableiter\\\/#breadcrumb\"},\"inLanguage\":\"de\",\"potentialAction\":[{\"@type\":\"ReadAction\",\"target\":[\"https:\\\/\\\/yilkomer.com\\\/de\\\/c-klasse-ueberspannungsableiter\\\/\"]}]},{\"@type\":\"ImageObject\",\"inLanguage\":\"de\",\"@id\":\"https:\\\/\\\/yilkomer.com\\\/de\\\/c-klasse-ueberspannungsableiter\\\/#primaryimage\",\"url\":\"https:\\\/\\\/yilkomer.com\\\/wp-content\\\/uploads\\\/2020\\\/01\\\/ProTec-T2-300-31.png\",\"contentUrl\":\"https:\\\/\\\/yilkomer.com\\\/wp-content\\\/uploads\\\/2020\\\/01\\\/ProTec-T2-300-31.png\"},{\"@type\":\"BreadcrumbList\",\"@id\":\"https:\\\/\\\/yilkomer.com\\\/de\\\/c-klasse-ueberspannungsableiter\\\/#breadcrumb\",\"itemListElement\":[{\"@type\":\"ListItem\",\"position\":1,\"name\":\"Ana Sayfa\",\"item\":\"https:\\\/\\\/yilkomer.com\\\/de\\\/\"},{\"@type\":\"ListItem\",\"position\":2,\"name\":\"C-Klasse \u00dcberspannungsableiter\"}]},{\"@type\":\"WebSite\",\"@id\":\"https:\\\/\\\/yilkomer.com\\\/de\\\/#website\",\"url\":\"https:\\\/\\\/yilkomer.com\\\/de\\\/\",\"name\":\"Y\u0131lkomer\",\"description\":\"\",\"publisher\":{\"@id\":\"https:\\\/\\\/yilkomer.com\\\/de\\\/#organization\"},\"alternateName\":\"Y\u0131lkomer\",\"potentialAction\":[{\"@type\":\"SearchAction\",\"target\":{\"@type\":\"EntryPoint\",\"urlTemplate\":\"https:\\\/\\\/yilkomer.com\\\/de\\\/?s={search_term_string}\"},\"query-input\":{\"@type\":\"PropertyValueSpecification\",\"valueRequired\":true,\"valueName\":\"search_term_string\"}}],\"inLanguage\":\"de\"},{\"@type\":\"Organization\",\"@id\":\"https:\\\/\\\/yilkomer.com\\\/de\\\/#organization\",\"name\":\"Yilkomer\",\"url\":\"https:\\\/\\\/yilkomer.com\\\/de\\\/\",\"logo\":{\"@type\":\"ImageObject\",\"inLanguage\":\"de\",\"@id\":\"https:\\\/\\\/yilkomer.com\\\/de\\\/#\\\/schema\\\/logo\\\/image\\\/\",\"url\":\"https:\\\/\\\/yilkomer.com\\\/wp-content\\\/uploads\\\/2015\\\/01\\\/logo.png\",\"contentUrl\":\"https:\\\/\\\/yilkomer.com\\\/wp-content\\\/uploads\\\/2015\\\/01\\\/logo.png\",\"width\":1000,\"height\":189,\"caption\":\"Yilkomer\"},\"image\":{\"@id\":\"https:\\\/\\\/yilkomer.com\\\/de\\\/#\\\/schema\\\/logo\\\/image\\\/\"}}]}<\/script>\n<!-- \/ Yoast SEO Premium plugin. -->","yoast_head_json":{"title":"C-Klasse \u00dcberspannungsableiter","description":"\u00dcberspannungsableiter der Klasse C dienen dem Schutz vor pl\u00f6tzlichen inneren \u00dcberspannungen. \u00dcberspannungsableiter der Klasse C, die mit der 8\/20-Mikrosekunden-Kennlinie gepr\u00fcft werden, werden in den Unterverteilungen von Anlagen eingesetzt","robots":{"index":"index","follow":"follow","max-snippet":"max-snippet:-1","max-image-preview":"max-image-preview:large","max-video-preview":"max-video-preview:-1"},"canonical":"https:\/\/yilkomer.com\/de\/c-klasse-ueberspannungsableiter\/","og_locale":"de_DE","og_type":"article","og_title":"C-Klasse \u00dcberspannungsableiter","og_description":"\u00dcberspannungsableiter der Klasse C dienen dem Schutz vor pl\u00f6tzlichen inneren \u00dcberspannungen. \u00dcberspannungsableiter der Klasse C, die mit der","og_url":"https:\/\/yilkomer.com\/de\/c-klasse-ueberspannungsableiter\/","og_site_name":"Y\u0131lkomer","article_modified_time":"2025-12-12T07:54:25+00:00","twitter_misc":{"Gesch\u00e4tzte Lesezeit":"1\u00a0Minute"},"schema":{"@context":"https:\/\/schema.org","@graph":[{"@type":"WebPage","@id":"https:\/\/yilkomer.com\/de\/c-klasse-ueberspannungsableiter\/","url":"https:\/\/yilkomer.com\/de\/c-klasse-ueberspannungsableiter\/","name":"C-Klasse \u00dcberspannungsableiter","isPartOf":{"@id":"https:\/\/yilkomer.com\/de\/#website"},"primaryImageOfPage":{"@id":"https:\/\/yilkomer.com\/de\/c-klasse-ueberspannungsableiter\/#primaryimage"},"image":{"@id":"https:\/\/yilkomer.com\/de\/c-klasse-ueberspannungsableiter\/#primaryimage"},"thumbnailUrl":"https:\/\/yilkomer.com\/wp-content\/uploads\/2020\/01\/ProTec-T2-300-31.png","datePublished":"2015-10-04T13:51:51+00:00","dateModified":"2025-12-12T07:54:25+00:00","description":"\u00dcberspannungsableiter der Klasse C dienen dem Schutz vor pl\u00f6tzlichen inneren \u00dcberspannungen. \u00dcberspannungsableiter der Klasse C, die mit der 8\/20-Mikrosekunden-Kennlinie gepr\u00fcft werden, werden in den Unterverteilungen von Anlagen eingesetzt","breadcrumb":{"@id":"https:\/\/yilkomer.com\/de\/c-klasse-ueberspannungsableiter\/#breadcrumb"},"inLanguage":"de","potentialAction":[{"@type":"ReadAction","target":["https:\/\/yilkomer.com\/de\/c-klasse-ueberspannungsableiter\/"]}]},{"@type":"ImageObject","inLanguage":"de","@id":"https:\/\/yilkomer.com\/de\/c-klasse-ueberspannungsableiter\/#primaryimage","url":"https:\/\/yilkomer.com\/wp-content\/uploads\/2020\/01\/ProTec-T2-300-31.png","contentUrl":"https:\/\/yilkomer.com\/wp-content\/uploads\/2020\/01\/ProTec-T2-300-31.png"},{"@type":"BreadcrumbList","@id":"https:\/\/yilkomer.com\/de\/c-klasse-ueberspannungsableiter\/#breadcrumb","itemListElement":[{"@type":"ListItem","position":1,"name":"Ana Sayfa","item":"https:\/\/yilkomer.com\/de\/"},{"@type":"ListItem","position":2,"name":"C-Klasse \u00dcberspannungsableiter"}]},{"@type":"WebSite","@id":"https:\/\/yilkomer.com\/de\/#website","url":"https:\/\/yilkomer.com\/de\/","name":"Y\u0131lkomer","description":"","publisher":{"@id":"https:\/\/yilkomer.com\/de\/#organization"},"alternateName":"Y\u0131lkomer","potentialAction":[{"@type":"SearchAction","target":{"@type":"EntryPoint","urlTemplate":"https:\/\/yilkomer.com\/de\/?s={search_term_string}"},"query-input":{"@type":"PropertyValueSpecification","valueRequired":true,"valueName":"search_term_string"}}],"inLanguage":"de"},{"@type":"Organization","@id":"https:\/\/yilkomer.com\/de\/#organization","name":"Yilkomer","url":"https:\/\/yilkomer.com\/de\/","logo":{"@type":"ImageObject","inLanguage":"de","@id":"https:\/\/yilkomer.com\/de\/#\/schema\/logo\/image\/","url":"https:\/\/yilkomer.com\/wp-content\/uploads\/2015\/01\/logo.png","contentUrl":"https:\/\/yilkomer.com\/wp-content\/uploads\/2015\/01\/logo.png","width":1000,"height":189,"caption":"Yilkomer"},"image":{"@id":"https:\/\/yilkomer.com\/de\/#\/schema\/logo\/image\/"}}]}},"_links":{"self":[{"href":"https:\/\/yilkomer.com\/de\/wp-json\/wp\/v2\/pages\/47748","targetHints":{"allow":["GET"]}}],"collection":[{"href":"https:\/\/yilkomer.com\/de\/wp-json\/wp\/v2\/pages"}],"about":[{"href":"https:\/\/yilkomer.com\/de\/wp-json\/wp\/v2\/types\/page"}],"author":[{"embeddable":true,"href":"https:\/\/yilkomer.com\/de\/wp-json\/wp\/v2\/users\/1"}],"replies":[{"embeddable":true,"href":"https:\/\/yilkomer.com\/de\/wp-json\/wp\/v2\/comments?post=47748"}],"version-history":[{"count":2,"href":"https:\/\/yilkomer.com\/de\/wp-json\/wp\/v2\/pages\/47748\/revisions"}],"predecessor-version":[{"id":47759,"href":"https:\/\/yilkomer.com\/de\/wp-json\/wp\/v2\/pages\/47748\/revisions\/47759"}],"wp:featuredmedia":[{"embeddable":true,"href":"https:\/\/yilkomer.com\/de\/wp-json\/"}],"wp:attachment":[{"href":"https:\/\/yilkomer.com\/de\/wp-json\/wp\/v2\/media?parent=47748"}],"curies":[{"name":"wp","href":"https:\/\/api.w.org\/{rel}","templated":true}]}}