{"id":47698,"date":"2015-12-05T15:33:56","date_gmt":"2015-12-05T13:33:56","guid":{"rendered":"https:\/\/yilkomer.com\/aktif-paratoner\/"},"modified":"2025-12-14T13:04:23","modified_gmt":"2025-12-14T10:04:23","slug":"aktiver-blitzableiter","status":"publish","type":"page","link":"https:\/\/yilkomer.com\/de\/aktiver-blitzableiter\/","title":{"rendered":"Aktiver Blitzableiter"},"content":{"rendered":"<p><strong>Aktiver Blitzableiter <\/strong>Ein wichtiger Punkt beim Blitzschutz ist das Vorhandensein von \u00e4u\u00dferen Blitzschutzsystemen. Mit \u00e4u\u00dferen Blitzschutzsystemen wird ein Schutz vor den physikalischen Auswirkungen des Blitzes gew\u00e4hrleistet. Wenn von \u00e4u\u00dferen Blitzschutzsystemen gesprochen wird, kommen Methoden wie aktive Blitzableiter, Faradaysche K\u00e4fige, passive Fangeinrichtungen und das Tragseil-Verfahren in Betracht. <a href=\"https:\/\/yilkomer.com\/en\/\"><em><strong><span style=\"color: #ff6600;\">Aktive Blitzableiter <\/span><\/strong><\/em><\/a>bieten ab ihrer Installationsstelle einen bestimmten Schutzradius. Aktive Blitzableiter sind in der Norm IEC 62305 nicht enthalten; sie sind in der franz\u00f6sischen Blitzschutznorm NFC 17-102 beschrieben, die eine lokale Norm darstellt. Aktive Blitzableiter ziehen Blitze an, indem sie Ionen aussenden. Dies ist ihr grundlegendes Funktionsprinzip. Aktive Blitzableiter bieten einen kreisf\u00f6rmigen Schutz.<\/p>\n<div id=\"attachment_4705\" style=\"width: 610px\" class=\"wp-caption aligncenter\"><img loading=\"lazy\" decoding=\"async\" aria-describedby=\"caption-attachment-4705\" class=\"size-full wp-image-4705\" src=\"https:\/\/yilkomer.com\/wp-content\/uploads\/2015\/12\/aktif-paratoner-y\u0131ld\u0131r\u0131mdan-korunma.jpg\" alt=\"Aktive Blitzableiter werden h\u00e4ufig zum Blitzschutz eingesetzt.\" width=\"600\" height=\"338\" srcset=\"https:\/\/yilkomer.com\/wp-content\/uploads\/2015\/12\/aktif-paratoner-y\u0131ld\u0131r\u0131mdan-korunma.jpg 600w, https:\/\/yilkomer.com\/wp-content\/uploads\/2015\/12\/aktif-paratoner-y\u0131ld\u0131r\u0131mdan-korunma-300x169.jpg 300w, https:\/\/yilkomer.com\/wp-content\/uploads\/2015\/12\/aktif-paratoner-y\u0131ld\u0131r\u0131mdan-korunma-260x146.jpg 260w, https:\/\/yilkomer.com\/wp-content\/uploads\/2015\/12\/aktif-paratoner-y\u0131ld\u0131r\u0131mdan-korunma-50x28.jpg 50w, https:\/\/yilkomer.com\/wp-content\/uploads\/2015\/12\/aktif-paratoner-y\u0131ld\u0131r\u0131mdan-korunma-133x75.jpg 133w\" sizes=\"auto, (max-width:767px) 480px, 600px\" \/><p id=\"caption-attachment-4705\" class=\"wp-caption-text\">Aktive Blitzableiter werden h\u00e4ufig zum Blitzschutz eingesetzt.<\/p><\/div>\n<h2><strong><span style=\"color: #ff6600;\">Installation des aktiven Blitzableiters<\/span><\/strong><\/h2>\n<p>Die Installation eines aktiven Blitzableiters besteht grunds\u00e4tzlich aus drei Komponenten. Diese drei Hauptkomponenten sind der <em><strong>Kopf des aktiven Blitzableiters,<\/strong><\/em> der Ableitungsleiter und die <span style=\"text-decoration: underline;\">Erdungsanlage<\/span>. Der aktive Blitzableiter wird am h\u00f6chsten Punkt der zu sch\u00fctzenden Anlage angebracht. Auch die Erdung der Blitzschutzanlage muss sehr sorgf\u00e4ltig ausgef\u00fchrt werden. Ein h\u00e4ufig \u00fcbersehener Punkt ist der Ableitungsleiter. Der Ableitungsleiter muss auf k\u00fcrzestem Weg unter Ber\u00fccksichtigung des S-Abstands gef\u00fchrt werden. Andernfalls kann f\u00fcr Geb\u00e4ude ein Brandrisiko entstehen.<\/p>\n<div id=\"attachment_4608\" style=\"width: 473px\" class=\"wp-caption aligncenter\"><img loading=\"lazy\" decoding=\"async\" aria-describedby=\"caption-attachment-4608\" class=\" wp-image-4608\" src=\"https:\/\/yilkomer.com\/wp-content\/uploads\/2015\/11\/topraklama-direnci.jpg\" alt=\"Eine korrekte Erdung ist auch bei Blitzableiteranlagen von gro\u00dfer Bedeutung.\" width=\"463\" height=\"235\" srcset=\"https:\/\/yilkomer.com\/wp-content\/uploads\/2015\/11\/topraklama-direnci.jpg 650w, https:\/\/yilkomer.com\/wp-content\/uploads\/2015\/11\/topraklama-direnci-300x152.jpg 300w, https:\/\/yilkomer.com\/wp-content\/uploads\/2015\/11\/topraklama-direnci-260x132.jpg 260w, https:\/\/yilkomer.com\/wp-content\/uploads\/2015\/11\/topraklama-direnci-50x25.jpg 50w, https:\/\/yilkomer.com\/wp-content\/uploads\/2015\/11\/topraklama-direnci-148x75.jpg 148w\" sizes=\"auto, (max-width:767px) 463px, 463px\" \/><p id=\"caption-attachment-4608\" class=\"wp-caption-text\">Eine korrekte Erdung ist auch bei Blitzableiteranlagen von gro\u00dfer Bedeutung.<\/p><\/div>\n<p><a title=\"Kostenlose Technische Begutachtung\" href=\"https:\/\/yilkomer.com\/de\/kostenlose-technische-besichtigungsanfrage\/\" target=\"_blank\" rel=\"noopener\"><img loading=\"lazy\" decoding=\"async\" class=\"wp-image-3818 aligncenter\" src=\"https:\/\/yilkomer.com\/wp-content\/uploads\/2015\/03\/teknik-ke%C5%9Fif.png\" alt=\"technische-begutachtung\" width=\"760\" height=\"128\" \/><\/a><\/p>\n<h3><span style=\"color: #ff6600;\">Berechnung des aktiven Blitzableiters<\/span><\/h3>\n<p>Der <em><strong>Schutzradius<\/strong><\/em> Rk eines aktiven Blitzableiters h\u00e4ngt vom im Labor gemessenen \u0394t-Wert, den nach der Berechnungsmethode festgelegten Schutzstufen I, II oder III der Risikotabelle f\u00fcr Blitzeinschl\u00e4ge (BNFC10-102) sowie von der H\u00f6he zwischen dem <strong><span style=\"color: #ff6600;\"><a style=\"color: #ff6600;\" href=\"https:\/\/yilkomer.com\/yildirim-yakalama-ucu-franklin-cubugu\/\" target=\"_blank\" rel=\"noopener\">Fangstab<\/a><\/span><\/strong> und dem zu sch\u00fctzenden Bereich ab. Auf dieser Grundlage wird die Berechnung des aktiven Blitzableiters durchgef\u00fchrt.<\/p>\n<div id=\"attachment_4706\" style=\"width: 610px\" class=\"wp-caption aligncenter\"><img loading=\"lazy\" decoding=\"async\" aria-describedby=\"caption-attachment-4706\" class=\"size-full wp-image-4706\" src=\"https:\/\/yilkomer.com\/wp-content\/uploads\/2015\/12\/aktif-paratoner-tesisat\u0131.jpeg\" alt=\"F\u00fcr die Berechnung des aktiven Blitzableiters k\u00f6nnen Sie unser Zentrum kontaktieren.\" width=\"600\" height=\"313\" srcset=\"https:\/\/yilkomer.com\/wp-content\/uploads\/2015\/12\/aktif-paratoner-tesisat\u0131.jpeg 600w, https:\/\/yilkomer.com\/wp-content\/uploads\/2015\/12\/aktif-paratoner-tesisat\u0131-300x157.jpeg 300w, https:\/\/yilkomer.com\/wp-content\/uploads\/2015\/12\/aktif-paratoner-tesisat\u0131-260x136.jpeg 260w, https:\/\/yilkomer.com\/wp-content\/uploads\/2015\/12\/aktif-paratoner-tesisat\u0131-50x26.jpeg 50w, https:\/\/yilkomer.com\/wp-content\/uploads\/2015\/12\/aktif-paratoner-tesisat\u0131-144x75.jpeg 144w\" sizes=\"auto, (max-width:767px) 480px, 600px\" \/><p id=\"caption-attachment-4706\" class=\"wp-caption-text\">F\u00fcr die Berechnung des aktiven Blitzableiters k\u00f6nnen Sie unser Zentrum kontaktieren.<\/p><\/div>\n<h4><strong><span style=\"color: #ff6600;\">Aktiver Blitzableiter und \u00dcberspannungsableiter<\/span><\/strong><\/h4>\n<p>Auch wenn Sie in Ihrer Anlage einen aktiven Blitzableiter verwenden, m\u00fcssen Sie \u00dcberspannungsableiter einsetzen, um elektrische Systeme zu sch\u00fctzen. Ein h\u00e4ufiger Fehler besteht darin anzunehmen, dass der Blitzableiter die gesamte Anlage sch\u00fctzt. Tats\u00e4chlich bietet der Blitzableiter nur physischen Schutz. F\u00fcr den Schutz elektronischer Systeme, Schalttafeln, CCTV-Systeme, LED- und Beleuchtungssysteme usw. m\u00fcssen unbedingt \u00dcberspannungsableiter eingesetzt werden. Im folgenden Video sehen Sie den Einsatz von \u00dcberspannungsableitern in einer Anlage mit \u00e4u\u00dferem Blitzschutzsystem.<\/p>\n<p><iframe loading=\"lazy\" title=\"D\u0131\u015f Y\u0131ld\u0131r\u0131ml\u0131k Bulunan Sistemlerde Parafudr Kullan\u0131m\u0131\" width=\"1220\" height=\"686\" src=\"https:\/\/www.youtube.com\/embed\/3Pkpmk-2rBk?feature=oembed\" frameborder=\"0\" allow=\"accelerometer; autoplay; clipboard-write; encrypted-media; gyroscope; picture-in-picture; web-share\" referrerpolicy=\"strict-origin-when-cross-origin\" allowfullscreen><\/iframe><\/p>\n","protected":false},"excerpt":{"rendered":"<p>Aktiver Blitzableiter Ein wichtiger Punkt beim Blitzschutz ist das Vorhandensein von \u00e4u\u00dferen Blitzschutzsystemen. Mit \u00e4u\u00dferen Blitzschutzsystemen wird ein Schutz vor den physikalischen Auswirkungen des Blitzes gew\u00e4hrleistet.<span class=\"excerpt-hellip\"> [\u2026]<\/span><\/p>\n","protected":false},"author":1,"featured_media":47699,"parent":0,"menu_order":0,"comment_status":"closed","ping_status":"closed","template":"","meta":{"_joinchat":[],"footnotes":""},"class_list":["post-47698","page","type-page","status-publish","has-post-thumbnail","hentry"],"yoast_head":"<!-- This site is optimized with the Yoast SEO Premium plugin v19.2.1 (Yoast SEO v27.4) - https:\/\/yoast.com\/product\/yoast-seo-premium-wordpress\/ -->\n<title>Aktiver Blitzableiter<\/title>\n<meta name=\"description\" content=\"Aktive Blitzableiter bieten ab ihrem Installationspunkt einen bestimmten Schutzradius. Aktive Blitzableiter sind in der IEC-62305-Norm nicht enthalten; stattdessen werden sie in der lokalen Norm NFC beschrieben.\" \/>\n<meta name=\"robots\" content=\"index, follow, max-snippet:-1, max-image-preview:large, max-video-preview:-1\" \/>\n<link rel=\"canonical\" href=\"https:\/\/yilkomer.com\/de\/aktiver-blitzableiter\/\" \/>\n<meta property=\"og:locale\" content=\"de_DE\" \/>\n<meta property=\"og:type\" content=\"article\" \/>\n<meta property=\"og:title\" content=\"Aktiver Blitzableiter\" \/>\n<meta property=\"og:description\" content=\"Aktiver Blitzableiter Ein wichtiger Punkt beim Blitzschutz ist das Vorhandensein von \u00e4u\u00dferen Blitzschutzsystemen. Mit \u00e4u\u00dferen Blitzschutzsystemen wird ein\" \/>\n<meta property=\"og:url\" content=\"https:\/\/yilkomer.com\/de\/aktiver-blitzableiter\/\" \/>\n<meta property=\"og:site_name\" content=\"Y\u0131lkomer\" \/>\n<meta property=\"article:modified_time\" content=\"2025-12-14T10:04:23+00:00\" \/>\n<meta property=\"og:image\" content=\"https:\/\/yilkomer.com\/wp-content\/uploads\/2015\/12\/aktif-paratoner-y\u0131ld\u0131r\u0131mdan-korunma.jpg\" \/>\n\t<meta property=\"og:image:width\" content=\"600\" \/>\n\t<meta property=\"og:image:height\" content=\"338\" \/>\n\t<meta property=\"og:image:type\" content=\"image\/jpeg\" \/>\n<meta name=\"twitter:label1\" content=\"Gesch\u00e4tzte Lesezeit\" \/>\n\t<meta name=\"twitter:data1\" content=\"4\u00a0Minuten\" \/>\n<script type=\"application\/ld+json\" class=\"yoast-schema-graph\">{\"@context\":\"https:\\\/\\\/schema.org\",\"@graph\":[{\"@type\":\"WebPage\",\"@id\":\"https:\\\/\\\/yilkomer.com\\\/de\\\/aktiver-blitzableiter\\\/\",\"url\":\"https:\\\/\\\/yilkomer.com\\\/de\\\/aktiver-blitzableiter\\\/\",\"name\":\"Aktiver Blitzableiter\",\"isPartOf\":{\"@id\":\"https:\\\/\\\/yilkomer.com\\\/de\\\/#website\"},\"primaryImageOfPage\":{\"@id\":\"https:\\\/\\\/yilkomer.com\\\/de\\\/aktiver-blitzableiter\\\/#primaryimage\"},\"image\":{\"@id\":\"https:\\\/\\\/yilkomer.com\\\/de\\\/aktiver-blitzableiter\\\/#primaryimage\"},\"thumbnailUrl\":\"https:\\\/\\\/yilkomer.com\\\/wp-content\\\/uploads\\\/2015\\\/12\\\/aktif-paratoner-y\u0131ld\u0131r\u0131mdan-korunma.jpg\",\"datePublished\":\"2015-12-05T13:33:56+00:00\",\"dateModified\":\"2025-12-14T10:04:23+00:00\",\"description\":\"Aktive Blitzableiter bieten ab ihrem Installationspunkt einen bestimmten Schutzradius. Aktive Blitzableiter sind in der IEC-62305-Norm nicht enthalten; stattdessen werden sie in der lokalen Norm NFC beschrieben.\",\"breadcrumb\":{\"@id\":\"https:\\\/\\\/yilkomer.com\\\/de\\\/aktiver-blitzableiter\\\/#breadcrumb\"},\"inLanguage\":\"de\",\"potentialAction\":[{\"@type\":\"ReadAction\",\"target\":[\"https:\\\/\\\/yilkomer.com\\\/de\\\/aktiver-blitzableiter\\\/\"]}]},{\"@type\":\"ImageObject\",\"inLanguage\":\"de\",\"@id\":\"https:\\\/\\\/yilkomer.com\\\/de\\\/aktiver-blitzableiter\\\/#primaryimage\",\"url\":\"https:\\\/\\\/yilkomer.com\\\/wp-content\\\/uploads\\\/2015\\\/12\\\/aktif-paratoner-y\u0131ld\u0131r\u0131mdan-korunma.jpg\",\"contentUrl\":\"https:\\\/\\\/yilkomer.com\\\/wp-content\\\/uploads\\\/2015\\\/12\\\/aktif-paratoner-y\u0131ld\u0131r\u0131mdan-korunma.jpg\",\"width\":600,\"height\":338,\"caption\":\"Aktif paratonerler yayg\u0131n olarak y\u0131ld\u0131r\u0131mdan korunma i\u00e7in kullan\u0131l\u0131rlar.\"},{\"@type\":\"BreadcrumbList\",\"@id\":\"https:\\\/\\\/yilkomer.com\\\/de\\\/aktiver-blitzableiter\\\/#breadcrumb\",\"itemListElement\":[{\"@type\":\"ListItem\",\"position\":1,\"name\":\"Ana Sayfa\",\"item\":\"https:\\\/\\\/yilkomer.com\\\/de\\\/\"},{\"@type\":\"ListItem\",\"position\":2,\"name\":\"Aktiver Blitzableiter\"}]},{\"@type\":\"WebSite\",\"@id\":\"https:\\\/\\\/yilkomer.com\\\/de\\\/#website\",\"url\":\"https:\\\/\\\/yilkomer.com\\\/de\\\/\",\"name\":\"Y\u0131lkomer\",\"description\":\"\",\"publisher\":{\"@id\":\"https:\\\/\\\/yilkomer.com\\\/de\\\/#organization\"},\"alternateName\":\"Y\u0131lkomer\",\"potentialAction\":[{\"@type\":\"SearchAction\",\"target\":{\"@type\":\"EntryPoint\",\"urlTemplate\":\"https:\\\/\\\/yilkomer.com\\\/de\\\/?s={search_term_string}\"},\"query-input\":{\"@type\":\"PropertyValueSpecification\",\"valueRequired\":true,\"valueName\":\"search_term_string\"}}],\"inLanguage\":\"de\"},{\"@type\":\"Organization\",\"@id\":\"https:\\\/\\\/yilkomer.com\\\/de\\\/#organization\",\"name\":\"Yilkomer\",\"url\":\"https:\\\/\\\/yilkomer.com\\\/de\\\/\",\"logo\":{\"@type\":\"ImageObject\",\"inLanguage\":\"de\",\"@id\":\"https:\\\/\\\/yilkomer.com\\\/de\\\/#\\\/schema\\\/logo\\\/image\\\/\",\"url\":\"https:\\\/\\\/yilkomer.com\\\/wp-content\\\/uploads\\\/2015\\\/01\\\/logo.png\",\"contentUrl\":\"https:\\\/\\\/yilkomer.com\\\/wp-content\\\/uploads\\\/2015\\\/01\\\/logo.png\",\"width\":1000,\"height\":189,\"caption\":\"Yilkomer\"},\"image\":{\"@id\":\"https:\\\/\\\/yilkomer.com\\\/de\\\/#\\\/schema\\\/logo\\\/image\\\/\"}}]}<\/script>\n<!-- \/ Yoast SEO Premium plugin. -->","yoast_head_json":{"title":"Aktiver Blitzableiter","description":"Aktive Blitzableiter bieten ab ihrem Installationspunkt einen bestimmten Schutzradius. Aktive Blitzableiter sind in der IEC-62305-Norm nicht enthalten; stattdessen werden sie in der lokalen Norm NFC beschrieben.","robots":{"index":"index","follow":"follow","max-snippet":"max-snippet:-1","max-image-preview":"max-image-preview:large","max-video-preview":"max-video-preview:-1"},"canonical":"https:\/\/yilkomer.com\/de\/aktiver-blitzableiter\/","og_locale":"de_DE","og_type":"article","og_title":"Aktiver Blitzableiter","og_description":"Aktiver Blitzableiter Ein wichtiger Punkt beim Blitzschutz ist das Vorhandensein von \u00e4u\u00dferen Blitzschutzsystemen. Mit \u00e4u\u00dferen Blitzschutzsystemen wird ein","og_url":"https:\/\/yilkomer.com\/de\/aktiver-blitzableiter\/","og_site_name":"Y\u0131lkomer","article_modified_time":"2025-12-14T10:04:23+00:00","og_image":[{"width":600,"height":338,"url":"https:\/\/yilkomer.com\/wp-content\/uploads\/2015\/12\/aktif-paratoner-y\u0131ld\u0131r\u0131mdan-korunma.jpg","type":"image\/jpeg"}],"twitter_misc":{"Gesch\u00e4tzte Lesezeit":"4\u00a0Minuten"},"schema":{"@context":"https:\/\/schema.org","@graph":[{"@type":"WebPage","@id":"https:\/\/yilkomer.com\/de\/aktiver-blitzableiter\/","url":"https:\/\/yilkomer.com\/de\/aktiver-blitzableiter\/","name":"Aktiver Blitzableiter","isPartOf":{"@id":"https:\/\/yilkomer.com\/de\/#website"},"primaryImageOfPage":{"@id":"https:\/\/yilkomer.com\/de\/aktiver-blitzableiter\/#primaryimage"},"image":{"@id":"https:\/\/yilkomer.com\/de\/aktiver-blitzableiter\/#primaryimage"},"thumbnailUrl":"https:\/\/yilkomer.com\/wp-content\/uploads\/2015\/12\/aktif-paratoner-y\u0131ld\u0131r\u0131mdan-korunma.jpg","datePublished":"2015-12-05T13:33:56+00:00","dateModified":"2025-12-14T10:04:23+00:00","description":"Aktive Blitzableiter bieten ab ihrem Installationspunkt einen bestimmten Schutzradius. Aktive Blitzableiter sind in der IEC-62305-Norm nicht enthalten; stattdessen werden sie in der lokalen Norm NFC beschrieben.","breadcrumb":{"@id":"https:\/\/yilkomer.com\/de\/aktiver-blitzableiter\/#breadcrumb"},"inLanguage":"de","potentialAction":[{"@type":"ReadAction","target":["https:\/\/yilkomer.com\/de\/aktiver-blitzableiter\/"]}]},{"@type":"ImageObject","inLanguage":"de","@id":"https:\/\/yilkomer.com\/de\/aktiver-blitzableiter\/#primaryimage","url":"https:\/\/yilkomer.com\/wp-content\/uploads\/2015\/12\/aktif-paratoner-y\u0131ld\u0131r\u0131mdan-korunma.jpg","contentUrl":"https:\/\/yilkomer.com\/wp-content\/uploads\/2015\/12\/aktif-paratoner-y\u0131ld\u0131r\u0131mdan-korunma.jpg","width":600,"height":338,"caption":"Aktif paratonerler yayg\u0131n olarak y\u0131ld\u0131r\u0131mdan korunma i\u00e7in kullan\u0131l\u0131rlar."},{"@type":"BreadcrumbList","@id":"https:\/\/yilkomer.com\/de\/aktiver-blitzableiter\/#breadcrumb","itemListElement":[{"@type":"ListItem","position":1,"name":"Ana Sayfa","item":"https:\/\/yilkomer.com\/de\/"},{"@type":"ListItem","position":2,"name":"Aktiver Blitzableiter"}]},{"@type":"WebSite","@id":"https:\/\/yilkomer.com\/de\/#website","url":"https:\/\/yilkomer.com\/de\/","name":"Y\u0131lkomer","description":"","publisher":{"@id":"https:\/\/yilkomer.com\/de\/#organization"},"alternateName":"Y\u0131lkomer","potentialAction":[{"@type":"SearchAction","target":{"@type":"EntryPoint","urlTemplate":"https:\/\/yilkomer.com\/de\/?s={search_term_string}"},"query-input":{"@type":"PropertyValueSpecification","valueRequired":true,"valueName":"search_term_string"}}],"inLanguage":"de"},{"@type":"Organization","@id":"https:\/\/yilkomer.com\/de\/#organization","name":"Yilkomer","url":"https:\/\/yilkomer.com\/de\/","logo":{"@type":"ImageObject","inLanguage":"de","@id":"https:\/\/yilkomer.com\/de\/#\/schema\/logo\/image\/","url":"https:\/\/yilkomer.com\/wp-content\/uploads\/2015\/01\/logo.png","contentUrl":"https:\/\/yilkomer.com\/wp-content\/uploads\/2015\/01\/logo.png","width":1000,"height":189,"caption":"Yilkomer"},"image":{"@id":"https:\/\/yilkomer.com\/de\/#\/schema\/logo\/image\/"}}]}},"_links":{"self":[{"href":"https:\/\/yilkomer.com\/de\/wp-json\/wp\/v2\/pages\/47698","targetHints":{"allow":["GET"]}}],"collection":[{"href":"https:\/\/yilkomer.com\/de\/wp-json\/wp\/v2\/pages"}],"about":[{"href":"https:\/\/yilkomer.com\/de\/wp-json\/wp\/v2\/types\/page"}],"author":[{"embeddable":true,"href":"https:\/\/yilkomer.com\/de\/wp-json\/wp\/v2\/users\/1"}],"replies":[{"embeddable":true,"href":"https:\/\/yilkomer.com\/de\/wp-json\/wp\/v2\/comments?post=47698"}],"version-history":[{"count":3,"href":"https:\/\/yilkomer.com\/de\/wp-json\/wp\/v2\/pages\/47698\/revisions"}],"predecessor-version":[{"id":49321,"href":"https:\/\/yilkomer.com\/de\/wp-json\/wp\/v2\/pages\/47698\/revisions\/49321"}],"wp:featuredmedia":[{"embeddable":true,"href":"https:\/\/yilkomer.com\/de\/wp-json\/wp\/v2\/media\/47699"}],"wp:attachment":[{"href":"https:\/\/yilkomer.com\/de\/wp-json\/wp\/v2\/media?parent=47698"}],"curies":[{"name":"wp","href":"https:\/\/api.w.org\/{rel}","templated":true}]}}