{"id":47583,"date":"2015-01-01T18:02:57","date_gmt":"2015-01-01T16:02:57","guid":{"rendered":"https:\/\/yilkomer.com\/gunes-panellerinin-yildirimdan-korunmasina-yonelik-sistem-ekipmanlari\/"},"modified":"2026-01-24T19:18:41","modified_gmt":"2026-01-24T16:18:41","slug":"systemausruestung-zum-blitzschutz-von-solarpanels","status":"publish","type":"page","link":"https:\/\/yilkomer.com\/de\/systemausruestung-zum-blitzschutz-von-solarpanels\/","title":{"rendered":"Systemausr\u00fcstung zum Blitzschutz von Solarpanels"},"content":{"rendered":"","protected":false},"excerpt":{"rendered":"","protected":false},"author":1,"featured_media":-1,"parent":0,"menu_order":0,"comment_status":"open","ping_status":"open","template":"","meta":{"_joinchat":[],"footnotes":""},"class_list":["post-47583","page","type-page","status-publish","has-post-thumbnail","hentry"],"yoast_head":"<!-- This site is optimized with the Yoast SEO Premium plugin v19.2.1 (Yoast SEO v27.5) - https:\/\/yoast.com\/product\/yoast-seo-premium-wordpress\/ -->\n<title>Blitzschutz f\u00fcr Solarpanels<\/title>\n<meta name=\"description\" content=\"Die Erdung von Solarkraftwerken, die Herstellung des Potentialausgleichs, die Planung des \u00e4u\u00dferen Blitzschutzsystems sowie die Auswahl von DC-AC Niederspannungs-\u00dcberspannungsableitern sind von gro\u00dfer Bedeutung.\" \/>\n<meta name=\"robots\" content=\"index, follow, max-snippet:-1, max-image-preview:large, max-video-preview:-1\" \/>\n<link rel=\"canonical\" href=\"https:\/\/yilkomer.com\/de\/systemausruestung-zum-blitzschutz-von-solarpanels\/\" \/>\n<meta property=\"og:locale\" content=\"de_DE\" \/>\n<meta property=\"og:type\" content=\"article\" \/>\n<meta property=\"og:title\" content=\"Systemausr\u00fcstung zum Blitzschutz von Solarpanels\" \/>\n<meta property=\"og:url\" content=\"https:\/\/yilkomer.com\/de\/systemausruestung-zum-blitzschutz-von-solarpanels\/\" \/>\n<meta property=\"og:site_name\" content=\"Y\u0131lkomer\" \/>\n<meta property=\"article:modified_time\" content=\"2026-01-24T16:18:41+00:00\" \/>\n<script type=\"application\/ld+json\" class=\"yoast-schema-graph\">{\"@context\":\"https:\\\/\\\/schema.org\",\"@graph\":[{\"@type\":\"WebPage\",\"@id\":\"https:\\\/\\\/yilkomer.com\\\/de\\\/systemausruestung-zum-blitzschutz-von-solarpanels\\\/\",\"url\":\"https:\\\/\\\/yilkomer.com\\\/de\\\/systemausruestung-zum-blitzschutz-von-solarpanels\\\/\",\"name\":\"Blitzschutz f\u00fcr Solarpanels\",\"isPartOf\":{\"@id\":\"https:\\\/\\\/yilkomer.com\\\/de\\\/#website\"},\"datePublished\":\"2015-01-01T16:02:57+00:00\",\"dateModified\":\"2026-01-24T16:18:41+00:00\",\"description\":\"Die Erdung von Solarkraftwerken, die Herstellung des Potentialausgleichs, die Planung des \u00e4u\u00dferen Blitzschutzsystems sowie die Auswahl von DC-AC Niederspannungs-\u00dcberspannungsableitern sind von gro\u00dfer Bedeutung.\",\"breadcrumb\":{\"@id\":\"https:\\\/\\\/yilkomer.com\\\/de\\\/systemausruestung-zum-blitzschutz-von-solarpanels\\\/#breadcrumb\"},\"inLanguage\":\"de\",\"potentialAction\":[{\"@type\":\"ReadAction\",\"target\":[\"https:\\\/\\\/yilkomer.com\\\/de\\\/systemausruestung-zum-blitzschutz-von-solarpanels\\\/\"]}]},{\"@type\":\"BreadcrumbList\",\"@id\":\"https:\\\/\\\/yilkomer.com\\\/de\\\/systemausruestung-zum-blitzschutz-von-solarpanels\\\/#breadcrumb\",\"itemListElement\":[{\"@type\":\"ListItem\",\"position\":1,\"name\":\"Ana Sayfa\",\"item\":\"https:\\\/\\\/yilkomer.com\\\/de\\\/\"},{\"@type\":\"ListItem\",\"position\":2,\"name\":\"Systemausr\u00fcstung zum Blitzschutz von Solarpanels\"}]},{\"@type\":\"WebSite\",\"@id\":\"https:\\\/\\\/yilkomer.com\\\/de\\\/#website\",\"url\":\"https:\\\/\\\/yilkomer.com\\\/de\\\/\",\"name\":\"Y\u0131lkomer\",\"description\":\"\",\"publisher\":{\"@id\":\"https:\\\/\\\/yilkomer.com\\\/de\\\/#organization\"},\"alternateName\":\"Y\u0131lkomer\",\"potentialAction\":[{\"@type\":\"SearchAction\",\"target\":{\"@type\":\"EntryPoint\",\"urlTemplate\":\"https:\\\/\\\/yilkomer.com\\\/de\\\/?s={search_term_string}\"},\"query-input\":{\"@type\":\"PropertyValueSpecification\",\"valueRequired\":true,\"valueName\":\"search_term_string\"}}],\"inLanguage\":\"de\"},{\"@type\":\"Organization\",\"@id\":\"https:\\\/\\\/yilkomer.com\\\/de\\\/#organization\",\"name\":\"Yilkomer\",\"url\":\"https:\\\/\\\/yilkomer.com\\\/de\\\/\",\"logo\":{\"@type\":\"ImageObject\",\"inLanguage\":\"de\",\"@id\":\"https:\\\/\\\/yilkomer.com\\\/de\\\/#\\\/schema\\\/logo\\\/image\\\/\",\"url\":\"https:\\\/\\\/yilkomer.com\\\/wp-content\\\/uploads\\\/2015\\\/01\\\/logo.png\",\"contentUrl\":\"https:\\\/\\\/yilkomer.com\\\/wp-content\\\/uploads\\\/2015\\\/01\\\/logo.png\",\"width\":1000,\"height\":189,\"caption\":\"Yilkomer\"},\"image\":{\"@id\":\"https:\\\/\\\/yilkomer.com\\\/de\\\/#\\\/schema\\\/logo\\\/image\\\/\"}}]}<\/script>\n<!-- \/ Yoast SEO Premium plugin. -->","yoast_head_json":{"title":"Blitzschutz f\u00fcr Solarpanels","description":"Die Erdung von Solarkraftwerken, die Herstellung des Potentialausgleichs, die Planung des \u00e4u\u00dferen Blitzschutzsystems sowie die Auswahl von DC-AC Niederspannungs-\u00dcberspannungsableitern sind von gro\u00dfer Bedeutung.","robots":{"index":"index","follow":"follow","max-snippet":"max-snippet:-1","max-image-preview":"max-image-preview:large","max-video-preview":"max-video-preview:-1"},"canonical":"https:\/\/yilkomer.com\/de\/systemausruestung-zum-blitzschutz-von-solarpanels\/","og_locale":"de_DE","og_type":"article","og_title":"Systemausr\u00fcstung zum Blitzschutz von Solarpanels","og_url":"https:\/\/yilkomer.com\/de\/systemausruestung-zum-blitzschutz-von-solarpanels\/","og_site_name":"Y\u0131lkomer","article_modified_time":"2026-01-24T16:18:41+00:00","schema":{"@context":"https:\/\/schema.org","@graph":[{"@type":"WebPage","@id":"https:\/\/yilkomer.com\/de\/systemausruestung-zum-blitzschutz-von-solarpanels\/","url":"https:\/\/yilkomer.com\/de\/systemausruestung-zum-blitzschutz-von-solarpanels\/","name":"Blitzschutz f\u00fcr Solarpanels","isPartOf":{"@id":"https:\/\/yilkomer.com\/de\/#website"},"datePublished":"2015-01-01T16:02:57+00:00","dateModified":"2026-01-24T16:18:41+00:00","description":"Die Erdung von Solarkraftwerken, die Herstellung des Potentialausgleichs, die Planung des \u00e4u\u00dferen Blitzschutzsystems sowie die Auswahl von DC-AC Niederspannungs-\u00dcberspannungsableitern sind von gro\u00dfer Bedeutung.","breadcrumb":{"@id":"https:\/\/yilkomer.com\/de\/systemausruestung-zum-blitzschutz-von-solarpanels\/#breadcrumb"},"inLanguage":"de","potentialAction":[{"@type":"ReadAction","target":["https:\/\/yilkomer.com\/de\/systemausruestung-zum-blitzschutz-von-solarpanels\/"]}]},{"@type":"BreadcrumbList","@id":"https:\/\/yilkomer.com\/de\/systemausruestung-zum-blitzschutz-von-solarpanels\/#breadcrumb","itemListElement":[{"@type":"ListItem","position":1,"name":"Ana Sayfa","item":"https:\/\/yilkomer.com\/de\/"},{"@type":"ListItem","position":2,"name":"Systemausr\u00fcstung zum Blitzschutz von Solarpanels"}]},{"@type":"WebSite","@id":"https:\/\/yilkomer.com\/de\/#website","url":"https:\/\/yilkomer.com\/de\/","name":"Y\u0131lkomer","description":"","publisher":{"@id":"https:\/\/yilkomer.com\/de\/#organization"},"alternateName":"Y\u0131lkomer","potentialAction":[{"@type":"SearchAction","target":{"@type":"EntryPoint","urlTemplate":"https:\/\/yilkomer.com\/de\/?s={search_term_string}"},"query-input":{"@type":"PropertyValueSpecification","valueRequired":true,"valueName":"search_term_string"}}],"inLanguage":"de"},{"@type":"Organization","@id":"https:\/\/yilkomer.com\/de\/#organization","name":"Yilkomer","url":"https:\/\/yilkomer.com\/de\/","logo":{"@type":"ImageObject","inLanguage":"de","@id":"https:\/\/yilkomer.com\/de\/#\/schema\/logo\/image\/","url":"https:\/\/yilkomer.com\/wp-content\/uploads\/2015\/01\/logo.png","contentUrl":"https:\/\/yilkomer.com\/wp-content\/uploads\/2015\/01\/logo.png","width":1000,"height":189,"caption":"Yilkomer"},"image":{"@id":"https:\/\/yilkomer.com\/de\/#\/schema\/logo\/image\/"}}]}},"_links":{"self":[{"href":"https:\/\/yilkomer.com\/de\/wp-json\/wp\/v2\/pages\/47583","targetHints":{"allow":["GET"]}}],"collection":[{"href":"https:\/\/yilkomer.com\/de\/wp-json\/wp\/v2\/pages"}],"about":[{"href":"https:\/\/yilkomer.com\/de\/wp-json\/wp\/v2\/types\/page"}],"author":[{"embeddable":true,"href":"https:\/\/yilkomer.com\/de\/wp-json\/wp\/v2\/users\/1"}],"replies":[{"embeddable":true,"href":"https:\/\/yilkomer.com\/de\/wp-json\/wp\/v2\/comments?post=47583"}],"version-history":[{"count":2,"href":"https:\/\/yilkomer.com\/de\/wp-json\/wp\/v2\/pages\/47583\/revisions"}],"predecessor-version":[{"id":47594,"href":"https:\/\/yilkomer.com\/de\/wp-json\/wp\/v2\/pages\/47583\/revisions\/47594"}],"wp:featuredmedia":[{"embeddable":true,"href":"https:\/\/yilkomer.com\/de\/wp-json\/"}],"wp:attachment":[{"href":"https:\/\/yilkomer.com\/de\/wp-json\/wp\/v2\/media?parent=47583"}],"curies":[{"name":"wp","href":"https:\/\/api.w.org\/{rel}","templated":true}]}}